{"id":19,"date":"2021-05-20T15:43:26","date_gmt":"2021-05-20T15:43:26","guid":{"rendered":"http:\/\/otherplace.op-models.com\/?page_id=19"},"modified":"2022-09-09T17:32:26","modified_gmt":"2022-09-09T17:32:26","slug":"inicio","status":"publish","type":"page","link":"https:\/\/otherplace.op-models.com\/es\/inicio\/","title":{"rendered":"Inicio"},"content":{"rendered":"<div data-elementor-type=\"wp-page\" data-elementor-id=\"19\" class=\"elementor elementor-19\">\n\t\t\t\t\t\t<section class=\"elementor-section elementor-top-section elementor-element elementor-element-5fa66fb elementor-section-boxed elementor-section-height-default elementor-section-height-default\" data-id=\"5fa66fb\" data-element_type=\"section\">\n\t\t\t\t\t\t<div class=\"elementor-container elementor-column-gap-default\">\n\t\t\t\t\t<div class=\"elementor-column elementor-col-100 elementor-top-column elementor-element elementor-element-6b48d89\" data-id=\"6b48d89\" data-element_type=\"column\">\n\t\t\t<div class=\"elementor-widget-wrap elementor-element-populated\">\n\t\t\t\t\t\t<div class=\"elementor-element elementor-element-aa43a52 elementor-arrows-position-inside elementor-pagination-position-outside elementor-widget elementor-widget-image-carousel\" data-id=\"aa43a52\" data-element_type=\"widget\" data-settings=\"{&quot;slides_to_show&quot;:&quot;1&quot;,&quot;speed&quot;:200,&quot;autoplay_speed&quot;:3000,&quot;navigation&quot;:&quot;both&quot;,&quot;autoplay&quot;:&quot;yes&quot;,&quot;pause_on_hover&quot;:&quot;yes&quot;,&quot;pause_on_interaction&quot;:&quot;yes&quot;,&quot;infinite&quot;:&quot;yes&quot;,&quot;effect&quot;:&quot;slide&quot;}\" data-widget_type=\"image-carousel.default\">\n\t\t\t\t<div class=\"elementor-widget-container\">\n\t\t\t\t\t<div class=\"elementor-image-carousel-wrapper swiper\" dir=\"ltr\">\n\t\t\t<div class=\"elementor-image-carousel swiper-wrapper\" aria-live=\"off\">\n\t\t\t\t\t\t\t\t<div class=\"swiper-slide\" role=\"group\" aria-roledescription=\"slide\" aria-label=\"1 de 4\"><figure class=\"swiper-slide-inner\"><img decoding=\"async\" class=\"swiper-slide-image\" src=\"https:\/\/otherplace.op-models.com\/wp-content\/uploads\/2022\/09\/banners-web-4-2048x775.jpg\" alt=\"banners web 4\" \/><\/figure><\/div><div class=\"swiper-slide\" role=\"group\" aria-roledescription=\"slide\" aria-label=\"2 de 4\"><figure class=\"swiper-slide-inner\"><img decoding=\"async\" class=\"swiper-slide-image\" src=\"https:\/\/otherplace.op-models.com\/wp-content\/uploads\/2022\/09\/banners-web-5-2048x775.jpg\" alt=\"banners web 5\" \/><\/figure><\/div><div class=\"swiper-slide\" role=\"group\" aria-roledescription=\"slide\" aria-label=\"3 de 4\"><figure class=\"swiper-slide-inner\"><img decoding=\"async\" class=\"swiper-slide-image\" src=\"https:\/\/otherplace.op-models.com\/wp-content\/uploads\/2022\/09\/banners-web-1-2048x775.jpg\" alt=\"banners web 1\" \/><\/figure><\/div><div class=\"swiper-slide\" role=\"group\" aria-roledescription=\"slide\" aria-label=\"4 de 4\"><figure class=\"swiper-slide-inner\"><img decoding=\"async\" class=\"swiper-slide-image\" src=\"https:\/\/otherplace.op-models.com\/wp-content\/uploads\/2022\/09\/banners-web-2-2048x775.jpg\" alt=\"banners web 2\" \/><\/figure><\/div>\t\t\t<\/div>\n\t\t\t\t\t\t\t\t\t\t\t\t<div class=\"elementor-swiper-button elementor-swiper-button-prev\" role=\"button\" tabindex=\"0\">\n\t\t\t\t\t\t<i aria-hidden=\"true\" class=\"eicon-chevron-left\"><\/i>\t\t\t\t\t<\/div>\n\t\t\t\t\t<div class=\"elementor-swiper-button elementor-swiper-button-next\" role=\"button\" tabindex=\"0\">\n\t\t\t\t\t\t<i aria-hidden=\"true\" class=\"eicon-chevron-right\"><\/i>\t\t\t\t\t<\/div>\n\t\t\t\t\n\t\t\t\t\t\t\t\t\t<div class=\"swiper-pagination\"><\/div>\n\t\t\t\t\t\t\t\t\t<\/div>\n\t\t\t\t<\/div>\n\t\t\t\t<\/div>\n\t\t\t\t<section class=\"elementor-section elementor-inner-section elementor-element elementor-element-c80a7ca elementor-section-boxed elementor-section-height-default elementor-section-height-default\" data-id=\"c80a7ca\" data-element_type=\"section\">\n\t\t\t\t\t\t<div class=\"elementor-container elementor-column-gap-default\">\n\t\t\t\t\t<div class=\"elementor-column elementor-col-50 elementor-inner-column elementor-element elementor-element-3714990\" data-id=\"3714990\" data-element_type=\"column\">\n\t\t\t<div class=\"elementor-widget-wrap elementor-element-populated\">\n\t\t\t\t\t\t<div class=\"elementor-element elementor-element-2ea6b46 elementor-widget elementor-widget-image\" data-id=\"2ea6b46\" data-element_type=\"widget\" data-widget_type=\"image.default\">\n\t\t\t\t<div class=\"elementor-widget-container\">\n\t\t\t\t\t\t\t\t\t\t\t\t\t\t<a href=\"https:\/\/otherplace.op-models.com\/es\/core-units\/\">\n\t\t\t\t\t\t\t<img fetchpriority=\"high\" decoding=\"async\" width=\"768\" height=\"1102\" src=\"https:\/\/otherplace.op-models.com\/wp-content\/uploads\/2022\/09\/Myrmi-Davinci-4-768x1102.png\" class=\"attachment-medium_large size-medium_large wp-image-2795\" alt=\"\" srcset=\"https:\/\/otherplace.op-models.com\/wp-content\/uploads\/2022\/09\/Myrmi-Davinci-4-768x1102.png 768w, https:\/\/otherplace.op-models.com\/wp-content\/uploads\/2022\/09\/Myrmi-Davinci-4-209x300.png 209w, https:\/\/otherplace.op-models.com\/wp-content\/uploads\/2022\/09\/Myrmi-Davinci-4-714x1024.png 714w, https:\/\/otherplace.op-models.com\/wp-content\/uploads\/2022\/09\/Myrmi-Davinci-4-1071x1536.png 1071w, https:\/\/otherplace.op-models.com\/wp-content\/uploads\/2022\/09\/Myrmi-Davinci-4-1428x2048.png 1428w, https:\/\/otherplace.op-models.com\/wp-content\/uploads\/2022\/09\/Myrmi-Davinci-4-8x12.png 8w, https:\/\/otherplace.op-models.com\/wp-content\/uploads\/2022\/09\/Myrmi-Davinci-4-600x861.png 600w, https:\/\/otherplace.op-models.com\/wp-content\/uploads\/2022\/09\/Myrmi-Davinci-4.png 1729w\" sizes=\"(max-width: 768px) 100vw, 768px\" \/>\t\t\t\t\t\t\t\t<\/a>\n\t\t\t\t\t\t\t\t\t\t\t\t\t<\/div>\n\t\t\t\t<\/div>\n\t\t\t\t<div class=\"elementor-element elementor-element-0f952d0 elementor-align-center elementor-widget elementor-widget-button\" data-id=\"0f952d0\" data-element_type=\"widget\" data-no-translation=\"\" data-widget_type=\"button.default\">\n\t\t\t\t<div class=\"elementor-widget-container\">\n\t\t\t\t\t<div class=\"elementor-button-wrapper\">\n\t\t\t<a class=\"elementor-button elementor-button-link elementor-size-lg\" href=\"https:\/\/otherplace.op-models.com\/core-units\/\">\n\t\t\t\t\t\t<span class=\"elementor-button-content-wrapper\">\n\t\t\t\t\t\t\t\t\t<span class=\"elementor-button-text\">UNIDADES B\u00c1SICAS<\/span>\n\t\t\t\t\t<\/span>\n\t\t\t\t\t<\/a>\n\t\t<\/div>\n\t\t\t\t<\/div>\n\t\t\t\t<\/div>\n\t\t\t\t<div class=\"elementor-element elementor-element-8bb8d23 elementor-align-center elementor-widget elementor-widget-button\" data-id=\"8bb8d23\" data-element_type=\"widget\" data-no-translation=\"\" data-widget_type=\"button.default\">\n\t\t\t\t<div class=\"elementor-widget-container\">\n\t\t\t<style>.elementor-element-8bb8d23{display:none !important}<\/style>\t\t<\/div>\n\t\t\t\t<\/div>\n\t\t\t\t<div class=\"elementor-element elementor-element-8ea024d elementor-widget elementor-widget-image\" data-id=\"8ea024d\" data-element_type=\"widget\" data-widget_type=\"image.default\">\n\t\t\t\t<div class=\"elementor-widget-container\">\n\t\t\t\t\t\t\t\t\t\t\t\t\t\t<a href=\"https:\/\/otherplace.op-models.com\/es\/characters-2\/\">\n\t\t\t\t\t\t\t<img decoding=\"async\" width=\"768\" height=\"795\" src=\"https:\/\/otherplace.op-models.com\/wp-content\/uploads\/2022\/09\/PSX_20220518_185038-2-768x795.jpg\" class=\"attachment-medium_large size-medium_large wp-image-3044\" alt=\"\" srcset=\"https:\/\/otherplace.op-models.com\/wp-content\/uploads\/2022\/09\/PSX_20220518_185038-2-768x795.jpg 768w, https:\/\/otherplace.op-models.com\/wp-content\/uploads\/2022\/09\/PSX_20220518_185038-2-290x300.jpg 290w, https:\/\/otherplace.op-models.com\/wp-content\/uploads\/2022\/09\/PSX_20220518_185038-2-989x1024.jpg 989w, https:\/\/otherplace.op-models.com\/wp-content\/uploads\/2022\/09\/PSX_20220518_185038-2-1483x1536.jpg 1483w, https:\/\/otherplace.op-models.com\/wp-content\/uploads\/2022\/09\/PSX_20220518_185038-2-1978x2048.jpg 1978w, https:\/\/otherplace.op-models.com\/wp-content\/uploads\/2022\/09\/PSX_20220518_185038-2-12x12.jpg 12w, https:\/\/otherplace.op-models.com\/wp-content\/uploads\/2022\/09\/PSX_20220518_185038-2-600x621.jpg 600w\" sizes=\"(max-width: 768px) 100vw, 768px\" \/>\t\t\t\t\t\t\t\t<\/a>\n\t\t\t\t\t\t\t\t\t\t\t\t\t<\/div>\n\t\t\t\t<\/div>\n\t\t\t\t<div class=\"elementor-element elementor-element-15b126d elementor-align-center elementor-widget elementor-widget-button\" data-id=\"15b126d\" data-element_type=\"widget\" data-no-translation=\"\" data-widget_type=\"button.default\">\n\t\t\t\t<div class=\"elementor-widget-container\">\n\t\t\t<style>.elementor-element-15b126d{display:none !important}<\/style>\t\t<\/div>\n\t\t\t\t<\/div>\n\t\t\t\t<div class=\"elementor-element elementor-element-294a4a0 elementor-align-center elementor-widget elementor-widget-button\" data-id=\"294a4a0\" data-element_type=\"widget\" data-no-translation=\"\" data-widget_type=\"button.default\">\n\t\t\t\t<div class=\"elementor-widget-container\">\n\t\t\t\t\t<div class=\"elementor-button-wrapper\">\n\t\t\t<a class=\"elementor-button elementor-button-link elementor-size-lg\" href=\"https:\/\/otherplace.op-models.com\/characters-2\/\">\n\t\t\t\t\t\t<span class=\"elementor-button-content-wrapper\">\n\t\t\t\t\t\t\t\t\t<span class=\"elementor-button-text\">PERSONAJES<\/span>\n\t\t\t\t\t<\/span>\n\t\t\t\t\t<\/a>\n\t\t<\/div>\n\t\t\t\t<\/div>\n\t\t\t\t<\/div>\n\t\t\t\t\t<\/div>\n\t\t<\/div>\n\t\t\t\t<div class=\"elementor-column elementor-col-50 elementor-inner-column elementor-element elementor-element-9db0b4c\" data-id=\"9db0b4c\" data-element_type=\"column\">\n\t\t\t<div class=\"elementor-widget-wrap elementor-element-populated\">\n\t\t\t\t\t\t<div class=\"elementor-element elementor-element-9c89118 elementor-widget elementor-widget-image\" data-id=\"9c89118\" data-element_type=\"widget\" data-widget_type=\"image.default\">\n\t\t\t\t<div class=\"elementor-widget-container\">\n\t\t\t\t\t\t\t\t\t\t\t\t\t\t<a href=\"https:\/\/otherplace.op-models.com\/es\/special-units\/\">\n\t\t\t\t\t\t\t<img decoding=\"async\" width=\"680\" height=\"512\" src=\"https:\/\/otherplace.op-models.com\/wp-content\/uploads\/2022\/09\/hoarder3.jpg\" class=\"attachment-2048x2048 size-2048x2048 wp-image-2830\" alt=\"\" srcset=\"https:\/\/otherplace.op-models.com\/wp-content\/uploads\/2022\/09\/hoarder3.jpg 680w, https:\/\/otherplace.op-models.com\/wp-content\/uploads\/2022\/09\/hoarder3-300x226.jpg 300w, https:\/\/otherplace.op-models.com\/wp-content\/uploads\/2022\/09\/hoarder3-16x12.jpg 16w, https:\/\/otherplace.op-models.com\/wp-content\/uploads\/2022\/09\/hoarder3-600x452.jpg 600w\" sizes=\"(max-width: 680px) 100vw, 680px\" \/>\t\t\t\t\t\t\t\t<\/a>\n\t\t\t\t\t\t\t\t\t\t\t\t\t<\/div>\n\t\t\t\t<\/div>\n\t\t\t\t<div class=\"elementor-element elementor-element-848e496 elementor-align-center elementor-widget elementor-widget-button\" data-id=\"848e496\" data-element_type=\"widget\" data-no-translation=\"\" data-widget_type=\"button.default\">\n\t\t\t\t<div class=\"elementor-widget-container\">\n\t\t\t<style>.elementor-element-848e496{display:none !important}<\/style>\t\t<\/div>\n\t\t\t\t<\/div>\n\t\t\t\t<div class=\"elementor-element elementor-element-e14a773 elementor-align-center elementor-widget elementor-widget-button\" data-id=\"e14a773\" data-element_type=\"widget\" data-no-translation=\"\" data-widget_type=\"button.default\">\n\t\t\t\t<div class=\"elementor-widget-container\">\n\t\t\t\t\t<div class=\"elementor-button-wrapper\">\n\t\t\t<a class=\"elementor-button elementor-button-link elementor-size-lg\" href=\"https:\/\/otherplace.op-models.com\/special-units\/\">\n\t\t\t\t\t\t<span class=\"elementor-button-content-wrapper\">\n\t\t\t\t\t\t\t\t\t<span class=\"elementor-button-text\">UNIDADES ESPECIALES<\/span>\n\t\t\t\t\t<\/span>\n\t\t\t\t\t<\/a>\n\t\t<\/div>\n\t\t\t\t<\/div>\n\t\t\t\t<\/div>\n\t\t\t\t<div class=\"elementor-element elementor-element-0ad96d1 elementor-widget elementor-widget-image\" data-id=\"0ad96d1\" data-element_type=\"widget\" data-widget_type=\"image.default\">\n\t\t\t\t<div class=\"elementor-widget-container\">\n\t\t\t\t\t\t\t\t\t\t\t\t\t\t<a href=\"https:\/\/otherplace.op-models.com\/es\/misc\/\">\n\t\t\t\t\t\t\t<img loading=\"lazy\" decoding=\"async\" width=\"1280\" height=\"675\" src=\"https:\/\/otherplace.op-models.com\/wp-content\/uploads\/2022\/09\/BustMyrmi2.jpg\" class=\"attachment-2048x2048 size-2048x2048 wp-image-2770\" alt=\"\" srcset=\"https:\/\/otherplace.op-models.com\/wp-content\/uploads\/2022\/09\/BustMyrmi2.jpg 1280w, https:\/\/otherplace.op-models.com\/wp-content\/uploads\/2022\/09\/BustMyrmi2-300x158.jpg 300w, https:\/\/otherplace.op-models.com\/wp-content\/uploads\/2022\/09\/BustMyrmi2-1024x540.jpg 1024w, https:\/\/otherplace.op-models.com\/wp-content\/uploads\/2022\/09\/BustMyrmi2-768x405.jpg 768w, https:\/\/otherplace.op-models.com\/wp-content\/uploads\/2022\/09\/BustMyrmi2-18x9.jpg 18w, https:\/\/otherplace.op-models.com\/wp-content\/uploads\/2022\/09\/BustMyrmi2-600x316.jpg 600w, https:\/\/otherplace.op-models.com\/wp-content\/uploads\/2022\/09\/BustMyrmi2-102x54.jpg 102w\" sizes=\"(max-width: 1280px) 100vw, 1280px\" \/>\t\t\t\t\t\t\t\t<\/a>\n\t\t\t\t\t\t\t\t\t\t\t\t\t<\/div>\n\t\t\t\t<\/div>\n\t\t\t\t<div class=\"elementor-element elementor-element-245ddbc elementor-align-center elementor-widget elementor-widget-button\" data-id=\"245ddbc\" data-element_type=\"widget\" data-no-translation=\"\" data-widget_type=\"button.default\">\n\t\t\t\t<div class=\"elementor-widget-container\">\n\t\t\t<style>.elementor-element-245ddbc{display:none !important}<\/style>\t\t<\/div>\n\t\t\t\t<\/div>\n\t\t\t\t<div class=\"elementor-element elementor-element-0545d48 elementor-align-center elementor-widget elementor-widget-button\" data-id=\"0545d48\" data-element_type=\"widget\" data-no-translation=\"\" data-widget_type=\"button.default\">\n\t\t\t\t<div class=\"elementor-widget-container\">\n\t\t\t\t\t<div class=\"elementor-button-wrapper\">\n\t\t\t<a class=\"elementor-button elementor-button-link elementor-size-lg\" href=\"https:\/\/otherplace.op-models.com\/misc\/\">\n\t\t\t\t\t\t<span class=\"elementor-button-content-wrapper\">\n\t\t\t\t\t\t\t\t\t<span class=\"elementor-button-text\">MISCEL\u00c1NEA<\/span>\n\t\t\t\t\t<\/span>\n\t\t\t\t\t<\/a>\n\t\t<\/div>\n\t\t\t\t<\/div>\n\t\t\t\t<\/div>\n\t\t\t\t\t<\/div>\n\t\t<\/div>\n\t\t\t\t\t<\/div>\n\t\t<\/section>\n\t\t\t\t<section class=\"elementor-section elementor-inner-section elementor-element elementor-element-b971705 elementor-section-boxed elementor-section-height-default elementor-section-height-default\" data-id=\"b971705\" data-element_type=\"section\">\n\t\t\t\t\t\t<div class=\"elementor-container elementor-column-gap-default\">\n\t\t\t\t\t<div class=\"elementor-column elementor-col-100 elementor-inner-column elementor-element elementor-element-0f63d90\" data-id=\"0f63d90\" data-element_type=\"column\">\n\t\t\t<div class=\"elementor-widget-wrap elementor-element-populated\">\n\t\t\t\t\t\t<div class=\"elementor-element elementor-element-ccd21c6 elementor-widget elementor-widget-image\" data-id=\"ccd21c6\" data-element_type=\"widget\" data-widget_type=\"image.default\">\n\t\t\t\t<div class=\"elementor-widget-container\">\n\t\t\t\t\t\t\t\t\t\t\t\t\t\t<a href=\"https:\/\/otherplace.op-models.com\/es\/producto\/daemonic-awakening-pack\/\">\n\t\t\t\t\t\t\t<img loading=\"lazy\" decoding=\"async\" width=\"300\" height=\"257\" src=\"https:\/\/otherplace.op-models.com\/wp-content\/uploads\/2022\/09\/FLYERS-2-y-3_MODIF-300x257.jpg\" class=\"attachment-medium size-medium wp-image-2855\" alt=\"\" srcset=\"https:\/\/otherplace.op-models.com\/wp-content\/uploads\/2022\/09\/FLYERS-2-y-3_MODIF-300x257.jpg 300w, https:\/\/otherplace.op-models.com\/wp-content\/uploads\/2022\/09\/FLYERS-2-y-3_MODIF-1024x876.jpg 1024w, https:\/\/otherplace.op-models.com\/wp-content\/uploads\/2022\/09\/FLYERS-2-y-3_MODIF-768x657.jpg 768w, https:\/\/otherplace.op-models.com\/wp-content\/uploads\/2022\/09\/FLYERS-2-y-3_MODIF-14x12.jpg 14w, https:\/\/otherplace.op-models.com\/wp-content\/uploads\/2022\/09\/FLYERS-2-y-3_MODIF-600x513.jpg 600w, https:\/\/otherplace.op-models.com\/wp-content\/uploads\/2022\/09\/FLYERS-2-y-3_MODIF.jpg 1121w\" sizes=\"(max-width: 300px) 100vw, 300px\" \/>\t\t\t\t\t\t\t\t<\/a>\n\t\t\t\t\t\t\t\t\t\t\t\t\t<\/div>\n\t\t\t\t<\/div>\n\t\t\t\t<div class=\"elementor-element elementor-element-fa5d3cc elementor-align-center elementor-widget elementor-widget-button\" data-id=\"fa5d3cc\" data-element_type=\"widget\" data-no-translation=\"\" data-widget_type=\"button.default\">\n\t\t\t\t<div class=\"elementor-widget-container\">\n\t\t\t<style>.elementor-element-fa5d3cc{display:none !important}<\/style>\t\t<\/div>\n\t\t\t\t<\/div>\n\t\t\t\t<div class=\"elementor-element elementor-element-cb8841f elementor-align-center elementor-widget elementor-widget-button\" data-id=\"cb8841f\" data-element_type=\"widget\" data-no-translation=\"\" data-widget_type=\"button.default\">\n\t\t\t\t<div class=\"elementor-widget-container\">\n\t\t\t\t\t<div class=\"elementor-button-wrapper\">\n\t\t\t<a class=\"elementor-button elementor-button-link elementor-size-lg\" href=\"https:\/\/otherplace.op-models.com\/producto\/daemonic-awakening-pack\/\">\n\t\t\t\t\t\t<span class=\"elementor-button-content-wrapper\">\n\t\t\t\t\t\t\t\t\t<span class=\"elementor-button-text\">PACKS DE DESCUENTO<\/span>\n\t\t\t\t\t<\/span>\n\t\t\t\t\t<\/a>\n\t\t<\/div>\n\t\t\t\t<\/div>\n\t\t\t\t<\/div>\n\t\t\t\t\t<\/div>\n\t\t<\/div>\n\t\t\t\t\t<\/div>\n\t\t<\/section>\n\t\t\t\t\t<\/div>\n\t\t<\/div>\n\t\t\t\t\t<\/div>\n\t\t<\/section>\n\t\t\t\t<section class=\"elementor-section elementor-top-section elementor-element elementor-element-54ecf297 elementor-section-content-middle elementor-section-boxed elementor-section-height-default elementor-section-height-default\" data-id=\"54ecf297\" data-element_type=\"section\">\n\t\t\t\t\t\t\t<div class=\"elementor-background-overlay\"><\/div>\n\t\t\t\t\t\t\t<div class=\"elementor-container elementor-column-gap-no\">\n\t\t\t\t\t<div class=\"elementor-column elementor-col-100 elementor-top-column elementor-element elementor-element-c8c855e\" data-id=\"c8c855e\" data-element_type=\"column\">\n\t\t\t<div class=\"elementor-widget-wrap elementor-element-populated\">\n\t\t\t\t\t\t<div class=\"elementor-element elementor-element-bd07e50 elementor-widget elementor-widget-heading\" data-id=\"bd07e50\" data-element_type=\"widget\" data-no-translation=\"\" data-widget_type=\"heading.default\">\n\t\t\t\t<div class=\"elementor-widget-container\">\n\t\t\t<h1 class=\"elementor-heading-title elementor-size-default\">CAMPA\u00d1AS KICKSTARTER<\/h1>\t\t<\/div>\n\t\t\t\t<\/div>\n\t\t\t\t<div class=\"elementor-element elementor-element-b97b61b elementor-widget elementor-widget-heading\" data-id=\"b97b61b\" data-element_type=\"widget\" data-no-translation=\"\" data-widget_type=\"heading.default\">\n\t\t\t\t<div class=\"elementor-widget-container\">\n\t\t\t<style>.elementor-element-b97b61b{display:none !important}<\/style>\t\t<\/div>\n\t\t\t\t<\/div>\n\t\t\t\t<div class=\"elementor-element elementor-element-508dea6c elementor-widget elementor-widget-video\" data-id=\"508dea6c\" data-element_type=\"widget\" data-settings=\"{&quot;video_type&quot;:&quot;hosted&quot;,&quot;start&quot;:3,&quot;controls&quot;:&quot;yes&quot;}\" data-widget_type=\"video.default\">\n\t\t\t\t<div class=\"elementor-widget-container\">\n\t\t\t\t\t<div class=\"e-hosted-video elementor-wrapper elementor-open-inline\">\n\t\t\t\t\t<video class=\"elementor-video\" src=\"https:\/\/otherplace.op-models.com\/wp-content\/uploads\/2022\/08\/proyecto-video-op-1.mp4#t=3\" controls=\"\" preload=\"metadata\" controlslist=\"nodownload\"><\/video>\n\t\t\t\t<\/div>\n\t\t\t\t<\/div>\n\t\t\t\t<\/div>\n\t\t\t\t<div class=\"elementor-element elementor-element-2de7432 elementor-widget elementor-widget-video\" data-id=\"2de7432\" data-element_type=\"widget\" data-settings=\"{&quot;youtube_url&quot;:&quot;https:\\\/\\\/youtu.be\\\/5AlPw5jYzjE&quot;,&quot;video_type&quot;:&quot;youtube&quot;,&quot;controls&quot;:&quot;yes&quot;}\" data-widget_type=\"video.default\">\n\t\t\t\t<div class=\"elementor-widget-container\">\n\t\t\t\t\t<div class=\"elementor-wrapper elementor-open-inline\">\n\t\t\t<div class=\"elementor-video\"><\/div>\t\t<\/div>\n\t\t\t\t<\/div>\n\t\t\t\t<\/div>\n\t\t\t\t\t<\/div>\n\t\t<\/div>\n\t\t\t\t\t<\/div>\n\t\t<\/section>\n\t\t\t\t<section class=\"elementor-section elementor-top-section elementor-element elementor-element-7d5f7a1 elementor-section-boxed elementor-section-height-default elementor-section-height-default\" data-id=\"7d5f7a1\" data-element_type=\"section\">\n\t\t\t\t\t\t<div class=\"elementor-container elementor-column-gap-default\">\n\t\t\t\t\t<div class=\"elementor-column elementor-col-100 elementor-top-column elementor-element elementor-element-1f1679a\" data-id=\"1f1679a\" data-element_type=\"column\">\n\t\t\t<div class=\"elementor-widget-wrap elementor-element-populated\">\n\t\t\t\t\t\t<div class=\"elementor-element elementor-element-54dfb0e elementor-widget elementor-widget-heading\" data-id=\"54dfb0e\" data-element_type=\"widget\" data-widget_type=\"heading.default\">\n\t\t\t\t<div class=\"elementor-widget-container\">\n\t\t\t<h2 class=\"elementor-heading-title elementor-size-default\"><h4 class=\"elementor-heading-title elementor-size-default\" style=\"font-family: var( --e-global-typography-primary-font-family ), Sans-serif; font-weight: 300; color: rgb(0, 206, 27); font-size: 23px; text-align: center; white-space: normal;\">otherplace@op-models.com<\/h4><\/h2>\t\t<\/div>\n\t\t\t\t<\/div>\n\t\t\t\t<div class=\"elementor-element elementor-element-93f493e elementor-shape-rounded elementor-grid-0 e-grid-align-center elementor-widget elementor-widget-social-icons\" data-id=\"93f493e\" data-element_type=\"widget\" data-widget_type=\"social-icons.default\">\n\t\t\t\t<div class=\"elementor-widget-container\">\n\t\t\t\t\t<div class=\"elementor-social-icons-wrapper elementor-grid\">\n\t\t\t\t\t\t\t<span class=\"elementor-grid-item\">\n\t\t\t\t\t<a class=\"elementor-icon elementor-social-icon elementor-social-icon-facebook elementor-repeater-item-46e67d9\" href=\"https:\/\/www.facebook.com\/otherplace.opmodels\/\" target=\"_blank\">\n\t\t\t\t\t\t<span class=\"elementor-screen-only\">Facebook<\/span>\n\t\t\t\t\t\t<i class=\"fab fa-facebook\"><\/i>\t\t\t\t\t<\/a>\n\t\t\t\t<\/span>\n\t\t\t\t\t\t\t<span class=\"elementor-grid-item\">\n\t\t\t\t\t<a class=\"elementor-icon elementor-social-icon elementor-social-icon-twitter elementor-repeater-item-f371004\" href=\"https:\/\/twitter.com\/OP_Models\" target=\"_blank\">\n\t\t\t\t\t\t<span class=\"elementor-screen-only\">Twitter<\/span>\n\t\t\t\t\t\t<i class=\"fab fa-twitter\"><\/i>\t\t\t\t\t<\/a>\n\t\t\t\t<\/span>\n\t\t\t\t\t\t\t<span class=\"elementor-grid-item\">\n\t\t\t\t\t<a class=\"elementor-icon elementor-social-icon elementor-social-icon-kickstarter-k elementor-repeater-item-439259e\" href=\"https:\/\/www.kickstarter.com\/profile\/op-models\" target=\"_blank\">\n\t\t\t\t\t\t<span class=\"elementor-screen-only\">Kickstarter-k<\/span>\n\t\t\t\t\t\t<i class=\"fab fa-kickstarter-k\"><\/i>\t\t\t\t\t<\/a>\n\t\t\t\t<\/span>\n\t\t\t\t\t\t\t<span class=\"elementor-grid-item\">\n\t\t\t\t\t<a class=\"elementor-icon elementor-social-icon elementor-social-icon-instagram elementor-repeater-item-dbefbb1\" href=\"https:\/\/www.instagram.com\/other_place_models\/\" target=\"_blank\">\n\t\t\t\t\t\t<span class=\"elementor-screen-only\">Instagram<\/span>\n\t\t\t\t\t\t<i class=\"fab fa-instagram\"><\/i>\t\t\t\t\t<\/a>\n\t\t\t\t<\/span>\n\t\t\t\t\t<\/div>\n\t\t\t\t<\/div>\n\t\t\t\t<\/div>\n\t\t\t\t\t<\/div>\n\t\t<\/div>\n\t\t\t\t\t<\/div>\n\t\t<\/section>\n\t\t\t\t<\/div>","protected":false},"excerpt":{"rendered":"<p>Anterior Siguiente UNIDADES B\u00c1SICAS PERSONAJES UNIDADES ESPECIALES MISCEL\u00c1NEA PACKS DE DESCUENTO CAMPA\u00d1AS KICKSTARTER https:\/\/otherplace.op-models.com\/wp-content\/uploads\/2022\/08\/proyecto-video-op-1.mp4#t=3https:\/\/youtu.be\/5AlPw5jYzjE otherplace@op-models.com Facebook Twitter Kickstarter-k Instagram<\/p>","protected":false},"author":1,"featured_media":0,"parent":0,"menu_order":0,"comment_status":"closed","ping_status":"closed","template":"","meta":{"footnotes":""},"_links":{"self":[{"href":"https:\/\/otherplace.op-models.com\/es\/wp-json\/wp\/v2\/pages\/19"}],"collection":[{"href":"https:\/\/otherplace.op-models.com\/es\/wp-json\/wp\/v2\/pages"}],"about":[{"href":"https:\/\/otherplace.op-models.com\/es\/wp-json\/wp\/v2\/types\/page"}],"author":[{"embeddable":true,"href":"https:\/\/otherplace.op-models.com\/es\/wp-json\/wp\/v2\/users\/1"}],"replies":[{"embeddable":true,"href":"https:\/\/otherplace.op-models.com\/es\/wp-json\/wp\/v2\/comments?post=19"}],"version-history":[{"count":885,"href":"https:\/\/otherplace.op-models.com\/es\/wp-json\/wp\/v2\/pages\/19\/revisions"}],"predecessor-version":[{"id":3695,"href":"https:\/\/otherplace.op-models.com\/es\/wp-json\/wp\/v2\/pages\/19\/revisions\/3695"}],"wp:attachment":[{"href":"https:\/\/otherplace.op-models.com\/es\/wp-json\/wp\/v2\/media?parent=19"}],"curies":[{"name":"wp","href":"https:\/\/api.w.org\/{rel}","templated":true}]}}