{"id":2036,"date":"2022-02-11T18:34:44","date_gmt":"2022-02-11T18:34:44","guid":{"rendered":"https:\/\/otherplace.op-models.com\/?page_id=2036"},"modified":"2022-09-09T15:02:13","modified_gmt":"2022-09-09T15:02:13","slug":"filler-myrmidons","status":"publish","type":"page","link":"https:\/\/otherplace.op-models.com\/es\/filler-myrmidons\/","title":{"rendered":"Rellenador Mirmidones"},"content":{"rendered":"<div data-elementor-type=\"wp-page\" data-elementor-id=\"2036\" class=\"elementor elementor-2036\">\n\t\t\t\t\t\t<section class=\"elementor-section elementor-top-section elementor-element elementor-element-71e7ce09 elementor-section-boxed elementor-section-height-default elementor-section-height-default\" data-id=\"71e7ce09\" data-element_type=\"section\">\n\t\t\t\t\t\t<div class=\"elementor-container elementor-column-gap-default\">\n\t\t\t\t\t<div class=\"elementor-column elementor-col-100 elementor-top-column elementor-element elementor-element-54483b9d\" data-id=\"54483b9d\" data-element_type=\"column\">\n\t\t\t<div class=\"elementor-widget-wrap elementor-element-populated\">\n\t\t\t\t\t\t<div class=\"elementor-element elementor-element-3e6e69b8 elementor-widget elementor-widget-heading\" data-id=\"3e6e69b8\" data-element_type=\"widget\" data-no-translation=\"\" data-widget_type=\"heading.default\">\n\t\t\t\t<div class=\"elementor-widget-container\">\n\t\t\t<style>.elementor-element-3e6e69b8{display:none !important}<\/style>\t\t<\/div>\n\t\t\t\t<\/div>\n\t\t\t\t<div class=\"elementor-element elementor-element-5469300c elementor-widget elementor-widget-heading\" data-id=\"5469300c\" data-element_type=\"widget\" data-no-translation=\"\" data-widget_type=\"heading.default\">\n\t\t\t\t<div class=\"elementor-widget-container\">\n\t\t\t<h2 class=\"elementor-heading-title elementor-size-default\">Rellenador Mirmidones<\/h2>\t\t<\/div>\n\t\t\t\t<\/div>\n\t\t\t\t<div class=\"elementor-element elementor-element-2388a1d7 elementor-arrows-position-inside elementor-pagination-position-outside elementor-widget elementor-widget-image-carousel\" data-id=\"2388a1d7\" data-element_type=\"widget\" data-settings=\"{&quot;speed&quot;:300,&quot;slides_to_show&quot;:&quot;2&quot;,&quot;navigation&quot;:&quot;both&quot;,&quot;autoplay&quot;:&quot;yes&quot;,&quot;pause_on_hover&quot;:&quot;yes&quot;,&quot;pause_on_interaction&quot;:&quot;yes&quot;,&quot;autoplay_speed&quot;:5000,&quot;infinite&quot;:&quot;yes&quot;}\" data-widget_type=\"image-carousel.default\">\n\t\t\t\t<div class=\"elementor-widget-container\">\n\t\t\t\t\t<div class=\"elementor-image-carousel-wrapper swiper\" dir=\"ltr\">\n\t\t\t<div class=\"elementor-image-carousel swiper-wrapper\" aria-live=\"off\">\n\t\t\t\t\t\t\t\t<div class=\"swiper-slide\" role=\"group\" aria-roledescription=\"slide\" aria-label=\"1 de 2\"><a data-elementor-open-lightbox=\"yes\" data-elementor-lightbox-slideshow=\"2388a1d7\" data-elementor-lightbox-title=\"Portal2MyrmiRed\" data-e-action-hash=\"#elementor-action%3Aaction%3Dlightbox%26settings%3DeyJpZCI6OTI3LCJ1cmwiOiJodHRwczpcL1wvb3RoZXJwbGFjZS5vcC1tb2RlbHMuY29tXC93cC1jb250ZW50XC91cGxvYWRzXC8yMDIyXC8wMVwvUG9ydGFsMk15cm1pUmVkLmpwZyIsInNsaWRlc2hvdyI6IjIzODhhMWQ3In0%3D\" href=\"https:\/\/otherplace.op-models.com\/wp-content\/uploads\/2022\/01\/Portal2MyrmiRed.jpg\"><figure class=\"swiper-slide-inner\"><img decoding=\"async\" class=\"swiper-slide-image\" src=\"https:\/\/otherplace.op-models.com\/wp-content\/uploads\/2022\/01\/Portal2MyrmiRed-300x300.jpg\" alt=\"Portal2MyrmiRed\" \/><\/figure><\/a><\/div><div class=\"swiper-slide\" role=\"group\" aria-roledescription=\"slide\" aria-label=\"2 de 2\"><a data-elementor-open-lightbox=\"yes\" data-elementor-lightbox-slideshow=\"2388a1d7\" data-elementor-lightbox-title=\"Portal1MyrmiRed\" data-e-action-hash=\"#elementor-action%3Aaction%3Dlightbox%26settings%3DeyJpZCI6OTI2LCJ1cmwiOiJodHRwczpcL1wvb3RoZXJwbGFjZS5vcC1tb2RlbHMuY29tXC93cC1jb250ZW50XC91cGxvYWRzXC8yMDIyXC8wMVwvUG9ydGFsMU15cm1pUmVkLmpwZyIsInNsaWRlc2hvdyI6IjIzODhhMWQ3In0%3D\" href=\"https:\/\/otherplace.op-models.com\/wp-content\/uploads\/2022\/01\/Portal1MyrmiRed.jpg\"><figure class=\"swiper-slide-inner\"><img decoding=\"async\" class=\"swiper-slide-image\" src=\"https:\/\/otherplace.op-models.com\/wp-content\/uploads\/2022\/01\/Portal1MyrmiRed-300x300.jpg\" alt=\"Portal1MyrmiRed\" \/><\/figure><\/a><\/div>\t\t\t<\/div>\n\t\t\t\t\t\t\t\t\t\t\t\t<div class=\"elementor-swiper-button elementor-swiper-button-prev\" role=\"button\" tabindex=\"0\">\n\t\t\t\t\t\t<i aria-hidden=\"true\" class=\"eicon-chevron-left\"><\/i>\t\t\t\t\t<\/div>\n\t\t\t\t\t<div class=\"elementor-swiper-button elementor-swiper-button-next\" role=\"button\" tabindex=\"0\">\n\t\t\t\t\t\t<i aria-hidden=\"true\" class=\"eicon-chevron-right\"><\/i>\t\t\t\t\t<\/div>\n\t\t\t\t\n\t\t\t\t\t\t\t\t\t<div class=\"swiper-pagination\"><\/div>\n\t\t\t\t\t\t\t\t\t<\/div>\n\t\t\t\t<\/div>\n\t\t\t\t<\/div>\n\t\t\t\t<div class=\"elementor-element elementor-element-5291e815 elementor-widget elementor-widget-text-editor\" data-id=\"5291e815\" data-element_type=\"widget\" data-widget_type=\"text-editor.default\">\n\t\t\t\t<div class=\"elementor-widget-container\">\n\t\t\t\t\t\t\t<h2 style=\"text-align: center;\">Click en la imagen para agrandar<\/h2>\t\t\t\t\t\t<\/div>\n\t\t\t\t<\/div>\n\t\t\t\t<div class=\"elementor-element elementor-element-59f31e0b elementor-align-center elementor-widget elementor-widget-button\" data-id=\"59f31e0b\" data-element_type=\"widget\" data-no-translation=\"\" data-widget_type=\"button.default\">\n\t\t\t\t<div class=\"elementor-widget-container\">\n\t\t\t\t\t<div class=\"elementor-button-wrapper\">\n\t\t\t<a class=\"elementor-button elementor-button-link elementor-size-sm\" href=\"https:\/\/otherplace.op-models.com\/producto\/myrmidons-units-filler\/\">\n\t\t\t\t\t\t<span class=\"elementor-button-content-wrapper\">\n\t\t\t\t\t\t\t\t\t<span class=\"elementor-button-text\">Ir a la Tienda<\/span>\n\t\t\t\t\t<\/span>\n\t\t\t\t\t<\/a>\n\t\t<\/div>\n\t\t\t\t<\/div>\n\t\t\t\t<\/div>\n\t\t\t\t<div class=\"elementor-element elementor-element-14825cea elementor-align-center elementor-widget elementor-widget-button\" data-id=\"14825cea\" data-element_type=\"widget\" data-no-translation=\"\" data-widget_type=\"button.default\">\n\t\t\t\t<div class=\"elementor-widget-container\">\n\t\t\t<style>.elementor-element-14825cea{display:none !important}<\/style>\t\t<\/div>\n\t\t\t\t<\/div>\n\t\t\t\t<div class=\"elementor-element elementor-element-5fa47b2a elementor-widget elementor-widget-text-editor\" data-id=\"5fa47b2a\" data-element_type=\"widget\" data-no-translation=\"\" data-widget_type=\"text-editor.default\">\n\t\t\t\t<div class=\"elementor-widget-container\">\n\t\t\t<style>.elementor-element-5fa47b2a{display:none !important}<\/style>\t\t<\/div>\n\t\t\t\t<\/div>\n\t\t\t\t<div class=\"elementor-element elementor-element-2d1cf48e elementor-widget elementor-widget-text-editor\" data-id=\"2d1cf48e\" data-element_type=\"widget\" data-no-translation=\"\" data-widget_type=\"text-editor.default\">\n\t\t\t\t<div class=\"elementor-widget-container\">\n\t\t\t\t\t\t\t<p style=\"font-weight: 400;\"><em>Si vas a organizar una unidad especialmente numerosa de Mirmidones, quiz\u00e1s quieras sustituir unos cuantos por este magn\u00edfico modelo. El Rellenador de Mirmidones te permitir\u00e1 a\u00f1adir el equivalente a 6 miniaturas de tropa de una sola vez, y adem\u00e1s es un complemento est\u00e9tico que le dar\u00e1 a tu ej\u00e9rcito un toque extra de personalidad.<\/em><\/p><p>Este producto incluye s\u00f3lo archivos digitales para su impresi\u00f3n en una impresora 3D adecuada. No recibir\u00e1s miniaturas reales.<\/p><p>Incluye dos modelos distintos de rellenador de Mirmidones.<\/p><p>Recomendamos peana de 75&#215;50 mm.<\/p><p>Una vez formalizada la compra, dispondr\u00e1s de 24 horas para realizar la descarga.<\/p>\t\t\t\t\t\t<\/div>\n\t\t\t\t<\/div>\n\t\t\t\t<div class=\"elementor-element elementor-element-6c78ce75 elementor-widget elementor-widget-heading\" data-id=\"6c78ce75\" data-element_type=\"widget\" data-no-translation=\"\" data-widget_type=\"heading.default\">\n\t\t\t\t<div class=\"elementor-widget-container\">\n\t\t\t<h2 class=\"elementor-heading-title elementor-size-default\">PRODUCTOS RELACIONADOS<\/h2>\t\t<\/div>\n\t\t\t\t<\/div>\n\t\t\t\t<div class=\"elementor-element elementor-element-64e70981 elementor-widget elementor-widget-heading\" data-id=\"64e70981\" data-element_type=\"widget\" data-no-translation=\"\" data-widget_type=\"heading.default\">\n\t\t\t\t<div class=\"elementor-widget-container\">\n\t\t\t<style>.elementor-element-64e70981{display:none !important}<\/style>\t\t<\/div>\n\t\t\t\t<\/div>\n\t\t\t\t\t<\/div>\n\t\t<\/div>\n\t\t\t\t\t<\/div>\n\t\t<\/section>\n\t\t\t\t<section class=\"elementor-section elementor-top-section elementor-element elementor-element-4f8dab69 elementor-section-boxed elementor-section-height-default elementor-section-height-default\" data-id=\"4f8dab69\" data-element_type=\"section\">\n\t\t\t\t\t\t<div class=\"elementor-container elementor-column-gap-no\">\n\t\t\t\t\t<div class=\"elementor-column elementor-col-33 elementor-top-column elementor-element elementor-element-2337187f\" data-id=\"2337187f\" data-element_type=\"column\">\n\t\t\t<div class=\"elementor-widget-wrap elementor-element-populated\">\n\t\t\t\t\t\t<div class=\"elementor-element elementor-element-7ec33792 elementor-widget elementor-widget-image\" data-id=\"7ec33792\" data-element_type=\"widget\" data-widget_type=\"image.default\">\n\t\t\t\t<div class=\"elementor-widget-container\">\n\t\t\t\t\t\t\t\t\t\t\t\t\t\t<a href=\"https:\/\/otherplace.op-models.com\/es\/filler-lemurs\/\">\n\t\t\t\t\t\t\t<img decoding=\"async\" width=\"150\" height=\"150\" src=\"https:\/\/otherplace.op-models.com\/wp-content\/uploads\/2022\/01\/Portal1LemurRed-150x150.jpg\" class=\"attachment-thumbnail size-thumbnail wp-image-924\" alt=\"\" srcset=\"https:\/\/otherplace.op-models.com\/wp-content\/uploads\/2022\/01\/Portal1LemurRed-150x150.jpg 150w, https:\/\/otherplace.op-models.com\/wp-content\/uploads\/2022\/01\/Portal1LemurRed-300x300.jpg 300w, https:\/\/otherplace.op-models.com\/wp-content\/uploads\/2022\/01\/Portal1LemurRed-768x768.jpg 768w, https:\/\/otherplace.op-models.com\/wp-content\/uploads\/2022\/01\/Portal1LemurRed-12x12.jpg 12w, https:\/\/otherplace.op-models.com\/wp-content\/uploads\/2022\/01\/Portal1LemurRed-600x600.jpg 600w, https:\/\/otherplace.op-models.com\/wp-content\/uploads\/2022\/01\/Portal1LemurRed-100x100.jpg 100w, https:\/\/otherplace.op-models.com\/wp-content\/uploads\/2022\/01\/Portal1LemurRed-400x400.jpg 400w, https:\/\/otherplace.op-models.com\/wp-content\/uploads\/2022\/01\/Portal1LemurRed.jpg 852w\" sizes=\"(max-width: 150px) 100vw, 150px\" \/>\t\t\t\t\t\t\t\t<\/a>\n\t\t\t\t\t\t\t\t\t\t\t\t\t<\/div>\n\t\t\t\t<\/div>\n\t\t\t\t<div class=\"elementor-element elementor-element-5cd8eacd elementor-widget elementor-widget-heading\" data-id=\"5cd8eacd\" data-element_type=\"widget\" data-no-translation=\"\" data-widget_type=\"heading.default\">\n\t\t\t\t<div class=\"elementor-widget-container\">\n\t\t\t<h2 class=\"elementor-heading-title elementor-size-default\"><a href=\"https:\/\/otherplace.op-models.com\/filler-lemurs\/\">Rellenador Lemures<\/a><\/h2>\t\t<\/div>\n\t\t\t\t<\/div>\n\t\t\t\t<div class=\"elementor-element elementor-element-60816b8a elementor-widget elementor-widget-heading\" data-id=\"60816b8a\" data-element_type=\"widget\" data-no-translation=\"\" data-widget_type=\"heading.default\">\n\t\t\t\t<div class=\"elementor-widget-container\">\n\t\t\t<style>.elementor-element-60816b8a{display:none !important}<\/style>\t\t<\/div>\n\t\t\t\t<\/div>\n\t\t\t\t<div class=\"elementor-element elementor-element-75fe033a elementor-widget elementor-widget-heading\" data-id=\"75fe033a\" data-element_type=\"widget\" data-widget_type=\"heading.default\">\n\t\t\t\t<div class=\"elementor-widget-container\">\n\t\t\t<h2 class=\"elementor-heading-title elementor-size-default\"><a href=\"https:\/\/otherplace.op-models.com\/es\/filler-lemurs\/\">4,00\u20ac<\/a><\/h2>\t\t<\/div>\n\t\t\t\t<\/div>\n\t\t\t\t\t<\/div>\n\t\t<\/div>\n\t\t\t\t<div class=\"elementor-column elementor-col-33 elementor-top-column elementor-element elementor-element-4c445da5\" data-id=\"4c445da5\" data-element_type=\"column\">\n\t\t\t<div class=\"elementor-widget-wrap elementor-element-populated\">\n\t\t\t\t\t\t<div class=\"elementor-element elementor-element-4358fabc elementor-widget elementor-widget-image\" data-id=\"4358fabc\" data-element_type=\"widget\" data-widget_type=\"image.default\">\n\t\t\t\t<div class=\"elementor-widget-container\">\n\t\t\t\t\t\t\t\t\t\t\t\t\t\t<a href=\"https:\/\/otherplace.op-models.com\/es\/mirmidones\/\">\n\t\t\t\t\t\t\t<img decoding=\"async\" width=\"150\" height=\"150\" src=\"https:\/\/otherplace.op-models.com\/wp-content\/uploads\/2021\/09\/Mirmis_5x3_2-150x150.png\" class=\"attachment-thumbnail size-thumbnail wp-image-448\" alt=\"\" srcset=\"https:\/\/otherplace.op-models.com\/wp-content\/uploads\/2021\/09\/Mirmis_5x3_2-150x150.png 150w, https:\/\/otherplace.op-models.com\/wp-content\/uploads\/2021\/09\/Mirmis_5x3_2-e1630511560716-100x100.png 100w, https:\/\/otherplace.op-models.com\/wp-content\/uploads\/2021\/09\/Mirmis_5x3_2-e1630511560716-340x340.png 340w\" sizes=\"(max-width: 150px) 100vw, 150px\" \/>\t\t\t\t\t\t\t\t<\/a>\n\t\t\t\t\t\t\t\t\t\t\t\t\t<\/div>\n\t\t\t\t<\/div>\n\t\t\t\t<div class=\"elementor-element elementor-element-59daf29a elementor-widget elementor-widget-heading\" data-id=\"59daf29a\" data-element_type=\"widget\" data-no-translation=\"\" data-widget_type=\"heading.default\">\n\t\t\t\t<div class=\"elementor-widget-container\">\n\t\t\t<style>.elementor-element-59daf29a{display:none !important}<\/style>\t\t<\/div>\n\t\t\t\t<\/div>\n\t\t\t\t<div class=\"elementor-element elementor-element-64ceeabd elementor-widget elementor-widget-heading\" data-id=\"64ceeabd\" data-element_type=\"widget\" data-no-translation=\"\" data-widget_type=\"heading.default\">\n\t\t\t\t<div class=\"elementor-widget-container\">\n\t\t\t<h2 class=\"elementor-heading-title elementor-size-default\"><a href=\"https:\/\/otherplace.op-models.com\/mirmidones\/\">Mirmidones<\/a><\/h2>\t\t<\/div>\n\t\t\t\t<\/div>\n\t\t\t\t<div class=\"elementor-element elementor-element-2563ad50 elementor-widget elementor-widget-heading\" data-id=\"2563ad50\" data-element_type=\"widget\" data-widget_type=\"heading.default\">\n\t\t\t\t<div class=\"elementor-widget-container\">\n\t\t\t<h2 class=\"elementor-heading-title elementor-size-default\"><a href=\"https:\/\/otherplace.op-models.com\/es\/mirmidones\/\">14,50\u20ac<\/a><\/h2>\t\t<\/div>\n\t\t\t\t<\/div>\n\t\t\t\t\t<\/div>\n\t\t<\/div>\n\t\t\t\t<div class=\"elementor-column elementor-col-33 elementor-top-column elementor-element elementor-element-15c1a026\" data-id=\"15c1a026\" data-element_type=\"column\">\n\t\t\t<div class=\"elementor-widget-wrap elementor-element-populated\">\n\t\t\t\t\t\t<div class=\"elementor-element elementor-element-306114fd elementor-widget elementor-widget-image\" data-id=\"306114fd\" data-element_type=\"widget\" data-widget_type=\"image.default\">\n\t\t\t\t<div class=\"elementor-widget-container\">\n\t\t\t\t\t\t\t\t\t\t\t\t\t\t<a href=\"https:\/\/otherplace.op-models.com\/es\/sentinel-of-nukuja\/\">\n\t\t\t\t\t\t\t<img decoding=\"async\" width=\"150\" height=\"150\" src=\"https:\/\/otherplace.op-models.com\/wp-content\/uploads\/2021\/09\/Pulpito_1-1-e1631784294458-150x150.png\" class=\"attachment-thumbnail size-thumbnail wp-image-770\" alt=\"\" srcset=\"https:\/\/otherplace.op-models.com\/wp-content\/uploads\/2021\/09\/Pulpito_1-1-e1631784294458-150x150.png 150w, https:\/\/otherplace.op-models.com\/wp-content\/uploads\/2021\/09\/Pulpito_1-1-e1631784294458-400x400.png 400w, https:\/\/otherplace.op-models.com\/wp-content\/uploads\/2021\/09\/Pulpito_1-1-e1631784294458-100x100.png 100w\" sizes=\"(max-width: 150px) 100vw, 150px\" \/>\t\t\t\t\t\t\t\t<\/a>\n\t\t\t\t\t\t\t\t\t\t\t\t\t<\/div>\n\t\t\t\t<\/div>\n\t\t\t\t<div class=\"elementor-element elementor-element-474eb10b elementor-widget elementor-widget-heading\" data-id=\"474eb10b\" data-element_type=\"widget\" data-no-translation=\"\" data-widget_type=\"heading.default\">\n\t\t\t\t<div class=\"elementor-widget-container\">\n\t\t\t<style>.elementor-element-474eb10b{display:none !important}<\/style>\t\t<\/div>\n\t\t\t\t<\/div>\n\t\t\t\t<div class=\"elementor-element elementor-element-773095f8 elementor-widget elementor-widget-heading\" data-id=\"773095f8\" data-element_type=\"widget\" data-no-translation=\"\" data-widget_type=\"heading.default\">\n\t\t\t\t<div class=\"elementor-widget-container\">\n\t\t\t<h2 class=\"elementor-heading-title elementor-size-default\"><a href=\"https:\/\/otherplace.op-models.com\/sentinel-of-nukuja\/\">Centinela de Nukuja<\/a><\/h2>\t\t<\/div>\n\t\t\t\t<\/div>\n\t\t\t\t<div class=\"elementor-element elementor-element-2fb427bb elementor-widget elementor-widget-heading\" data-id=\"2fb427bb\" data-element_type=\"widget\" data-widget_type=\"heading.default\">\n\t\t\t\t<div class=\"elementor-widget-container\">\n\t\t\t<h2 class=\"elementor-heading-title elementor-size-default\"><a href=\"https:\/\/otherplace.op-models.com\/es\/sentinel-of-nukuja\/\">11,50\u20ac<\/a><\/h2>\t\t<\/div>\n\t\t\t\t<\/div>\n\t\t\t\t\t<\/div>\n\t\t<\/div>\n\t\t\t\t\t<\/div>\n\t\t<\/section>\n\t\t\t\t<\/div>","protected":false},"excerpt":{"rendered":"<p>Rellenador Mirmidones Anterior Siguiente Click the image to enlarge Ir a la Tienda If you are going to organize a particularly large unit of Myrmidons, you may want to substitute a few for this magnificent model. The Myrmidon Filler will allow you to add the equivalent of 6 troop miniatures in one go, and is also a cosmetic addition that will give your army an extra touch of personality. This product includes only digital files for printing on a suitable 3D printer. You will not receive actual miniatures. Includes two different models of Myrmidon filler. We recommend a 75&#215;50 mm base. Once the purchase is formalized, you will have 24 hours to download. Si vas a organizar una unidad especialmente numerosa de Mirmidones, quiz\u00e1s quieras sustituir unos cuantos por este magn\u00edfico modelo. El Rellenador de Mirmidones te permitir\u00e1 a\u00f1adir el equivalente a 6 miniaturas de tropa de una sola vez, y adem\u00e1s es un complemento est\u00e9tico que le dar\u00e1 a tu ej\u00e9rcito un toque extra de personalidad. Este producto incluye s\u00f3lo archivos digitales para su impresi\u00f3n en una impresora 3D adecuada. No recibir\u00e1s miniaturas reales. Incluye dos modelos distintos de rellenador de Mirmidones. Recomendamos peana de 75&#215;50 mm. Una vez&hellip; <a class=\"read-more-link\" href=\"https:\/\/otherplace.op-models.com\/es\/filler-myrmidons\/\">Read More<\/a><\/p>","protected":false},"author":1,"featured_media":0,"parent":0,"menu_order":0,"comment_status":"closed","ping_status":"closed","template":"","meta":{"footnotes":""},"_links":{"self":[{"href":"https:\/\/otherplace.op-models.com\/es\/wp-json\/wp\/v2\/pages\/2036"}],"collection":[{"href":"https:\/\/otherplace.op-models.com\/es\/wp-json\/wp\/v2\/pages"}],"about":[{"href":"https:\/\/otherplace.op-models.com\/es\/wp-json\/wp\/v2\/types\/page"}],"author":[{"embeddable":true,"href":"https:\/\/otherplace.op-models.com\/es\/wp-json\/wp\/v2\/users\/1"}],"replies":[{"embeddable":true,"href":"https:\/\/otherplace.op-models.com\/es\/wp-json\/wp\/v2\/comments?post=2036"}],"version-history":[{"count":34,"href":"https:\/\/otherplace.op-models.com\/es\/wp-json\/wp\/v2\/pages\/2036\/revisions"}],"predecessor-version":[{"id":3515,"href":"https:\/\/otherplace.op-models.com\/es\/wp-json\/wp\/v2\/pages\/2036\/revisions\/3515"}],"wp:attachment":[{"href":"https:\/\/otherplace.op-models.com\/es\/wp-json\/wp\/v2\/media?parent=2036"}],"curies":[{"name":"wp","href":"https:\/\/api.w.org\/{rel}","templated":true}]}}