{"id":2698,"date":"2022-09-07T09:27:03","date_gmt":"2022-09-07T09:27:03","guid":{"rendered":"https:\/\/otherplace.op-models.com\/?page_id=2698"},"modified":"2022-09-09T16:09:51","modified_gmt":"2022-09-09T16:09:51","slug":"throne-of-overwhelming-splendour","status":"publish","type":"page","link":"https:\/\/otherplace.op-models.com\/es\/throne-of-overwhelming-splendour\/","title":{"rendered":"Trono del Esplendor Supremo"},"content":{"rendered":"<div data-elementor-type=\"wp-page\" data-elementor-id=\"2698\" class=\"elementor elementor-2698\">\n\t\t\t\t\t\t<section class=\"elementor-section elementor-top-section elementor-element elementor-element-46ac66a3 elementor-section-boxed elementor-section-height-default elementor-section-height-default\" data-id=\"46ac66a3\" data-element_type=\"section\">\n\t\t\t\t\t\t<div class=\"elementor-container elementor-column-gap-default\">\n\t\t\t\t\t<div class=\"elementor-column elementor-col-100 elementor-top-column elementor-element elementor-element-2ba4cbd0\" data-id=\"2ba4cbd0\" data-element_type=\"column\">\n\t\t\t<div class=\"elementor-widget-wrap elementor-element-populated\">\n\t\t\t\t\t\t<div class=\"elementor-element elementor-element-2e46ab91 elementor-widget elementor-widget-heading\" data-id=\"2e46ab91\" data-element_type=\"widget\" data-no-translation=\"\" data-widget_type=\"heading.default\">\n\t\t\t\t<div class=\"elementor-widget-container\">\n\t\t\t<style>.elementor-element-2e46ab91{display:none !important}<\/style>\t\t<\/div>\n\t\t\t\t<\/div>\n\t\t\t\t<div class=\"elementor-element elementor-element-1a8a0825 elementor-widget elementor-widget-heading\" data-id=\"1a8a0825\" data-element_type=\"widget\" data-no-translation=\"\" data-widget_type=\"heading.default\">\n\t\t\t\t<div class=\"elementor-widget-container\">\n\t\t\t<h2 class=\"elementor-heading-title elementor-size-default\">Trono de Esplendor Supremo<\/h2>\t\t<\/div>\n\t\t\t\t<\/div>\n\t\t\t\t<div class=\"elementor-element elementor-element-165e8e2d elementor-arrows-position-inside elementor-pagination-position-outside elementor-widget elementor-widget-image-carousel\" data-id=\"165e8e2d\" data-element_type=\"widget\" data-settings=\"{&quot;speed&quot;:300,&quot;navigation&quot;:&quot;both&quot;,&quot;autoplay&quot;:&quot;yes&quot;,&quot;pause_on_hover&quot;:&quot;yes&quot;,&quot;pause_on_interaction&quot;:&quot;yes&quot;,&quot;autoplay_speed&quot;:5000,&quot;infinite&quot;:&quot;yes&quot;}\" data-widget_type=\"image-carousel.default\">\n\t\t\t\t<div class=\"elementor-widget-container\">\n\t\t\t\t\t<div class=\"elementor-image-carousel-wrapper swiper\" dir=\"ltr\">\n\t\t\t<div class=\"elementor-image-carousel swiper-wrapper\" aria-live=\"off\">\n\t\t\t\t\t\t\t\t<div class=\"swiper-slide\" role=\"group\" aria-roledescription=\"slide\" aria-label=\"1 de 2\"><a data-elementor-open-lightbox=\"yes\" data-elementor-lightbox-slideshow=\"165e8e2d\" data-elementor-lightbox-title=\"trono2\" data-e-action-hash=\"#elementor-action%3Aaction%3Dlightbox%26settings%3DeyJpZCI6MjcwNywidXJsIjoiaHR0cHM6XC9cL290aGVycGxhY2Uub3AtbW9kZWxzLmNvbVwvd3AtY29udGVudFwvdXBsb2Fkc1wvMjAyMlwvMDlcL3Ryb25vMi5qcGciLCJzbGlkZXNob3ciOiIxNjVlOGUyZCJ9\" href=\"https:\/\/otherplace.op-models.com\/wp-content\/uploads\/2022\/09\/trono2.jpg\"><figure class=\"swiper-slide-inner\"><img decoding=\"async\" class=\"swiper-slide-image\" src=\"https:\/\/otherplace.op-models.com\/wp-content\/uploads\/2022\/09\/trono2-150x150.jpg\" alt=\"trono2\" \/><\/figure><\/a><\/div><div class=\"swiper-slide\" role=\"group\" aria-roledescription=\"slide\" aria-label=\"2 de 2\"><a data-elementor-open-lightbox=\"yes\" data-elementor-lightbox-slideshow=\"165e8e2d\" data-elementor-lightbox-title=\"trono1\" data-e-action-hash=\"#elementor-action%3Aaction%3Dlightbox%26settings%3DeyJpZCI6MjcwNiwidXJsIjoiaHR0cHM6XC9cL290aGVycGxhY2Uub3AtbW9kZWxzLmNvbVwvd3AtY29udGVudFwvdXBsb2Fkc1wvMjAyMlwvMDlcL3Ryb25vMS5qcGciLCJzbGlkZXNob3ciOiIxNjVlOGUyZCJ9\" href=\"https:\/\/otherplace.op-models.com\/wp-content\/uploads\/2022\/09\/trono1.jpg\"><figure class=\"swiper-slide-inner\"><img decoding=\"async\" class=\"swiper-slide-image\" src=\"https:\/\/otherplace.op-models.com\/wp-content\/uploads\/2022\/09\/trono1-150x150.jpg\" alt=\"trono1\" \/><\/figure><\/a><\/div>\t\t\t<\/div>\n\t\t\t\t\t\t\t\t\t\t\t\t<div class=\"elementor-swiper-button elementor-swiper-button-prev\" role=\"button\" tabindex=\"0\">\n\t\t\t\t\t\t<i aria-hidden=\"true\" class=\"eicon-chevron-left\"><\/i>\t\t\t\t\t<\/div>\n\t\t\t\t\t<div class=\"elementor-swiper-button elementor-swiper-button-next\" role=\"button\" tabindex=\"0\">\n\t\t\t\t\t\t<i aria-hidden=\"true\" class=\"eicon-chevron-right\"><\/i>\t\t\t\t\t<\/div>\n\t\t\t\t\n\t\t\t\t\t\t\t\t\t<div class=\"swiper-pagination\"><\/div>\n\t\t\t\t\t\t\t\t\t<\/div>\n\t\t\t\t<\/div>\n\t\t\t\t<\/div>\n\t\t\t\t<div class=\"elementor-element elementor-element-697c4cd0 elementor-widget elementor-widget-text-editor\" data-id=\"697c4cd0\" data-element_type=\"widget\" data-widget_type=\"text-editor.default\">\n\t\t\t\t<div class=\"elementor-widget-container\">\n\t\t\t\t\t\t\t<h4 style=\"text-align: center;\">Click en la imagen para agrandar<\/h4>\t\t\t\t\t\t<\/div>\n\t\t\t\t<\/div>\n\t\t\t\t<div class=\"elementor-element elementor-element-49ce74c7 elementor-align-center elementor-widget elementor-widget-button\" data-id=\"49ce74c7\" data-element_type=\"widget\" data-no-translation=\"\" data-widget_type=\"button.default\">\n\t\t\t\t<div class=\"elementor-widget-container\">\n\t\t\t\t\t<div class=\"elementor-button-wrapper\">\n\t\t\t<a class=\"elementor-button elementor-button-link elementor-size-sm\" href=\"https:\/\/otherplace.op-models.com\/producto\/throne-of-overwhelming-splendour\/\">\n\t\t\t\t\t\t<span class=\"elementor-button-content-wrapper\">\n\t\t\t\t\t\t\t\t\t<span class=\"elementor-button-text\">Ir a la Tienda<\/span>\n\t\t\t\t\t<\/span>\n\t\t\t\t\t<\/a>\n\t\t<\/div>\n\t\t\t\t<\/div>\n\t\t\t\t<\/div>\n\t\t\t\t<div class=\"elementor-element elementor-element-2474e871 elementor-align-center elementor-widget elementor-widget-button\" data-id=\"2474e871\" data-element_type=\"widget\" data-no-translation=\"\" data-widget_type=\"button.default\">\n\t\t\t\t<div class=\"elementor-widget-container\">\n\t\t\t<style>.elementor-element-2474e871{display:none !important}<\/style>\t\t<\/div>\n\t\t\t\t<\/div>\n\t\t\t\t<div class=\"elementor-element elementor-element-5bf22d52 elementor-widget elementor-widget-text-editor\" data-id=\"5bf22d52\" data-element_type=\"widget\" data-no-translation=\"\" data-widget_type=\"text-editor.default\">\n\t\t\t\t<div class=\"elementor-widget-container\">\n\t\t\t<style>.elementor-element-5bf22d52{display:none !important}<\/style>\t\t<\/div>\n\t\t\t\t<\/div>\n\t\t\t\t<div class=\"elementor-element elementor-element-8142160 elementor-widget elementor-widget-text-editor\" data-id=\"8142160\" data-element_type=\"widget\" data-no-translation=\"\" data-widget_type=\"text-editor.default\">\n\t\t\t\t<div class=\"elementor-widget-container\">\n\t\t\t\t\t\t\t<p><em>Aquellos Presagios que derrotan a m\u00e1s de mil h\u00e9roes mortales en combate singular, reciben el mayor regalo por parte de su Se\u00f1or Savar: el Trono del Esplendor Supremo, una enorme estructura voladora, arrastrada por las torturadas almas de aquellos a los que el Presagio humill\u00f3. Desde su trono, adornado con las espadas de sus oponentes derrotados, el Presagio contempla todo el campo de batalla, en busca de un nuevo oponente que sea digno de ser desafiado por el poderoso Presagio.<\/em><\/p>\n<p>Este producto incluye s\u00f3lo archivos digitales para impresi\u00f3n en una impresora 3D adecuada. No recibir\u00e1s miniaturas f\u00edsicas.<\/p><p>Incluye un modelo multicomponente.<\/p>\n<p>Recomendamos una peana de 50&#215;100 mm.<\/p>\t\t\t\t\t\t<\/div>\n\t\t\t\t<\/div>\n\t\t\t\t<div class=\"elementor-element elementor-element-5f9c2ebd elementor-widget elementor-widget-heading\" data-id=\"5f9c2ebd\" data-element_type=\"widget\" data-no-translation=\"\" data-widget_type=\"heading.default\">\n\t\t\t\t<div class=\"elementor-widget-container\">\n\t\t\t<h2 class=\"elementor-heading-title elementor-size-default\">PRODUCTOS RELACIONADOS<\/h2>\t\t<\/div>\n\t\t\t\t<\/div>\n\t\t\t\t<div class=\"elementor-element elementor-element-2f0a7ee7 elementor-widget elementor-widget-heading\" data-id=\"2f0a7ee7\" data-element_type=\"widget\" data-no-translation=\"\" data-widget_type=\"heading.default\">\n\t\t\t\t<div class=\"elementor-widget-container\">\n\t\t\t<style>.elementor-element-2f0a7ee7{display:none !important}<\/style>\t\t<\/div>\n\t\t\t\t<\/div>\n\t\t\t\t\t<\/div>\n\t\t<\/div>\n\t\t\t\t\t<\/div>\n\t\t<\/section>\n\t\t\t\t<section class=\"elementor-section elementor-top-section elementor-element elementor-element-6efdeb elementor-section-boxed elementor-section-height-default elementor-section-height-default\" data-id=\"6efdeb\" data-element_type=\"section\">\n\t\t\t\t\t\t<div class=\"elementor-container elementor-column-gap-no\">\n\t\t\t\t\t<div class=\"elementor-column elementor-col-33 elementor-top-column elementor-element elementor-element-2f6c24c1\" data-id=\"2f6c24c1\" data-element_type=\"column\">\n\t\t\t<div class=\"elementor-widget-wrap elementor-element-populated\">\n\t\t\t\t\t\t<div class=\"elementor-element elementor-element-63f2cdf8 elementor-widget elementor-widget-image\" data-id=\"63f2cdf8\" data-element_type=\"widget\" data-widget_type=\"image.default\">\n\t\t\t\t<div class=\"elementor-widget-container\">\n\t\t\t\t\t\t\t\t\t\t\t\t\t\t<a href=\"https:\/\/otherplace.op-models.com\/es\/blazing-glory\/\">\n\t\t\t\t\t\t\t<img decoding=\"async\" width=\"150\" height=\"150\" src=\"https:\/\/otherplace.op-models.com\/wp-content\/uploads\/2022\/09\/Blazzing3-150x150.jpg\" class=\"attachment-thumbnail size-thumbnail wp-image-2741\" alt=\"\" srcset=\"https:\/\/otherplace.op-models.com\/wp-content\/uploads\/2022\/09\/Blazzing3-150x150.jpg 150w, https:\/\/otherplace.op-models.com\/wp-content\/uploads\/2022\/09\/Blazzing3-400x400.jpg 400w, https:\/\/otherplace.op-models.com\/wp-content\/uploads\/2022\/09\/Blazzing3-100x100.jpg 100w\" sizes=\"(max-width: 150px) 100vw, 150px\" \/>\t\t\t\t\t\t\t\t<\/a>\n\t\t\t\t\t\t\t\t\t\t\t\t\t<\/div>\n\t\t\t\t<\/div>\n\t\t\t\t<div class=\"elementor-element elementor-element-3da59528 elementor-widget elementor-widget-heading\" data-id=\"3da59528\" data-element_type=\"widget\" data-no-translation=\"\" data-widget_type=\"heading.default\">\n\t\t\t\t<div class=\"elementor-widget-container\">\n\t\t\t<h2 class=\"elementor-heading-title elementor-size-default\"><a href=\"https:\/\/otherplace.op-models.com\/blazing-glory\/\">Glorias Ardientes<\/a><\/h2>\t\t<\/div>\n\t\t\t\t<\/div>\n\t\t\t\t<div class=\"elementor-element elementor-element-c6d22c elementor-widget elementor-widget-heading\" data-id=\"c6d22c\" data-element_type=\"widget\" data-no-translation=\"\" data-widget_type=\"heading.default\">\n\t\t\t\t<div class=\"elementor-widget-container\">\n\t\t\t<style>.elementor-element-c6d22c{display:none !important}<\/style>\t\t<\/div>\n\t\t\t\t<\/div>\n\t\t\t\t<div class=\"elementor-element elementor-element-2a2ee958 elementor-widget elementor-widget-heading\" data-id=\"2a2ee958\" data-element_type=\"widget\" data-widget_type=\"heading.default\">\n\t\t\t\t<div class=\"elementor-widget-container\">\n\t\t\t<h2 class=\"elementor-heading-title elementor-size-default\"><a href=\"https:\/\/otherplace.op-models.com\/es\/blazing-glory\/\">11,50\u20ac<\/a><\/h2>\t\t<\/div>\n\t\t\t\t<\/div>\n\t\t\t\t\t<\/div>\n\t\t<\/div>\n\t\t\t\t<div class=\"elementor-column elementor-col-33 elementor-top-column elementor-element elementor-element-719a9101\" data-id=\"719a9101\" data-element_type=\"column\">\n\t\t\t<div class=\"elementor-widget-wrap elementor-element-populated\">\n\t\t\t\t\t\t<div class=\"elementor-element elementor-element-430fea98 elementor-widget elementor-widget-image\" data-id=\"430fea98\" data-element_type=\"widget\" data-widget_type=\"image.default\">\n\t\t\t\t<div class=\"elementor-widget-container\">\n\t\t\t\t\t\t\t\t\t\t\t\t\t\t<a href=\"https:\/\/otherplace.op-models.com\/es\/omen-of-savar\/\">\n\t\t\t\t\t\t\t<img decoding=\"async\" width=\"150\" height=\"150\" src=\"https:\/\/otherplace.op-models.com\/wp-content\/uploads\/2022\/09\/Omen-Front-150x150.jpg\" class=\"attachment-thumbnail size-thumbnail wp-image-2694\" alt=\"\" srcset=\"https:\/\/otherplace.op-models.com\/wp-content\/uploads\/2022\/09\/Omen-Front-150x150.jpg 150w, https:\/\/otherplace.op-models.com\/wp-content\/uploads\/2022\/09\/Omen-Front-400x400.jpg 400w, https:\/\/otherplace.op-models.com\/wp-content\/uploads\/2022\/09\/Omen-Front-100x100.jpg 100w\" sizes=\"(max-width: 150px) 100vw, 150px\" \/>\t\t\t\t\t\t\t\t<\/a>\n\t\t\t\t\t\t\t\t\t\t\t\t\t<\/div>\n\t\t\t\t<\/div>\n\t\t\t\t<div class=\"elementor-element elementor-element-6efb82ed elementor-widget elementor-widget-heading\" data-id=\"6efb82ed\" data-element_type=\"widget\" data-no-translation=\"\" data-widget_type=\"heading.default\">\n\t\t\t\t<div class=\"elementor-widget-container\">\n\t\t\t<style>.elementor-element-6efb82ed{display:none !important}<\/style>\t\t<\/div>\n\t\t\t\t<\/div>\n\t\t\t\t<div class=\"elementor-element elementor-element-392aa727 elementor-widget elementor-widget-heading\" data-id=\"392aa727\" data-element_type=\"widget\" data-no-translation=\"\" data-widget_type=\"heading.default\">\n\t\t\t\t<div class=\"elementor-widget-container\">\n\t\t\t<h2 class=\"elementor-heading-title elementor-size-default\"><a href=\"https:\/\/otherplace.op-models.com\/omen-of-savar\/\">Presagio de Savar<\/a><\/h2>\t\t<\/div>\n\t\t\t\t<\/div>\n\t\t\t\t<div class=\"elementor-element elementor-element-159cdf48 elementor-widget elementor-widget-heading\" data-id=\"159cdf48\" data-element_type=\"widget\" data-widget_type=\"heading.default\">\n\t\t\t\t<div class=\"elementor-widget-container\">\n\t\t\t<h2 class=\"elementor-heading-title elementor-size-default\"><a href=\"https:\/\/otherplace.op-models.com\/es\/omen-of-savar\/\">6,50\u20ac<\/a><\/h2>\t\t<\/div>\n\t\t\t\t<\/div>\n\t\t\t\t\t<\/div>\n\t\t<\/div>\n\t\t\t\t<div class=\"elementor-column elementor-col-33 elementor-top-column elementor-element elementor-element-28909b44\" data-id=\"28909b44\" data-element_type=\"column\">\n\t\t\t<div class=\"elementor-widget-wrap elementor-element-populated\">\n\t\t\t\t\t\t<div class=\"elementor-element elementor-element-1f512504 elementor-widget elementor-widget-image\" data-id=\"1f512504\" data-element_type=\"widget\" data-widget_type=\"image.default\">\n\t\t\t\t<div class=\"elementor-widget-container\">\n\t\t\t\t\t\t\t\t\t\t\t\t\t\t<a href=\"https:\/\/otherplace.op-models.com\/es\/sentinel-of-nukuja\/\">\n\t\t\t\t\t\t\t<img decoding=\"async\" width=\"150\" height=\"150\" src=\"https:\/\/otherplace.op-models.com\/wp-content\/uploads\/2021\/09\/Pulpito_1-1-e1631784294458-150x150.png\" class=\"attachment-thumbnail size-thumbnail wp-image-770\" alt=\"\" srcset=\"https:\/\/otherplace.op-models.com\/wp-content\/uploads\/2021\/09\/Pulpito_1-1-e1631784294458-150x150.png 150w, https:\/\/otherplace.op-models.com\/wp-content\/uploads\/2021\/09\/Pulpito_1-1-e1631784294458-400x400.png 400w, https:\/\/otherplace.op-models.com\/wp-content\/uploads\/2021\/09\/Pulpito_1-1-e1631784294458-100x100.png 100w\" sizes=\"(max-width: 150px) 100vw, 150px\" \/>\t\t\t\t\t\t\t\t<\/a>\n\t\t\t\t\t\t\t\t\t\t\t\t\t<\/div>\n\t\t\t\t<\/div>\n\t\t\t\t<div class=\"elementor-element elementor-element-720061bd elementor-widget elementor-widget-heading\" data-id=\"720061bd\" data-element_type=\"widget\" data-no-translation=\"\" data-widget_type=\"heading.default\">\n\t\t\t\t<div class=\"elementor-widget-container\">\n\t\t\t<style>.elementor-element-720061bd{display:none !important}<\/style>\t\t<\/div>\n\t\t\t\t<\/div>\n\t\t\t\t<div class=\"elementor-element elementor-element-2487b5e7 elementor-widget elementor-widget-heading\" data-id=\"2487b5e7\" data-element_type=\"widget\" data-no-translation=\"\" data-widget_type=\"heading.default\">\n\t\t\t\t<div class=\"elementor-widget-container\">\n\t\t\t<h2 class=\"elementor-heading-title elementor-size-default\"><a href=\"https:\/\/otherplace.op-models.com\/sentinel-of-nukuja\/\">Centinela de Nukuja<\/a><\/h2>\t\t<\/div>\n\t\t\t\t<\/div>\n\t\t\t\t<div class=\"elementor-element elementor-element-68ff27d4 elementor-widget elementor-widget-heading\" data-id=\"68ff27d4\" data-element_type=\"widget\" data-widget_type=\"heading.default\">\n\t\t\t\t<div class=\"elementor-widget-container\">\n\t\t\t<h2 class=\"elementor-heading-title elementor-size-default\"><a href=\"https:\/\/otherplace.op-models.com\/es\/sentinel-of-nukuja\/\">11,50\u20ac<\/a><\/h2>\t\t<\/div>\n\t\t\t\t<\/div>\n\t\t\t\t\t<\/div>\n\t\t<\/div>\n\t\t\t\t\t<\/div>\n\t\t<\/section>\n\t\t\t\t<\/div>","protected":false},"excerpt":{"rendered":"<p>Trono de Esplendor Supremo Anterior Siguiente Click the image to enlarge Ir a la Tienda Those Omens who defeat more than a thousand mortal heroes in single combat receive the greatest gift from their Lord Savar: the Throne of Overwhelming Splendour, a massive flying structure, drawn by the tortured souls of those the Omen humbled. From his throne, adorned with the swords of his defeated opponents, the Omen gazes across the battlefield, searching for a new opponent worthy of being challenged by the mighty Omen. This product includes only digital files for printing on a suitable 3D printer. You will not receive physical miniatures. Includes one multipart model. We recommend a 50x100mm base. Aquellos Presagios que derrotan a m\u00e1s de mil h\u00e9roes mortales en combate singular, reciben el mayor regalo por parte de su Se\u00f1or Savar: el Trono del Esplendor Supremo, una enorme estructura voladora, arrastrada por las torturadas almas de aquellos a los que el Presagio humill\u00f3. Desde su trono, adornado con las espadas de sus oponentes derrotados, el Presagio contempla todo el campo de batalla, en busca de un nuevo oponente que sea digno de ser desafiado por el poderoso Presagio. Este producto incluye s\u00f3lo archivos digitales para&hellip; <a class=\"read-more-link\" href=\"https:\/\/otherplace.op-models.com\/es\/throne-of-overwhelming-splendour\/\">Read More<\/a><\/p>","protected":false},"author":1,"featured_media":0,"parent":0,"menu_order":0,"comment_status":"closed","ping_status":"closed","template":"","meta":{"footnotes":""},"_links":{"self":[{"href":"https:\/\/otherplace.op-models.com\/es\/wp-json\/wp\/v2\/pages\/2698"}],"collection":[{"href":"https:\/\/otherplace.op-models.com\/es\/wp-json\/wp\/v2\/pages"}],"about":[{"href":"https:\/\/otherplace.op-models.com\/es\/wp-json\/wp\/v2\/types\/page"}],"author":[{"embeddable":true,"href":"https:\/\/otherplace.op-models.com\/es\/wp-json\/wp\/v2\/users\/1"}],"replies":[{"embeddable":true,"href":"https:\/\/otherplace.op-models.com\/es\/wp-json\/wp\/v2\/comments?post=2698"}],"version-history":[{"count":46,"href":"https:\/\/otherplace.op-models.com\/es\/wp-json\/wp\/v2\/pages\/2698\/revisions"}],"predecessor-version":[{"id":3626,"href":"https:\/\/otherplace.op-models.com\/es\/wp-json\/wp\/v2\/pages\/2698\/revisions\/3626"}],"wp:attachment":[{"href":"https:\/\/otherplace.op-models.com\/es\/wp-json\/wp\/v2\/media?parent=2698"}],"curies":[{"name":"wp","href":"https:\/\/api.w.org\/{rel}","templated":true}]}}