{"id":2751,"date":"2022-09-07T10:19:23","date_gmt":"2022-09-07T10:19:23","guid":{"rendered":"https:\/\/otherplace.op-models.com\/?page_id=2751"},"modified":"2022-09-09T15:13:17","modified_gmt":"2022-09-09T15:13:17","slug":"sirens","status":"publish","type":"page","link":"https:\/\/otherplace.op-models.com\/es\/sirens\/","title":{"rendered":"Sirenas"},"content":{"rendered":"<div data-elementor-type=\"wp-page\" data-elementor-id=\"2751\" class=\"elementor elementor-2751\">\n\t\t\t\t\t\t<section class=\"elementor-section elementor-top-section elementor-element elementor-element-47dcd5a4 elementor-section-boxed elementor-section-height-default elementor-section-height-default\" data-id=\"47dcd5a4\" data-element_type=\"section\">\n\t\t\t\t\t\t<div class=\"elementor-container elementor-column-gap-default\">\n\t\t\t\t\t<div class=\"elementor-column elementor-col-100 elementor-top-column elementor-element elementor-element-686602a9\" data-id=\"686602a9\" data-element_type=\"column\">\n\t\t\t<div class=\"elementor-widget-wrap elementor-element-populated\">\n\t\t\t\t\t\t<div class=\"elementor-element elementor-element-73240a79 elementor-widget elementor-widget-heading\" data-id=\"73240a79\" data-element_type=\"widget\" data-no-translation=\"\" data-widget_type=\"heading.default\">\n\t\t\t\t<div class=\"elementor-widget-container\">\n\t\t\t<style>.elementor-element-73240a79{display:none !important}<\/style>\t\t<\/div>\n\t\t\t\t<\/div>\n\t\t\t\t<div class=\"elementor-element elementor-element-47ea72d7 elementor-widget elementor-widget-heading\" data-id=\"47ea72d7\" data-element_type=\"widget\" data-no-translation=\"\" data-widget_type=\"heading.default\">\n\t\t\t\t<div class=\"elementor-widget-container\">\n\t\t\t<h2 class=\"elementor-heading-title elementor-size-default\">Sirenas<\/h2>\t\t<\/div>\n\t\t\t\t<\/div>\n\t\t\t\t<div class=\"elementor-element elementor-element-421c3e3f elementor-arrows-position-inside elementor-pagination-position-outside elementor-widget elementor-widget-image-carousel\" data-id=\"421c3e3f\" data-element_type=\"widget\" data-settings=\"{&quot;speed&quot;:300,&quot;slides_to_show&quot;:&quot;2&quot;,&quot;navigation&quot;:&quot;both&quot;,&quot;autoplay&quot;:&quot;yes&quot;,&quot;pause_on_hover&quot;:&quot;yes&quot;,&quot;pause_on_interaction&quot;:&quot;yes&quot;,&quot;autoplay_speed&quot;:5000,&quot;infinite&quot;:&quot;yes&quot;}\" data-widget_type=\"image-carousel.default\">\n\t\t\t\t<div class=\"elementor-widget-container\">\n\t\t\t\t\t<div class=\"elementor-image-carousel-wrapper swiper\" dir=\"ltr\">\n\t\t\t<div class=\"elementor-image-carousel swiper-wrapper\" aria-live=\"off\">\n\t\t\t\t\t\t\t\t<div class=\"swiper-slide\" role=\"group\" aria-roledescription=\"slide\" aria-label=\"1 de 2\"><a data-elementor-open-lightbox=\"yes\" data-elementor-lightbox-slideshow=\"421c3e3f\" data-elementor-lightbox-title=\"Sirens2\" data-e-action-hash=\"#elementor-action%3Aaction%3Dlightbox%26settings%3DeyJpZCI6Mjc1MywidXJsIjoiaHR0cHM6XC9cL290aGVycGxhY2Uub3AtbW9kZWxzLmNvbVwvd3AtY29udGVudFwvdXBsb2Fkc1wvMjAyMlwvMDlcL1NpcmVuczIuanBnIiwic2xpZGVzaG93IjoiNDIxYzNlM2YifQ%3D%3D\" href=\"https:\/\/otherplace.op-models.com\/wp-content\/uploads\/2022\/09\/Sirens2.jpg\"><figure class=\"swiper-slide-inner\"><img decoding=\"async\" class=\"swiper-slide-image\" src=\"https:\/\/otherplace.op-models.com\/wp-content\/uploads\/2022\/09\/Sirens2-150x150.jpg\" alt=\"Sirens2\" \/><\/figure><\/a><\/div><div class=\"swiper-slide\" role=\"group\" aria-roledescription=\"slide\" aria-label=\"2 de 2\"><a data-elementor-open-lightbox=\"yes\" data-elementor-lightbox-slideshow=\"421c3e3f\" data-elementor-lightbox-title=\"Sirens1\" data-e-action-hash=\"#elementor-action%3Aaction%3Dlightbox%26settings%3DeyJpZCI6Mjc1NCwidXJsIjoiaHR0cHM6XC9cL290aGVycGxhY2Uub3AtbW9kZWxzLmNvbVwvd3AtY29udGVudFwvdXBsb2Fkc1wvMjAyMlwvMDlcL1NpcmVuczEuanBnIiwic2xpZGVzaG93IjoiNDIxYzNlM2YifQ%3D%3D\" href=\"https:\/\/otherplace.op-models.com\/wp-content\/uploads\/2022\/09\/Sirens1.jpg\"><figure class=\"swiper-slide-inner\"><img decoding=\"async\" class=\"swiper-slide-image\" src=\"https:\/\/otherplace.op-models.com\/wp-content\/uploads\/2022\/09\/Sirens1-150x150.jpg\" alt=\"Sirens1\" \/><\/figure><\/a><\/div>\t\t\t<\/div>\n\t\t\t\t\t\t\t\t\t\t\t\t<div class=\"elementor-swiper-button elementor-swiper-button-prev\" role=\"button\" tabindex=\"0\">\n\t\t\t\t\t\t<i aria-hidden=\"true\" class=\"eicon-chevron-left\"><\/i>\t\t\t\t\t<\/div>\n\t\t\t\t\t<div class=\"elementor-swiper-button elementor-swiper-button-next\" role=\"button\" tabindex=\"0\">\n\t\t\t\t\t\t<i aria-hidden=\"true\" class=\"eicon-chevron-right\"><\/i>\t\t\t\t\t<\/div>\n\t\t\t\t\n\t\t\t\t\t\t\t\t\t<div class=\"swiper-pagination\"><\/div>\n\t\t\t\t\t\t\t\t\t<\/div>\n\t\t\t\t<\/div>\n\t\t\t\t<\/div>\n\t\t\t\t<div class=\"elementor-element elementor-element-7971b4ed elementor-widget elementor-widget-text-editor\" data-id=\"7971b4ed\" data-element_type=\"widget\" data-widget_type=\"text-editor.default\">\n\t\t\t\t<div class=\"elementor-widget-container\">\n\t\t\t\t\t\t\t<h2 style=\"text-align: center;\">Click en la imagen para agrandar<\/h2>\t\t\t\t\t\t<\/div>\n\t\t\t\t<\/div>\n\t\t\t\t<div class=\"elementor-element elementor-element-690c41e2 elementor-align-center elementor-widget elementor-widget-button\" data-id=\"690c41e2\" data-element_type=\"widget\" data-no-translation=\"\" data-widget_type=\"button.default\">\n\t\t\t\t<div class=\"elementor-widget-container\">\n\t\t\t\t\t<div class=\"elementor-button-wrapper\">\n\t\t\t<a class=\"elementor-button elementor-button-link elementor-size-sm\" href=\"https:\/\/otherplace.op-models.com\/producto\/sirens\/\">\n\t\t\t\t\t\t<span class=\"elementor-button-content-wrapper\">\n\t\t\t\t\t\t\t\t\t<span class=\"elementor-button-text\">Ir a la Tienda<\/span>\n\t\t\t\t\t<\/span>\n\t\t\t\t\t<\/a>\n\t\t<\/div>\n\t\t\t\t<\/div>\n\t\t\t\t<\/div>\n\t\t\t\t<div class=\"elementor-element elementor-element-7220bdc7 elementor-align-center elementor-widget elementor-widget-button\" data-id=\"7220bdc7\" data-element_type=\"widget\" data-no-translation=\"\" data-widget_type=\"button.default\">\n\t\t\t\t<div class=\"elementor-widget-container\">\n\t\t\t<style>.elementor-element-7220bdc7{display:none !important}<\/style>\t\t<\/div>\n\t\t\t\t<\/div>\n\t\t\t\t<div class=\"elementor-element elementor-element-73b4b19c elementor-widget elementor-widget-text-editor\" data-id=\"73b4b19c\" data-element_type=\"widget\" data-no-translation=\"\" data-widget_type=\"text-editor.default\">\n\t\t\t\t<div class=\"elementor-widget-container\">\n\t\t\t<style>.elementor-element-73b4b19c{display:none !important}<\/style>\t\t<\/div>\n\t\t\t\t<\/div>\n\t\t\t\t<div class=\"elementor-element elementor-element-107a3427 elementor-widget elementor-widget-text-editor\" data-id=\"107a3427\" data-element_type=\"widget\" data-no-translation=\"\" data-widget_type=\"text-editor.default\">\n\t\t\t\t<div class=\"elementor-widget-container\">\n\t\t\t\t\t\t\t<p><em>Las seductoras Sirenas son las principales siervas de Cibaresh, Diosa de la Lujuria. Montadas en veloces Corceles P\u00e1lidos, las impresionantes Sirenas son capaces de avalanzarse sobre sus enemigos con asombrosa rapidez. Sus enemigos son incapaces de defenderse de las bellas y seductoras Sirenas.<\/em><\/p><p>Este producto incluye s\u00f3lo archivos digitales para impresi\u00f3n en una impresora 3D adecuada. No recibir\u00e1s miniaturas f\u00edsicas.<\/p><p>Incluye seis modelos diferentes: campeona, portaestandarte, m\u00fasica y tres modelos de tropa.<\/p><p>Recomendamos una peana de 25&#215;50 mm.<\/p>\t\t\t\t\t\t<\/div>\n\t\t\t\t<\/div>\n\t\t\t\t<div class=\"elementor-element elementor-element-72acf592 elementor-widget elementor-widget-heading\" data-id=\"72acf592\" data-element_type=\"widget\" data-no-translation=\"\" data-widget_type=\"heading.default\">\n\t\t\t\t<div class=\"elementor-widget-container\">\n\t\t\t<h2 class=\"elementor-heading-title elementor-size-default\">PRODUCTOS RELACIONADOS<\/h2>\t\t<\/div>\n\t\t\t\t<\/div>\n\t\t\t\t<div class=\"elementor-element elementor-element-5734c2dc elementor-widget elementor-widget-heading\" data-id=\"5734c2dc\" data-element_type=\"widget\" data-no-translation=\"\" data-widget_type=\"heading.default\">\n\t\t\t\t<div class=\"elementor-widget-container\">\n\t\t\t<style>.elementor-element-5734c2dc{display:none !important}<\/style>\t\t<\/div>\n\t\t\t\t<\/div>\n\t\t\t\t\t<\/div>\n\t\t<\/div>\n\t\t\t\t\t<\/div>\n\t\t<\/section>\n\t\t\t\t<section class=\"elementor-section elementor-top-section elementor-element elementor-element-4d41be64 elementor-section-boxed elementor-section-height-default elementor-section-height-default\" data-id=\"4d41be64\" data-element_type=\"section\">\n\t\t\t\t\t\t<div class=\"elementor-container elementor-column-gap-no\">\n\t\t\t\t\t<div class=\"elementor-column elementor-col-33 elementor-top-column elementor-element elementor-element-14bc96e\" data-id=\"14bc96e\" data-element_type=\"column\">\n\t\t\t<div class=\"elementor-widget-wrap elementor-element-populated\">\n\t\t\t\t\t\t<div class=\"elementor-element elementor-element-e70a13 elementor-widget elementor-widget-image\" data-id=\"e70a13\" data-element_type=\"widget\" data-widget_type=\"image.default\">\n\t\t\t\t<div class=\"elementor-widget-container\">\n\t\t\t\t\t\t\t\t\t\t\t\t\t\t<a href=\"https:\/\/otherplace.op-models.com\/es\/courtesan-of-cibaresh\/\">\n\t\t\t\t\t\t\t<img decoding=\"async\" width=\"150\" height=\"150\" src=\"https:\/\/otherplace.op-models.com\/wp-content\/uploads\/2022\/09\/Courtesan2-150x150.jpg\" class=\"attachment-thumbnail size-thumbnail wp-image-2763\" alt=\"\" srcset=\"https:\/\/otherplace.op-models.com\/wp-content\/uploads\/2022\/09\/Courtesan2-150x150.jpg 150w, https:\/\/otherplace.op-models.com\/wp-content\/uploads\/2022\/09\/Courtesan2-400x400.jpg 400w, https:\/\/otherplace.op-models.com\/wp-content\/uploads\/2022\/09\/Courtesan2-100x100.jpg 100w\" sizes=\"(max-width: 150px) 100vw, 150px\" \/>\t\t\t\t\t\t\t\t<\/a>\n\t\t\t\t\t\t\t\t\t\t\t\t\t<\/div>\n\t\t\t\t<\/div>\n\t\t\t\t<div class=\"elementor-element elementor-element-4c043da5 elementor-widget elementor-widget-heading\" data-id=\"4c043da5\" data-element_type=\"widget\" data-no-translation=\"\" data-widget_type=\"heading.default\">\n\t\t\t\t<div class=\"elementor-widget-container\">\n\t\t\t<h2 class=\"elementor-heading-title elementor-size-default\"><a href=\"https:\/\/otherplace.op-models.com\/courtesan-of-cibaresh\/\">Cortesana de Cibaresh<\/a><\/h2>\t\t<\/div>\n\t\t\t\t<\/div>\n\t\t\t\t<div class=\"elementor-element elementor-element-58e57f6b elementor-widget elementor-widget-heading\" data-id=\"58e57f6b\" data-element_type=\"widget\" data-no-translation=\"\" data-widget_type=\"heading.default\">\n\t\t\t\t<div class=\"elementor-widget-container\">\n\t\t\t<style>.elementor-element-58e57f6b{display:none !important}<\/style>\t\t<\/div>\n\t\t\t\t<\/div>\n\t\t\t\t<div class=\"elementor-element elementor-element-4c56b30f elementor-widget elementor-widget-heading\" data-id=\"4c56b30f\" data-element_type=\"widget\" data-widget_type=\"heading.default\">\n\t\t\t\t<div class=\"elementor-widget-container\">\n\t\t\t<h2 class=\"elementor-heading-title elementor-size-default\"><a href=\"https:\/\/otherplace.op-models.com\/es\/courtesan-of-cibaresh\/\">8,50\u20ac<\/a><\/h2>\t\t<\/div>\n\t\t\t\t<\/div>\n\t\t\t\t\t<\/div>\n\t\t<\/div>\n\t\t\t\t<div class=\"elementor-column elementor-col-33 elementor-top-column elementor-element elementor-element-6678118b\" data-id=\"6678118b\" data-element_type=\"column\">\n\t\t\t<div class=\"elementor-widget-wrap elementor-element-populated\">\n\t\t\t\t\t\t<div class=\"elementor-element elementor-element-5d33b8d9 elementor-widget elementor-widget-image\" data-id=\"5d33b8d9\" data-element_type=\"widget\" data-widget_type=\"image.default\">\n\t\t\t\t<div class=\"elementor-widget-container\">\n\t\t\t\t\t\t\t\t\t\t\t\t\t\t<a href=\"https:\/\/otherplace.op-models.com\/es\/threshing-engine\/\">\n\t\t\t\t\t\t\t<img decoding=\"async\" width=\"150\" height=\"150\" src=\"https:\/\/otherplace.op-models.com\/wp-content\/uploads\/2022\/09\/carro_small1-150x150.jpg\" class=\"attachment-thumbnail size-thumbnail wp-image-2715\" alt=\"\" srcset=\"https:\/\/otherplace.op-models.com\/wp-content\/uploads\/2022\/09\/carro_small1-150x150.jpg 150w, https:\/\/otherplace.op-models.com\/wp-content\/uploads\/2022\/09\/carro_small1-400x400.jpg 400w, https:\/\/otherplace.op-models.com\/wp-content\/uploads\/2022\/09\/carro_small1-100x100.jpg 100w\" sizes=\"(max-width: 150px) 100vw, 150px\" \/>\t\t\t\t\t\t\t\t<\/a>\n\t\t\t\t\t\t\t\t\t\t\t\t\t<\/div>\n\t\t\t\t<\/div>\n\t\t\t\t<div class=\"elementor-element elementor-element-57b286a9 elementor-widget elementor-widget-heading\" data-id=\"57b286a9\" data-element_type=\"widget\" data-no-translation=\"\" data-widget_type=\"heading.default\">\n\t\t\t\t<div class=\"elementor-widget-container\">\n\t\t\t<style>.elementor-element-57b286a9{display:none !important}<\/style>\t\t<\/div>\n\t\t\t\t<\/div>\n\t\t\t\t<div class=\"elementor-element elementor-element-277cc48b elementor-widget elementor-widget-heading\" data-id=\"277cc48b\" data-element_type=\"widget\" data-no-translation=\"\" data-widget_type=\"heading.default\">\n\t\t\t\t<div class=\"elementor-widget-container\">\n\t\t\t<h2 class=\"elementor-heading-title elementor-size-default\"><a href=\"https:\/\/otherplace.op-models.com\/threshing-engine\/\">Maquina Trilladora<\/a><\/h2>\t\t<\/div>\n\t\t\t\t<\/div>\n\t\t\t\t<div class=\"elementor-element elementor-element-624722d4 elementor-widget elementor-widget-heading\" data-id=\"624722d4\" data-element_type=\"widget\" data-widget_type=\"heading.default\">\n\t\t\t\t<div class=\"elementor-widget-container\">\n\t\t\t<h2 class=\"elementor-heading-title elementor-size-default\"><a href=\"https:\/\/otherplace.op-models.com\/es\/threshing-engine\/\">6,50\u20ac<\/a><\/h2>\t\t<\/div>\n\t\t\t\t<\/div>\n\t\t\t\t\t<\/div>\n\t\t<\/div>\n\t\t\t\t<div class=\"elementor-column elementor-col-33 elementor-top-column elementor-element elementor-element-10de261f\" data-id=\"10de261f\" data-element_type=\"column\">\n\t\t\t<div class=\"elementor-widget-wrap elementor-element-populated\">\n\t\t\t\t\t\t<div class=\"elementor-element elementor-element-4e4dc40e elementor-widget elementor-widget-image\" data-id=\"4e4dc40e\" data-element_type=\"widget\" data-widget_type=\"image.default\">\n\t\t\t\t<div class=\"elementor-widget-container\">\n\t\t\t\t\t\t\t\t\t\t\t\t\t\t<a href=\"https:\/\/otherplace.op-models.com\/es\/succubi\/\">\n\t\t\t\t\t\t\t<img decoding=\"async\" width=\"150\" height=\"150\" src=\"https:\/\/otherplace.op-models.com\/wp-content\/uploads\/2022\/09\/sucubi-unit2-e1662734156777-150x150.jpg\" class=\"attachment-thumbnail size-thumbnail wp-image-2680\" alt=\"\" srcset=\"https:\/\/otherplace.op-models.com\/wp-content\/uploads\/2022\/09\/sucubi-unit2-e1662734156777-150x150.jpg 150w, https:\/\/otherplace.op-models.com\/wp-content\/uploads\/2022\/09\/sucubi-unit2-e1662734156777-400x400.jpg 400w, https:\/\/otherplace.op-models.com\/wp-content\/uploads\/2022\/09\/sucubi-unit2-e1662734156777-100x100.jpg 100w\" sizes=\"(max-width: 150px) 100vw, 150px\" \/>\t\t\t\t\t\t\t\t<\/a>\n\t\t\t\t\t\t\t\t\t\t\t\t\t<\/div>\n\t\t\t\t<\/div>\n\t\t\t\t<div class=\"elementor-element elementor-element-71a6795d elementor-widget elementor-widget-heading\" data-id=\"71a6795d\" data-element_type=\"widget\" data-no-translation=\"\" data-widget_type=\"heading.default\">\n\t\t\t\t<div class=\"elementor-widget-container\">\n\t\t\t<style>.elementor-element-71a6795d{display:none !important}<\/style>\t\t<\/div>\n\t\t\t\t<\/div>\n\t\t\t\t<div class=\"elementor-element elementor-element-6a374f29 elementor-widget elementor-widget-heading\" data-id=\"6a374f29\" data-element_type=\"widget\" data-no-translation=\"\" data-widget_type=\"heading.default\">\n\t\t\t\t<div class=\"elementor-widget-container\">\n\t\t\t<h2 class=\"elementor-heading-title elementor-size-default\"><a href=\"https:\/\/otherplace.op-models.com\/succubi\/\">S\u00facubos<\/a><\/h2>\t\t<\/div>\n\t\t\t\t<\/div>\n\t\t\t\t<div class=\"elementor-element elementor-element-3a597c95 elementor-widget elementor-widget-heading\" data-id=\"3a597c95\" data-element_type=\"widget\" data-widget_type=\"heading.default\">\n\t\t\t\t<div class=\"elementor-widget-container\">\n\t\t\t<h2 class=\"elementor-heading-title elementor-size-default\"><a href=\"https:\/\/otherplace.op-models.com\/es\/succubi\/\">14,50\u20ac<\/a><\/h2>\t\t<\/div>\n\t\t\t\t<\/div>\n\t\t\t\t\t<\/div>\n\t\t<\/div>\n\t\t\t\t\t<\/div>\n\t\t<\/section>\n\t\t\t\t<\/div>","protected":false},"excerpt":{"rendered":"<p>Sirenas Anterior Siguiente Click the image to enlarge Ir a la Tienda The seductive Sirens are the main servants of Cibaresh, Godness of Lust. Mounted on swift Pale Steeds, the impressive Sirens are able to rush their enemies with astonishing speed. Their enemies are unable to defend themselves against the beautiful and seductive Sirens. This product includes only digital files for printing on a suitable 3D printer. You will not receive physical miniatures. Includes six different models: champion, standard bearer, musician and three troop models. We recommend a 25x50mm base. Las seductoras Sirenas son las principales siervas de Cibaresh, Diosa de la Lujuria. Montadas en veloces Corceles P\u00e1lidos, las impresionantes Sirenas son capaces de avalanzarse sobre sus enemigos con asombrosa rapidez. Sus enemigos son incapaces de defenderse de las bellas y seductoras Sirenas. Este producto incluye s\u00f3lo archivos digitales para impresi\u00f3n en una impresora 3D adecuada. No recibir\u00e1s miniaturas f\u00edsicas. Incluye seis modelos diferentes: campeona, portaestandarte, m\u00fasica y tres modelos de tropa. Recomendamos una peana de 25&#215;50 mm. PRODUCTOS RELACIONADOS Cortesana de Cibaresh 8,50\u20ac Maquina Trilladora 6,50\u20ac S\u00facubos 14,50\u20ac<\/p>","protected":false},"author":1,"featured_media":0,"parent":0,"menu_order":0,"comment_status":"closed","ping_status":"closed","template":"","meta":{"footnotes":""},"_links":{"self":[{"href":"https:\/\/otherplace.op-models.com\/es\/wp-json\/wp\/v2\/pages\/2751"}],"collection":[{"href":"https:\/\/otherplace.op-models.com\/es\/wp-json\/wp\/v2\/pages"}],"about":[{"href":"https:\/\/otherplace.op-models.com\/es\/wp-json\/wp\/v2\/types\/page"}],"author":[{"embeddable":true,"href":"https:\/\/otherplace.op-models.com\/es\/wp-json\/wp\/v2\/users\/1"}],"replies":[{"embeddable":true,"href":"https:\/\/otherplace.op-models.com\/es\/wp-json\/wp\/v2\/comments?post=2751"}],"version-history":[{"count":40,"href":"https:\/\/otherplace.op-models.com\/es\/wp-json\/wp\/v2\/pages\/2751\/revisions"}],"predecessor-version":[{"id":3524,"href":"https:\/\/otherplace.op-models.com\/es\/wp-json\/wp\/v2\/pages\/2751\/revisions\/3524"}],"wp:attachment":[{"href":"https:\/\/otherplace.op-models.com\/es\/wp-json\/wp\/v2\/media?parent=2751"}],"curies":[{"name":"wp","href":"https:\/\/api.w.org\/{rel}","templated":true}]}}