{"id":2761,"date":"2022-09-07T10:23:41","date_gmt":"2022-09-07T10:23:41","guid":{"rendered":"https:\/\/otherplace.op-models.com\/?page_id=2761"},"modified":"2022-09-09T15:53:50","modified_gmt":"2022-09-09T15:53:50","slug":"courtesan-of-cibaresh","status":"publish","type":"page","link":"https:\/\/otherplace.op-models.com\/es\/courtesan-of-cibaresh\/","title":{"rendered":"Courtesan of Cibaresh"},"content":{"rendered":"<div data-elementor-type=\"wp-page\" data-elementor-id=\"2761\" class=\"elementor elementor-2761\">\n\t\t\t\t\t\t<section class=\"elementor-section elementor-top-section elementor-element elementor-element-5473fe09 elementor-section-boxed elementor-section-height-default elementor-section-height-default\" data-id=\"5473fe09\" data-element_type=\"section\">\n\t\t\t\t\t\t<div class=\"elementor-container elementor-column-gap-default\">\n\t\t\t\t\t<div class=\"elementor-column elementor-col-100 elementor-top-column elementor-element elementor-element-51bacb8c\" data-id=\"51bacb8c\" data-element_type=\"column\">\n\t\t\t<div class=\"elementor-widget-wrap elementor-element-populated\">\n\t\t\t\t\t\t<div class=\"elementor-element elementor-element-7b69ae59 elementor-widget elementor-widget-heading\" data-id=\"7b69ae59\" data-element_type=\"widget\" data-no-translation=\"\" data-widget_type=\"heading.default\">\n\t\t\t\t<div class=\"elementor-widget-container\">\n\t\t\t<style>.elementor-element-7b69ae59{display:none !important}<\/style>\t\t<\/div>\n\t\t\t\t<\/div>\n\t\t\t\t<div class=\"elementor-element elementor-element-71b3fda1 elementor-widget elementor-widget-heading\" data-id=\"71b3fda1\" data-element_type=\"widget\" data-no-translation=\"\" data-widget_type=\"heading.default\">\n\t\t\t\t<div class=\"elementor-widget-container\">\n\t\t\t<h2 class=\"elementor-heading-title elementor-size-default\">Cortesana de Cibaresh<\/h2>\t\t<\/div>\n\t\t\t\t<\/div>\n\t\t\t\t<div class=\"elementor-element elementor-element-138a1b72 elementor-arrows-position-inside elementor-pagination-position-outside elementor-widget elementor-widget-image-carousel\" data-id=\"138a1b72\" data-element_type=\"widget\" data-settings=\"{&quot;speed&quot;:300,&quot;navigation&quot;:&quot;both&quot;,&quot;autoplay&quot;:&quot;yes&quot;,&quot;pause_on_hover&quot;:&quot;yes&quot;,&quot;pause_on_interaction&quot;:&quot;yes&quot;,&quot;autoplay_speed&quot;:5000,&quot;infinite&quot;:&quot;yes&quot;}\" data-widget_type=\"image-carousel.default\">\n\t\t\t\t<div class=\"elementor-widget-container\">\n\t\t\t\t\t<div class=\"elementor-image-carousel-wrapper swiper\" dir=\"ltr\">\n\t\t\t<div class=\"elementor-image-carousel swiper-wrapper\" aria-live=\"off\">\n\t\t\t\t\t\t\t\t<div class=\"swiper-slide\" role=\"group\" aria-roledescription=\"slide\" aria-label=\"1 de 2\"><a data-elementor-open-lightbox=\"yes\" data-elementor-lightbox-slideshow=\"138a1b72\" data-elementor-lightbox-title=\"Courtesan1\" data-e-action-hash=\"#elementor-action%3Aaction%3Dlightbox%26settings%3DeyJpZCI6Mjc2NCwidXJsIjoiaHR0cHM6XC9cL290aGVycGxhY2Uub3AtbW9kZWxzLmNvbVwvd3AtY29udGVudFwvdXBsb2Fkc1wvMjAyMlwvMDlcL0NvdXJ0ZXNhbjEuanBnIiwic2xpZGVzaG93IjoiMTM4YTFiNzIifQ%3D%3D\" href=\"https:\/\/otherplace.op-models.com\/wp-content\/uploads\/2022\/09\/Courtesan1.jpg\"><figure class=\"swiper-slide-inner\"><img decoding=\"async\" class=\"swiper-slide-image\" src=\"https:\/\/otherplace.op-models.com\/wp-content\/uploads\/2022\/09\/Courtesan1-150x150.jpg\" alt=\"Courtesan1\" \/><\/figure><\/a><\/div><div class=\"swiper-slide\" role=\"group\" aria-roledescription=\"slide\" aria-label=\"2 de 2\"><a data-elementor-open-lightbox=\"yes\" data-elementor-lightbox-slideshow=\"138a1b72\" data-elementor-lightbox-title=\"Courtesan2\" data-e-action-hash=\"#elementor-action%3Aaction%3Dlightbox%26settings%3DeyJpZCI6Mjc2MywidXJsIjoiaHR0cHM6XC9cL290aGVycGxhY2Uub3AtbW9kZWxzLmNvbVwvd3AtY29udGVudFwvdXBsb2Fkc1wvMjAyMlwvMDlcL0NvdXJ0ZXNhbjIuanBnIiwic2xpZGVzaG93IjoiMTM4YTFiNzIifQ%3D%3D\" href=\"https:\/\/otherplace.op-models.com\/wp-content\/uploads\/2022\/09\/Courtesan2.jpg\"><figure class=\"swiper-slide-inner\"><img decoding=\"async\" class=\"swiper-slide-image\" src=\"https:\/\/otherplace.op-models.com\/wp-content\/uploads\/2022\/09\/Courtesan2-150x150.jpg\" alt=\"Courtesan2\" \/><\/figure><\/a><\/div>\t\t\t<\/div>\n\t\t\t\t\t\t\t\t\t\t\t\t<div class=\"elementor-swiper-button elementor-swiper-button-prev\" role=\"button\" tabindex=\"0\">\n\t\t\t\t\t\t<i aria-hidden=\"true\" class=\"eicon-chevron-left\"><\/i>\t\t\t\t\t<\/div>\n\t\t\t\t\t<div class=\"elementor-swiper-button elementor-swiper-button-next\" role=\"button\" tabindex=\"0\">\n\t\t\t\t\t\t<i aria-hidden=\"true\" class=\"eicon-chevron-right\"><\/i>\t\t\t\t\t<\/div>\n\t\t\t\t\n\t\t\t\t\t\t\t\t\t<div class=\"swiper-pagination\"><\/div>\n\t\t\t\t\t\t\t\t\t<\/div>\n\t\t\t\t<\/div>\n\t\t\t\t<\/div>\n\t\t\t\t<div class=\"elementor-element elementor-element-469b12fc elementor-widget elementor-widget-text-editor\" data-id=\"469b12fc\" data-element_type=\"widget\" data-widget_type=\"text-editor.default\">\n\t\t\t\t<div class=\"elementor-widget-container\">\n\t\t\t\t\t\t\t<h2 style=\"text-align: center;\">Click en la imagen para agrandar<\/h2>\t\t\t\t\t\t<\/div>\n\t\t\t\t<\/div>\n\t\t\t\t<div class=\"elementor-element elementor-element-257904bf elementor-align-center elementor-widget elementor-widget-button\" data-id=\"257904bf\" data-element_type=\"widget\" data-no-translation=\"\" data-widget_type=\"button.default\">\n\t\t\t\t<div class=\"elementor-widget-container\">\n\t\t\t\t\t<div class=\"elementor-button-wrapper\">\n\t\t\t<a class=\"elementor-button elementor-button-link elementor-size-sm\" href=\"https:\/\/otherplace.op-models.com\/producto\/courtesan-of-cibaresh\/\">\n\t\t\t\t\t\t<span class=\"elementor-button-content-wrapper\">\n\t\t\t\t\t\t\t\t\t<span class=\"elementor-button-text\">Ir a la Tienda<\/span>\n\t\t\t\t\t<\/span>\n\t\t\t\t\t<\/a>\n\t\t<\/div>\n\t\t\t\t<\/div>\n\t\t\t\t<\/div>\n\t\t\t\t<div class=\"elementor-element elementor-element-4c112d6b elementor-align-center elementor-widget elementor-widget-button\" data-id=\"4c112d6b\" data-element_type=\"widget\" data-no-translation=\"\" data-widget_type=\"button.default\">\n\t\t\t\t<div class=\"elementor-widget-container\">\n\t\t\t<style>.elementor-element-4c112d6b{display:none !important}<\/style>\t\t<\/div>\n\t\t\t\t<\/div>\n\t\t\t\t<div class=\"elementor-element elementor-element-236f9273 elementor-widget elementor-widget-text-editor\" data-id=\"236f9273\" data-element_type=\"widget\" data-no-translation=\"\" data-widget_type=\"text-editor.default\">\n\t\t\t\t<div class=\"elementor-widget-container\">\n\t\t\t<style>.elementor-element-236f9273{display:none !important}<\/style>\t\t<\/div>\n\t\t\t\t<\/div>\n\t\t\t\t<div class=\"elementor-element elementor-element-7b6360cd elementor-widget elementor-widget-text-editor\" data-id=\"7b6360cd\" data-element_type=\"widget\" data-no-translation=\"\" data-widget_type=\"text-editor.default\">\n\t\t\t\t<div class=\"elementor-widget-container\">\n\t\t\t\t\t\t\t<p><em>Cibaresh, Se\u00f1ora de la Lujuria, s\u00f3lo sue\u00f1a con criaturas sutiles y seductoras, capaces de cautivar a cualquier mortal que tenga la osad\u00eda de mirarlas. Incluso los m\u00e1s aguerridos guerreros caen de rodillas ante las Cortesanas de Cibaresh, dej\u00e1ndose desgarrar sin oponer resistencia, s\u00f3lo por la promesa de placer.<\/em><\/p>\n<p>Este producto incluye s\u00f3lo archivos digitales para impresi\u00f3n en una impresora 3D adecuada. No recibir\u00e1s miniaturas f\u00edsicas.<\/p><p>Incluye un modelo.<\/p>\n<p>Recomendamos una peana de 50&#215;100 mm.<\/p>\t\t\t\t\t\t<\/div>\n\t\t\t\t<\/div>\n\t\t\t\t<div class=\"elementor-element elementor-element-39b9f131 elementor-widget elementor-widget-heading\" data-id=\"39b9f131\" data-element_type=\"widget\" data-no-translation=\"\" data-widget_type=\"heading.default\">\n\t\t\t\t<div class=\"elementor-widget-container\">\n\t\t\t<h2 class=\"elementor-heading-title elementor-size-default\">PRODUCTOS RELACIONADOS<\/h2>\t\t<\/div>\n\t\t\t\t<\/div>\n\t\t\t\t<div class=\"elementor-element elementor-element-698cc5 elementor-widget elementor-widget-heading\" data-id=\"698cc5\" data-element_type=\"widget\" data-no-translation=\"\" data-widget_type=\"heading.default\">\n\t\t\t\t<div class=\"elementor-widget-container\">\n\t\t\t<style>.elementor-element-698cc5{display:none !important}<\/style>\t\t<\/div>\n\t\t\t\t<\/div>\n\t\t\t\t\t<\/div>\n\t\t<\/div>\n\t\t\t\t\t<\/div>\n\t\t<\/section>\n\t\t\t\t<section class=\"elementor-section elementor-top-section elementor-element elementor-element-6364733a elementor-section-boxed elementor-section-height-default elementor-section-height-default\" data-id=\"6364733a\" data-element_type=\"section\">\n\t\t\t\t\t\t<div class=\"elementor-container elementor-column-gap-no\">\n\t\t\t\t\t<div class=\"elementor-column elementor-col-33 elementor-top-column elementor-element elementor-element-7827f618\" data-id=\"7827f618\" data-element_type=\"column\">\n\t\t\t<div class=\"elementor-widget-wrap elementor-element-populated\">\n\t\t\t\t\t\t<div class=\"elementor-element elementor-element-472501b2 elementor-widget elementor-widget-image\" data-id=\"472501b2\" data-element_type=\"widget\" data-widget_type=\"image.default\">\n\t\t\t\t<div class=\"elementor-widget-container\">\n\t\t\t\t\t\t\t\t\t\t\t\t\t\t<a href=\"https:\/\/otherplace.op-models.com\/es\/sirens\/\">\n\t\t\t\t\t\t\t<img decoding=\"async\" width=\"150\" height=\"150\" src=\"https:\/\/otherplace.op-models.com\/wp-content\/uploads\/2022\/09\/Sirens1-150x150.jpg\" class=\"attachment-thumbnail size-thumbnail wp-image-2754\" alt=\"\" srcset=\"https:\/\/otherplace.op-models.com\/wp-content\/uploads\/2022\/09\/Sirens1-150x150.jpg 150w, https:\/\/otherplace.op-models.com\/wp-content\/uploads\/2022\/09\/Sirens1-400x400.jpg 400w, https:\/\/otherplace.op-models.com\/wp-content\/uploads\/2022\/09\/Sirens1-100x100.jpg 100w\" sizes=\"(max-width: 150px) 100vw, 150px\" \/>\t\t\t\t\t\t\t\t<\/a>\n\t\t\t\t\t\t\t\t\t\t\t\t\t<\/div>\n\t\t\t\t<\/div>\n\t\t\t\t<div class=\"elementor-element elementor-element-79cadc46 elementor-widget elementor-widget-heading\" data-id=\"79cadc46\" data-element_type=\"widget\" data-no-translation=\"\" data-widget_type=\"heading.default\">\n\t\t\t\t<div class=\"elementor-widget-container\">\n\t\t\t<h2 class=\"elementor-heading-title elementor-size-default\"><a href=\"https:\/\/otherplace.op-models.com\/sirens\/\">Sirenas<\/a><\/h2>\t\t<\/div>\n\t\t\t\t<\/div>\n\t\t\t\t<div class=\"elementor-element elementor-element-348b65bb elementor-widget elementor-widget-heading\" data-id=\"348b65bb\" data-element_type=\"widget\" data-no-translation=\"\" data-widget_type=\"heading.default\">\n\t\t\t\t<div class=\"elementor-widget-container\">\n\t\t\t<style>.elementor-element-348b65bb{display:none !important}<\/style>\t\t<\/div>\n\t\t\t\t<\/div>\n\t\t\t\t<div class=\"elementor-element elementor-element-4e40afb4 elementor-widget elementor-widget-heading\" data-id=\"4e40afb4\" data-element_type=\"widget\" data-widget_type=\"heading.default\">\n\t\t\t\t<div class=\"elementor-widget-container\">\n\t\t\t<h2 class=\"elementor-heading-title elementor-size-default\"><a href=\"https:\/\/otherplace.op-models.com\/es\/sirens\/\">15,50\u20ac<\/a><\/h2>\t\t<\/div>\n\t\t\t\t<\/div>\n\t\t\t\t\t<\/div>\n\t\t<\/div>\n\t\t\t\t<div class=\"elementor-column elementor-col-33 elementor-top-column elementor-element elementor-element-1851de62\" data-id=\"1851de62\" data-element_type=\"column\">\n\t\t\t<div class=\"elementor-widget-wrap elementor-element-populated\">\n\t\t\t\t\t\t<div class=\"elementor-element elementor-element-77395248 elementor-widget elementor-widget-image\" data-id=\"77395248\" data-element_type=\"widget\" data-widget_type=\"image.default\">\n\t\t\t\t<div class=\"elementor-widget-container\">\n\t\t\t\t\t\t\t\t\t\t\t\t\t\t<a href=\"https:\/\/otherplace.op-models.com\/es\/omen-of-savar\/\">\n\t\t\t\t\t\t\t<img decoding=\"async\" width=\"150\" height=\"150\" src=\"https:\/\/otherplace.op-models.com\/wp-content\/uploads\/2022\/09\/Omen-Front-150x150.jpg\" class=\"attachment-thumbnail size-thumbnail wp-image-2694\" alt=\"\" srcset=\"https:\/\/otherplace.op-models.com\/wp-content\/uploads\/2022\/09\/Omen-Front-150x150.jpg 150w, https:\/\/otherplace.op-models.com\/wp-content\/uploads\/2022\/09\/Omen-Front-400x400.jpg 400w, https:\/\/otherplace.op-models.com\/wp-content\/uploads\/2022\/09\/Omen-Front-100x100.jpg 100w\" sizes=\"(max-width: 150px) 100vw, 150px\" \/>\t\t\t\t\t\t\t\t<\/a>\n\t\t\t\t\t\t\t\t\t\t\t\t\t<\/div>\n\t\t\t\t<\/div>\n\t\t\t\t<div class=\"elementor-element elementor-element-1d7052c3 elementor-widget elementor-widget-heading\" data-id=\"1d7052c3\" data-element_type=\"widget\" data-no-translation=\"\" data-widget_type=\"heading.default\">\n\t\t\t\t<div class=\"elementor-widget-container\">\n\t\t\t<style>.elementor-element-1d7052c3{display:none !important}<\/style>\t\t<\/div>\n\t\t\t\t<\/div>\n\t\t\t\t<div class=\"elementor-element elementor-element-60d5c1f5 elementor-widget elementor-widget-heading\" data-id=\"60d5c1f5\" data-element_type=\"widget\" data-no-translation=\"\" data-widget_type=\"heading.default\">\n\t\t\t\t<div class=\"elementor-widget-container\">\n\t\t\t<h2 class=\"elementor-heading-title elementor-size-default\"><a href=\"https:\/\/otherplace.op-models.com\/omen-of-savar\/\">Presagio de Savar<\/a><\/h2>\t\t<\/div>\n\t\t\t\t<\/div>\n\t\t\t\t<div class=\"elementor-element elementor-element-5c6848dc elementor-widget elementor-widget-heading\" data-id=\"5c6848dc\" data-element_type=\"widget\" data-widget_type=\"heading.default\">\n\t\t\t\t<div class=\"elementor-widget-container\">\n\t\t\t<h2 class=\"elementor-heading-title elementor-size-default\"><a href=\"https:\/\/otherplace.op-models.com\/es\/omen-of-savar\/\">6,50\u20ac<\/a><\/h2>\t\t<\/div>\n\t\t\t\t<\/div>\n\t\t\t\t\t<\/div>\n\t\t<\/div>\n\t\t\t\t<div class=\"elementor-column elementor-col-33 elementor-top-column elementor-element elementor-element-62c5af30\" data-id=\"62c5af30\" data-element_type=\"column\">\n\t\t\t<div class=\"elementor-widget-wrap elementor-element-populated\">\n\t\t\t\t\t\t<div class=\"elementor-element elementor-element-45c71cd1 elementor-widget elementor-widget-image\" data-id=\"45c71cd1\" data-element_type=\"widget\" data-widget_type=\"image.default\">\n\t\t\t\t<div class=\"elementor-widget-container\">\n\t\t\t\t\t\t\t\t\t\t\t\t\t\t<a href=\"https:\/\/otherplace.op-models.com\/es\/strixian_spirit\/\">\n\t\t\t\t\t\t\t<img decoding=\"async\" width=\"150\" height=\"150\" src=\"https:\/\/otherplace.op-models.com\/wp-content\/uploads\/2022\/02\/4-150x150.png\" class=\"attachment-thumbnail size-thumbnail wp-image-2094\" alt=\"\" srcset=\"https:\/\/otherplace.op-models.com\/wp-content\/uploads\/2022\/02\/4-150x150.png 150w, https:\/\/otherplace.op-models.com\/wp-content\/uploads\/2022\/02\/4-100x100.png 100w, https:\/\/otherplace.op-models.com\/wp-content\/uploads\/2022\/02\/4-400x400.png 400w\" sizes=\"(max-width: 150px) 100vw, 150px\" \/>\t\t\t\t\t\t\t\t<\/a>\n\t\t\t\t\t\t\t\t\t\t\t\t\t<\/div>\n\t\t\t\t<\/div>\n\t\t\t\t<div class=\"elementor-element elementor-element-3c8af948 elementor-widget elementor-widget-heading\" data-id=\"3c8af948\" data-element_type=\"widget\" data-no-translation=\"\" data-widget_type=\"heading.default\">\n\t\t\t\t<div class=\"elementor-widget-container\">\n\t\t\t<style>.elementor-element-3c8af948{display:none !important}<\/style>\t\t<\/div>\n\t\t\t\t<\/div>\n\t\t\t\t<div class=\"elementor-element elementor-element-3ceb6844 elementor-widget elementor-widget-heading\" data-id=\"3ceb6844\" data-element_type=\"widget\" data-no-translation=\"\" data-widget_type=\"heading.default\">\n\t\t\t\t<div class=\"elementor-widget-container\">\n\t\t\t<h2 class=\"elementor-heading-title elementor-size-default\"><a href=\"https:\/\/otherplace.op-models.com\/strixian_spirit\/\">Espiritu de Estirge<\/a><\/h2>\t\t<\/div>\n\t\t\t\t<\/div>\n\t\t\t\t<div class=\"elementor-element elementor-element-14c96ab1 elementor-widget elementor-widget-heading\" data-id=\"14c96ab1\" data-element_type=\"widget\" data-widget_type=\"heading.default\">\n\t\t\t\t<div class=\"elementor-widget-container\">\n\t\t\t<h2 class=\"elementor-heading-title elementor-size-default\"><a href=\"https:\/\/otherplace.op-models.com\/es\/strixian_spirit\/\">8,50\u20ac<\/a><\/h2>\t\t<\/div>\n\t\t\t\t<\/div>\n\t\t\t\t\t<\/div>\n\t\t<\/div>\n\t\t\t\t\t<\/div>\n\t\t<\/section>\n\t\t\t\t<\/div>","protected":false},"excerpt":{"rendered":"<p>Cortesana de Cibaresh Anterior Siguiente Click the image to enlarge Ir a la Tienda Cibaresh, Lady of Lust, only dreams of subtle and seductive creatures, capable of captivating any mortal who has the audacity to look at them. Even the most battle-hardened warriors fall to their knees before the Courtesans of Cibaresh, allowing themselves to be torn by her claws, without resistance, only for the promise of pleasure. This product includes only digital files for printing on a suitable 3D printer. You will not receive physical miniatures. Includes one model. We recommend a 50x100mm base. Cibaresh, Se\u00f1ora de la Lujuria, s\u00f3lo sue\u00f1a con criaturas sutiles y seductoras, capaces de cautivar a cualquier mortal que tenga la osad\u00eda de mirarlas. Incluso los m\u00e1s aguerridos guerreros caen de rodillas ante las Cortesanas de Cibaresh, dej\u00e1ndose desgarrar sin oponer resistencia, s\u00f3lo por la promesa de placer. Este producto incluye s\u00f3lo archivos digitales para impresi\u00f3n en una impresora 3D adecuada. No recibir\u00e1s miniaturas f\u00edsicas. Incluye un modelo. Recomendamos una peana de 50&#215;100 mm. PRODUCTOS RELACIONADOS Sirenas 15,50\u20ac Presagio de Savar 6,50\u20ac Espiritu de Estirge 8,50\u20ac<\/p>","protected":false},"author":1,"featured_media":0,"parent":0,"menu_order":0,"comment_status":"closed","ping_status":"closed","template":"","meta":{"footnotes":""},"_links":{"self":[{"href":"https:\/\/otherplace.op-models.com\/es\/wp-json\/wp\/v2\/pages\/2761"}],"collection":[{"href":"https:\/\/otherplace.op-models.com\/es\/wp-json\/wp\/v2\/pages"}],"about":[{"href":"https:\/\/otherplace.op-models.com\/es\/wp-json\/wp\/v2\/types\/page"}],"author":[{"embeddable":true,"href":"https:\/\/otherplace.op-models.com\/es\/wp-json\/wp\/v2\/users\/1"}],"replies":[{"embeddable":true,"href":"https:\/\/otherplace.op-models.com\/es\/wp-json\/wp\/v2\/comments?post=2761"}],"version-history":[{"count":34,"href":"https:\/\/otherplace.op-models.com\/es\/wp-json\/wp\/v2\/pages\/2761\/revisions"}],"predecessor-version":[{"id":3584,"href":"https:\/\/otherplace.op-models.com\/es\/wp-json\/wp\/v2\/pages\/2761\/revisions\/3584"}],"wp:attachment":[{"href":"https:\/\/otherplace.op-models.com\/es\/wp-json\/wp\/v2\/media?parent=2761"}],"curies":[{"name":"wp","href":"https:\/\/api.w.org\/{rel}","templated":true}]}}