{"id":2775,"date":"2022-09-07T10:34:46","date_gmt":"2022-09-07T10:34:46","guid":{"rendered":"https:\/\/otherplace.op-models.com\/?page_id=2775"},"modified":"2022-09-09T16:19:52","modified_gmt":"2022-09-09T16:19:52","slug":"sucubous-bust","status":"publish","type":"page","link":"https:\/\/otherplace.op-models.com\/es\/sucubous-bust\/","title":{"rendered":"Sucubous Bust"},"content":{"rendered":"<div data-elementor-type=\"wp-page\" data-elementor-id=\"2775\" class=\"elementor elementor-2775\">\n\t\t\t\t\t\t<section class=\"elementor-section elementor-top-section elementor-element elementor-element-7b0c40a1 elementor-section-boxed elementor-section-height-default elementor-section-height-default\" data-id=\"7b0c40a1\" data-element_type=\"section\">\n\t\t\t\t\t\t<div class=\"elementor-container elementor-column-gap-default\">\n\t\t\t\t\t<div class=\"elementor-column elementor-col-100 elementor-top-column elementor-element elementor-element-3c573719\" data-id=\"3c573719\" data-element_type=\"column\">\n\t\t\t<div class=\"elementor-widget-wrap elementor-element-populated\">\n\t\t\t\t\t\t<div class=\"elementor-element elementor-element-24aa7dfc elementor-widget elementor-widget-heading\" data-id=\"24aa7dfc\" data-element_type=\"widget\" data-no-translation=\"\" data-widget_type=\"heading.default\">\n\t\t\t\t<div class=\"elementor-widget-container\">\n\t\t\t<style>.elementor-element-24aa7dfc{display:none !important}<\/style>\t\t<\/div>\n\t\t\t\t<\/div>\n\t\t\t\t<div class=\"elementor-element elementor-element-392174fa elementor-widget elementor-widget-heading\" data-id=\"392174fa\" data-element_type=\"widget\" data-no-translation=\"\" data-widget_type=\"heading.default\">\n\t\t\t\t<div class=\"elementor-widget-container\">\n\t\t\t<h2 class=\"elementor-heading-title elementor-size-default\">Busto S\u00facubo<\/h2>\t\t<\/div>\n\t\t\t\t<\/div>\n\t\t\t\t<div class=\"elementor-element elementor-element-5211f4db elementor-arrows-position-inside elementor-pagination-position-outside elementor-widget elementor-widget-image-carousel\" data-id=\"5211f4db\" data-element_type=\"widget\" data-settings=\"{&quot;speed&quot;:300,&quot;navigation&quot;:&quot;both&quot;,&quot;autoplay&quot;:&quot;yes&quot;,&quot;pause_on_hover&quot;:&quot;yes&quot;,&quot;pause_on_interaction&quot;:&quot;yes&quot;,&quot;autoplay_speed&quot;:5000,&quot;infinite&quot;:&quot;yes&quot;}\" data-widget_type=\"image-carousel.default\">\n\t\t\t\t<div class=\"elementor-widget-container\">\n\t\t\t\t\t<div class=\"elementor-image-carousel-wrapper swiper\" dir=\"ltr\">\n\t\t\t<div class=\"elementor-image-carousel swiper-wrapper\" aria-live=\"off\">\n\t\t\t\t\t\t\t\t<div class=\"swiper-slide\" role=\"group\" aria-roledescription=\"slide\" aria-label=\"1 de 2\"><a data-elementor-open-lightbox=\"yes\" data-elementor-lightbox-slideshow=\"5211f4db\" data-elementor-lightbox-title=\"BustSucubi1\" data-e-action-hash=\"#elementor-action%3Aaction%3Dlightbox%26settings%3DeyJpZCI6Mjc3NywidXJsIjoiaHR0cHM6XC9cL290aGVycGxhY2Uub3AtbW9kZWxzLmNvbVwvd3AtY29udGVudFwvdXBsb2Fkc1wvMjAyMlwvMDlcL0J1c3RTdWN1YmkxLmpwZyIsInNsaWRlc2hvdyI6IjUyMTFmNGRiIn0%3D\" href=\"https:\/\/otherplace.op-models.com\/wp-content\/uploads\/2022\/09\/BustSucubi1.jpg\"><figure class=\"swiper-slide-inner\"><img decoding=\"async\" class=\"swiper-slide-image\" src=\"https:\/\/otherplace.op-models.com\/wp-content\/uploads\/2022\/09\/BustSucubi1-150x150.jpg\" alt=\"BustSucubi1\" \/><\/figure><\/a><\/div><div class=\"swiper-slide\" role=\"group\" aria-roledescription=\"slide\" aria-label=\"2 de 2\"><a data-elementor-open-lightbox=\"yes\" data-elementor-lightbox-slideshow=\"5211f4db\" data-elementor-lightbox-title=\"BustSucubi2\" data-e-action-hash=\"#elementor-action%3Aaction%3Dlightbox%26settings%3DeyJpZCI6Mjc3OCwidXJsIjoiaHR0cHM6XC9cL290aGVycGxhY2Uub3AtbW9kZWxzLmNvbVwvd3AtY29udGVudFwvdXBsb2Fkc1wvMjAyMlwvMDlcL0J1c3RTdWN1YmkyLmpwZyIsInNsaWRlc2hvdyI6IjUyMTFmNGRiIn0%3D\" href=\"https:\/\/otherplace.op-models.com\/wp-content\/uploads\/2022\/09\/BustSucubi2.jpg\"><figure class=\"swiper-slide-inner\"><img decoding=\"async\" class=\"swiper-slide-image\" src=\"https:\/\/otherplace.op-models.com\/wp-content\/uploads\/2022\/09\/BustSucubi2-150x150.jpg\" alt=\"BustSucubi2\" \/><\/figure><\/a><\/div>\t\t\t<\/div>\n\t\t\t\t\t\t\t\t\t\t\t\t<div class=\"elementor-swiper-button elementor-swiper-button-prev\" role=\"button\" tabindex=\"0\">\n\t\t\t\t\t\t<i aria-hidden=\"true\" class=\"eicon-chevron-left\"><\/i>\t\t\t\t\t<\/div>\n\t\t\t\t\t<div class=\"elementor-swiper-button elementor-swiper-button-next\" role=\"button\" tabindex=\"0\">\n\t\t\t\t\t\t<i aria-hidden=\"true\" class=\"eicon-chevron-right\"><\/i>\t\t\t\t\t<\/div>\n\t\t\t\t\n\t\t\t\t\t\t\t\t\t<div class=\"swiper-pagination\"><\/div>\n\t\t\t\t\t\t\t\t\t<\/div>\n\t\t\t\t<\/div>\n\t\t\t\t<\/div>\n\t\t\t\t<div class=\"elementor-element elementor-element-537ccd7d elementor-widget elementor-widget-text-editor\" data-id=\"537ccd7d\" data-element_type=\"widget\" data-widget_type=\"text-editor.default\">\n\t\t\t\t<div class=\"elementor-widget-container\">\n\t\t\t\t\t\t\t<h4 style=\"text-align: center;\">Click en la imagen para agrandar<\/h4>\t\t\t\t\t\t<\/div>\n\t\t\t\t<\/div>\n\t\t\t\t<div class=\"elementor-element elementor-element-3cb2e0f elementor-align-center elementor-widget elementor-widget-button\" data-id=\"3cb2e0f\" data-element_type=\"widget\" data-no-translation=\"\" data-widget_type=\"button.default\">\n\t\t\t\t<div class=\"elementor-widget-container\">\n\t\t\t\t\t<div class=\"elementor-button-wrapper\">\n\t\t\t<a class=\"elementor-button elementor-button-link elementor-size-sm\" href=\"https:\/\/otherplace.op-models.com\/producto\/succubous-bust\/\">\n\t\t\t\t\t\t<span class=\"elementor-button-content-wrapper\">\n\t\t\t\t\t\t\t\t\t<span class=\"elementor-button-text\">Ir a la Tienda<\/span>\n\t\t\t\t\t<\/span>\n\t\t\t\t\t<\/a>\n\t\t<\/div>\n\t\t\t\t<\/div>\n\t\t\t\t<\/div>\n\t\t\t\t<div class=\"elementor-element elementor-element-6822231 elementor-align-center elementor-widget elementor-widget-button\" data-id=\"6822231\" data-element_type=\"widget\" data-no-translation=\"\" data-widget_type=\"button.default\">\n\t\t\t\t<div class=\"elementor-widget-container\">\n\t\t\t<style>.elementor-element-6822231{display:none !important}<\/style>\t\t<\/div>\n\t\t\t\t<\/div>\n\t\t\t\t<div class=\"elementor-element elementor-element-1870e5d4 elementor-widget elementor-widget-text-editor\" data-id=\"1870e5d4\" data-element_type=\"widget\" data-no-translation=\"\" data-widget_type=\"text-editor.default\">\n\t\t\t\t<div class=\"elementor-widget-container\">\n\t\t\t<style>.elementor-element-1870e5d4{display:none !important}<\/style>\t\t<\/div>\n\t\t\t\t<\/div>\n\t\t\t\t<div class=\"elementor-element elementor-element-10a2c01f elementor-widget elementor-widget-text-editor\" data-id=\"10a2c01f\" data-element_type=\"widget\" data-no-translation=\"\" data-widget_type=\"text-editor.default\">\n\t\t\t\t<div class=\"elementor-widget-container\">\n\t\t\t\t\t\t\t<p>Este producto incluye s\u00f3lo archivos digitales para impresi\u00f3n en una impresora 3D adecuada. No recibir\u00e1s miniaturas f\u00edsicas.<\/p><p>Incluye dos modelos: un busto parcial y uno completo.<\/p>\t\t\t\t\t\t<\/div>\n\t\t\t\t<\/div>\n\t\t\t\t<div class=\"elementor-element elementor-element-22c14704 elementor-widget elementor-widget-heading\" data-id=\"22c14704\" data-element_type=\"widget\" data-no-translation=\"\" data-widget_type=\"heading.default\">\n\t\t\t\t<div class=\"elementor-widget-container\">\n\t\t\t<h2 class=\"elementor-heading-title elementor-size-default\">PRODUCTOS RELACIONADOS<\/h2>\t\t<\/div>\n\t\t\t\t<\/div>\n\t\t\t\t<div class=\"elementor-element elementor-element-2f26f058 elementor-widget elementor-widget-heading\" data-id=\"2f26f058\" data-element_type=\"widget\" data-no-translation=\"\" data-widget_type=\"heading.default\">\n\t\t\t\t<div class=\"elementor-widget-container\">\n\t\t\t<style>.elementor-element-2f26f058{display:none !important}<\/style>\t\t<\/div>\n\t\t\t\t<\/div>\n\t\t\t\t\t<\/div>\n\t\t<\/div>\n\t\t\t\t\t<\/div>\n\t\t<\/section>\n\t\t\t\t<section class=\"elementor-section elementor-top-section elementor-element elementor-element-75743495 elementor-section-boxed elementor-section-height-default elementor-section-height-default\" data-id=\"75743495\" data-element_type=\"section\">\n\t\t\t\t\t\t<div class=\"elementor-container elementor-column-gap-no\">\n\t\t\t\t\t<div class=\"elementor-column elementor-col-33 elementor-top-column elementor-element elementor-element-7bf4d05a\" data-id=\"7bf4d05a\" data-element_type=\"column\">\n\t\t\t<div class=\"elementor-widget-wrap elementor-element-populated\">\n\t\t\t\t\t\t<div class=\"elementor-element elementor-element-458ee922 elementor-widget elementor-widget-image\" data-id=\"458ee922\" data-element_type=\"widget\" data-widget_type=\"image.default\">\n\t\t\t\t<div class=\"elementor-widget-container\">\n\t\t\t\t\t\t\t\t\t\t\t\t\t\t<a href=\"https:\/\/otherplace.op-models.com\/es\/myrmidon-bust\/\">\n\t\t\t\t\t\t\t<img decoding=\"async\" width=\"150\" height=\"150\" src=\"https:\/\/otherplace.op-models.com\/wp-content\/uploads\/2022\/09\/BustMyrmi2-150x150.jpg\" class=\"attachment-thumbnail size-thumbnail wp-image-2770\" alt=\"\" srcset=\"https:\/\/otherplace.op-models.com\/wp-content\/uploads\/2022\/09\/BustMyrmi2-150x150.jpg 150w, https:\/\/otherplace.op-models.com\/wp-content\/uploads\/2022\/09\/BustMyrmi2-400x400.jpg 400w, https:\/\/otherplace.op-models.com\/wp-content\/uploads\/2022\/09\/BustMyrmi2-100x100.jpg 100w\" sizes=\"(max-width: 150px) 100vw, 150px\" \/>\t\t\t\t\t\t\t\t<\/a>\n\t\t\t\t\t\t\t\t\t\t\t\t\t<\/div>\n\t\t\t\t<\/div>\n\t\t\t\t<div class=\"elementor-element elementor-element-f783a4a elementor-widget elementor-widget-heading\" data-id=\"f783a4a\" data-element_type=\"widget\" data-no-translation=\"\" data-widget_type=\"heading.default\">\n\t\t\t\t<div class=\"elementor-widget-container\">\n\t\t\t<h2 class=\"elementor-heading-title elementor-size-default\"><a href=\"https:\/\/otherplace.op-models.com\/myrmidon-bust\/\">Busto de Mirmidon<\/a><\/h2>\t\t<\/div>\n\t\t\t\t<\/div>\n\t\t\t\t<div class=\"elementor-element elementor-element-ec7ddf6 elementor-widget elementor-widget-heading\" data-id=\"ec7ddf6\" data-element_type=\"widget\" data-no-translation=\"\" data-widget_type=\"heading.default\">\n\t\t\t\t<div class=\"elementor-widget-container\">\n\t\t\t<style>.elementor-element-ec7ddf6{display:none !important}<\/style>\t\t<\/div>\n\t\t\t\t<\/div>\n\t\t\t\t<div class=\"elementor-element elementor-element-2edbf0c3 elementor-widget elementor-widget-heading\" data-id=\"2edbf0c3\" data-element_type=\"widget\" data-widget_type=\"heading.default\">\n\t\t\t\t<div class=\"elementor-widget-container\">\n\t\t\t<h2 class=\"elementor-heading-title elementor-size-default\"><a href=\"https:\/\/otherplace.op-models.com\/es\/myrmidon-bust\/\">10,00\u20ac<\/a><\/h2>\t\t<\/div>\n\t\t\t\t<\/div>\n\t\t\t\t\t<\/div>\n\t\t<\/div>\n\t\t\t\t<div class=\"elementor-column elementor-col-33 elementor-top-column elementor-element elementor-element-40da70a1\" data-id=\"40da70a1\" data-element_type=\"column\">\n\t\t\t<div class=\"elementor-widget-wrap elementor-element-populated\">\n\t\t\t\t\t\t<div class=\"elementor-element elementor-element-3ce38b02 elementor-widget elementor-widget-image\" data-id=\"3ce38b02\" data-element_type=\"widget\" data-widget_type=\"image.default\">\n\t\t\t\t<div class=\"elementor-widget-container\">\n\t\t\t\t\t\t\t\t\t\t\t\t\t\t<a href=\"https:\/\/otherplace.op-models.com\/es\/succubi\/\">\n\t\t\t\t\t\t\t<img decoding=\"async\" width=\"150\" height=\"150\" src=\"https:\/\/otherplace.op-models.com\/wp-content\/uploads\/2022\/09\/sucubi-unit2-e1662734156777-150x150.jpg\" class=\"attachment-thumbnail size-thumbnail wp-image-2680\" alt=\"\" srcset=\"https:\/\/otherplace.op-models.com\/wp-content\/uploads\/2022\/09\/sucubi-unit2-e1662734156777-150x150.jpg 150w, https:\/\/otherplace.op-models.com\/wp-content\/uploads\/2022\/09\/sucubi-unit2-e1662734156777-400x400.jpg 400w, https:\/\/otherplace.op-models.com\/wp-content\/uploads\/2022\/09\/sucubi-unit2-e1662734156777-100x100.jpg 100w\" sizes=\"(max-width: 150px) 100vw, 150px\" \/>\t\t\t\t\t\t\t\t<\/a>\n\t\t\t\t\t\t\t\t\t\t\t\t\t<\/div>\n\t\t\t\t<\/div>\n\t\t\t\t<div class=\"elementor-element elementor-element-22b9b4ee elementor-widget elementor-widget-heading\" data-id=\"22b9b4ee\" data-element_type=\"widget\" data-no-translation=\"\" data-widget_type=\"heading.default\">\n\t\t\t\t<div class=\"elementor-widget-container\">\n\t\t\t<style>.elementor-element-22b9b4ee{display:none !important}<\/style>\t\t<\/div>\n\t\t\t\t<\/div>\n\t\t\t\t<div class=\"elementor-element elementor-element-af6da2d elementor-widget elementor-widget-heading\" data-id=\"af6da2d\" data-element_type=\"widget\" data-no-translation=\"\" data-widget_type=\"heading.default\">\n\t\t\t\t<div class=\"elementor-widget-container\">\n\t\t\t<h2 class=\"elementor-heading-title elementor-size-default\"><a href=\"https:\/\/otherplace.op-models.com\/succubi\/\">S\u00facubos<\/a><\/h2>\t\t<\/div>\n\t\t\t\t<\/div>\n\t\t\t\t<div class=\"elementor-element elementor-element-13380e20 elementor-widget elementor-widget-heading\" data-id=\"13380e20\" data-element_type=\"widget\" data-widget_type=\"heading.default\">\n\t\t\t\t<div class=\"elementor-widget-container\">\n\t\t\t<h2 class=\"elementor-heading-title elementor-size-default\"><a href=\"https:\/\/otherplace.op-models.com\/es\/succubi\/\">14,50\u20ac<\/a><\/h2>\t\t<\/div>\n\t\t\t\t<\/div>\n\t\t\t\t\t<\/div>\n\t\t<\/div>\n\t\t\t\t<div class=\"elementor-column elementor-col-33 elementor-top-column elementor-element elementor-element-25dcbc21\" data-id=\"25dcbc21\" data-element_type=\"column\">\n\t\t\t<div class=\"elementor-widget-wrap elementor-element-populated\">\n\t\t\t\t\t\t<div class=\"elementor-element elementor-element-60affc1 elementor-widget elementor-widget-image\" data-id=\"60affc1\" data-element_type=\"widget\" data-widget_type=\"image.default\">\n\t\t\t\t<div class=\"elementor-widget-container\">\n\t\t\t\t\t\t\t\t\t\t\t\t\t\t<a href=\"https:\/\/otherplace.op-models.com\/es\/art-book\/\">\n\t\t\t\t\t\t\t<img decoding=\"async\" width=\"150\" height=\"150\" src=\"https:\/\/otherplace.op-models.com\/wp-content\/uploads\/2022\/09\/portada-2-150x150.jpg\" class=\"attachment-thumbnail size-thumbnail wp-image-3086\" alt=\"\" srcset=\"https:\/\/otherplace.op-models.com\/wp-content\/uploads\/2022\/09\/portada-2-150x150.jpg 150w, https:\/\/otherplace.op-models.com\/wp-content\/uploads\/2022\/09\/portada-2-400x400.jpg 400w, https:\/\/otherplace.op-models.com\/wp-content\/uploads\/2022\/09\/portada-2-100x100.jpg 100w\" sizes=\"(max-width: 150px) 100vw, 150px\" \/>\t\t\t\t\t\t\t\t<\/a>\n\t\t\t\t\t\t\t\t\t\t\t\t\t<\/div>\n\t\t\t\t<\/div>\n\t\t\t\t<div class=\"elementor-element elementor-element-127664f2 elementor-widget elementor-widget-heading\" data-id=\"127664f2\" data-element_type=\"widget\" data-no-translation=\"\" data-widget_type=\"heading.default\">\n\t\t\t\t<div class=\"elementor-widget-container\">\n\t\t\t<style>.elementor-element-127664f2{display:none !important}<\/style>\t\t<\/div>\n\t\t\t\t<\/div>\n\t\t\t\t<div class=\"elementor-element elementor-element-45771f3d elementor-widget elementor-widget-heading\" data-id=\"45771f3d\" data-element_type=\"widget\" data-no-translation=\"\" data-widget_type=\"heading.default\">\n\t\t\t\t<div class=\"elementor-widget-container\">\n\t\t\t<h2 class=\"elementor-heading-title elementor-size-default\"><a href=\"https:\/\/otherplace.op-models.com\/art-book\/\">Libro de Arte<\/a><\/h2>\t\t<\/div>\n\t\t\t\t<\/div>\n\t\t\t\t<div class=\"elementor-element elementor-element-32d4b10d elementor-widget elementor-widget-heading\" data-id=\"32d4b10d\" data-element_type=\"widget\" data-widget_type=\"heading.default\">\n\t\t\t\t<div class=\"elementor-widget-container\">\n\t\t\t<h2 class=\"elementor-heading-title elementor-size-default\"><a href=\"https:\/\/otherplace.op-models.com\/es\/art-book\/\">1,50\u20ac<\/a><\/h2>\t\t<\/div>\n\t\t\t\t<\/div>\n\t\t\t\t\t<\/div>\n\t\t<\/div>\n\t\t\t\t\t<\/div>\n\t\t<\/section>\n\t\t\t\t<\/div>","protected":false},"excerpt":{"rendered":"<p>Busto S\u00facubo Anterior Siguiente Click the image to enlarge Ir a la Tienda This product includes only digital files for printing on a suitable 3D printer. You will not receive physical miniatures. Includes two models: one partial and one full bust. Este producto incluye s\u00f3lo archivos digitales para impresi\u00f3n en una impresora 3D adecuada. No recibir\u00e1s miniaturas f\u00edsicas. Incluye dos modelos: un busto parcial y uno completo. PRODUCTOS RELACIONADOS Busto de Mirmidon 10,00\u20ac S\u00facubos 14,50\u20ac Libro de Arte 1,50\u20ac<\/p>","protected":false},"author":1,"featured_media":0,"parent":0,"menu_order":0,"comment_status":"closed","ping_status":"closed","template":"","meta":{"footnotes":""},"_links":{"self":[{"href":"https:\/\/otherplace.op-models.com\/es\/wp-json\/wp\/v2\/pages\/2775"}],"collection":[{"href":"https:\/\/otherplace.op-models.com\/es\/wp-json\/wp\/v2\/pages"}],"about":[{"href":"https:\/\/otherplace.op-models.com\/es\/wp-json\/wp\/v2\/types\/page"}],"author":[{"embeddable":true,"href":"https:\/\/otherplace.op-models.com\/es\/wp-json\/wp\/v2\/users\/1"}],"replies":[{"embeddable":true,"href":"https:\/\/otherplace.op-models.com\/es\/wp-json\/wp\/v2\/comments?post=2775"}],"version-history":[{"count":28,"href":"https:\/\/otherplace.op-models.com\/es\/wp-json\/wp\/v2\/pages\/2775\/revisions"}],"predecessor-version":[{"id":3650,"href":"https:\/\/otherplace.op-models.com\/es\/wp-json\/wp\/v2\/pages\/2775\/revisions\/3650"}],"wp:attachment":[{"href":"https:\/\/otherplace.op-models.com\/es\/wp-json\/wp\/v2\/media?parent=2775"}],"curies":[{"name":"wp","href":"https:\/\/api.w.org\/{rel}","templated":true}]}}