{"id":2878,"date":"2022-09-07T15:58:19","date_gmt":"2022-09-07T15:58:19","guid":{"rendered":"https:\/\/otherplace.op-models.com\/?page_id=2878"},"modified":"2022-09-09T17:28:18","modified_gmt":"2022-09-09T17:28:18","slug":"core-units","status":"publish","type":"page","link":"https:\/\/otherplace.op-models.com\/es\/core-units\/","title":{"rendered":"Core Units"},"content":{"rendered":"<div data-elementor-type=\"wp-page\" data-elementor-id=\"2878\" class=\"elementor elementor-2878\">\n\t\t\t\t\t\t<section class=\"elementor-section elementor-top-section elementor-element elementor-element-3d3ade45 elementor-section-content-middle elementor-section-boxed elementor-section-height-default elementor-section-height-default\" data-id=\"3d3ade45\" data-element_type=\"section\">\n\t\t\t\t\t\t<div class=\"elementor-container elementor-column-gap-no\">\n\t\t\t\t\t<div class=\"elementor-column elementor-col-100 elementor-top-column elementor-element elementor-element-6083fa8b\" data-id=\"6083fa8b\" data-element_type=\"column\">\n\t\t\t<div class=\"elementor-widget-wrap elementor-element-populated\">\n\t\t\t\t\t\t<div class=\"elementor-element elementor-element-289ea5af elementor-hidden-desktop elementor-widget elementor-widget-heading\" data-id=\"289ea5af\" data-element_type=\"widget\" data-no-translation=\"\" data-widget_type=\"heading.default\">\n\t\t\t\t<div class=\"elementor-widget-container\">\n\t\t\t<style>.elementor-element-289ea5af{display:none !important}<\/style>\t\t<\/div>\n\t\t\t\t<\/div>\n\t\t\t\t<div class=\"elementor-element elementor-element-6912c670 elementor-hidden-tablet elementor-hidden-mobile elementor-widget elementor-widget-heading\" data-id=\"6912c670\" data-element_type=\"widget\" data-no-translation=\"\" data-widget_type=\"heading.default\">\n\t\t\t\t<div class=\"elementor-widget-container\">\n\t\t\t<style>.elementor-element-6912c670{display:none !important}<\/style>\t\t<\/div>\n\t\t\t\t<\/div>\n\t\t\t\t<div class=\"elementor-element elementor-element-48ee16d7 elementor-hidden-desktop elementor-widget elementor-widget-heading\" data-id=\"48ee16d7\" data-element_type=\"widget\" data-no-translation=\"\" data-widget_type=\"heading.default\">\n\t\t\t\t<div class=\"elementor-widget-container\">\n\t\t\t<h4 class=\"elementor-heading-title elementor-size-small\">Nuestros Productos<\/h4>\t\t<\/div>\n\t\t\t\t<\/div>\n\t\t\t\t<div class=\"elementor-element elementor-element-1e9f38ad elementor-hidden-tablet elementor-hidden-mobile elementor-widget elementor-widget-heading\" data-id=\"1e9f38ad\" data-element_type=\"widget\" data-no-translation=\"\" data-widget_type=\"heading.default\">\n\t\t\t\t<div class=\"elementor-widget-container\">\n\t\t\t<h4 class=\"elementor-heading-title elementor-size-small\">Unidades B\u00e1sicas<\/h4>\t\t<\/div>\n\t\t\t\t<\/div>\n\t\t\t\t<section class=\"elementor-section elementor-inner-section elementor-element elementor-element-91e63f9 elementor-section-content-middle elementor-section-boxed elementor-section-height-default elementor-section-height-default\" data-id=\"91e63f9\" data-element_type=\"section\">\n\t\t\t\t\t\t<div class=\"elementor-container elementor-column-gap-no\">\n\t\t\t\t\t<div class=\"elementor-column elementor-col-33 elementor-inner-column elementor-element elementor-element-4ccbda1e\" data-id=\"4ccbda1e\" data-element_type=\"column\">\n\t\t\t<div class=\"elementor-widget-wrap elementor-element-populated\">\n\t\t\t\t\t\t<div class=\"elementor-element elementor-element-3b3b5dc elementor-position-top elementor-widget elementor-widget-image-box\" data-id=\"3b3b5dc\" data-element_type=\"widget\" data-widget_type=\"image-box.default\">\n\t\t\t\t<div class=\"elementor-widget-container\">\n\t\t\t<div class=\"elementor-image-box-wrapper\"><figure class=\"elementor-image-box-img\"><a href=\"https:\/\/otherplace.op-models.com\/es\/mirmidones\/\" tabindex=\"-1\"><img fetchpriority=\"high\" decoding=\"async\" width=\"512\" height=\"358\" src=\"https:\/\/otherplace.op-models.com\/wp-content\/uploads\/2021\/09\/Mirmis_5x3_2-e1630511560716.png\" class=\"attachment-full size-full wp-image-448\" alt=\"\" srcset=\"https:\/\/otherplace.op-models.com\/wp-content\/uploads\/2021\/09\/Mirmis_5x3_2-e1630511560716.png 512w, https:\/\/otherplace.op-models.com\/wp-content\/uploads\/2021\/09\/Mirmis_5x3_2-e1630511560716-450x315.png 450w\" sizes=\"(max-width: 512px) 100vw, 512px\" \/><\/a><\/figure><\/div>\t\t<\/div>\n\t\t\t\t<\/div>\n\t\t\t\t<div class=\"elementor-element elementor-element-45711dad elementor-align-center elementor-widget elementor-widget-button\" data-id=\"45711dad\" data-element_type=\"widget\" data-no-translation=\"\" data-widget_type=\"button.default\">\n\t\t\t\t<div class=\"elementor-widget-container\">\n\t\t\t<style>.elementor-element-45711dad{display:none !important}<\/style>\t\t<\/div>\n\t\t\t\t<\/div>\n\t\t\t\t<div class=\"elementor-element elementor-element-13d4e6fd elementor-align-center elementor-widget elementor-widget-button\" data-id=\"13d4e6fd\" data-element_type=\"widget\" data-no-translation=\"\" data-widget_type=\"button.default\">\n\t\t\t\t<div class=\"elementor-widget-container\">\n\t\t\t\t\t<div class=\"elementor-button-wrapper\">\n\t\t\t<a class=\"elementor-button elementor-button-link elementor-size-sm\" href=\"http:\/\/otherplace.op-models.com\/mirmidones\/\">\n\t\t\t\t\t\t<span class=\"elementor-button-content-wrapper\">\n\t\t\t\t\t\t\t\t\t<span class=\"elementor-button-text\">Mirmidones<\/span>\n\t\t\t\t\t<\/span>\n\t\t\t\t\t<\/a>\n\t\t<\/div>\n\t\t\t\t<\/div>\n\t\t\t\t<\/div>\n\t\t\t\t<div class=\"elementor-element elementor-element-37e0eb44 elementor-position-top elementor-widget elementor-widget-image-box\" data-id=\"37e0eb44\" data-element_type=\"widget\" data-widget_type=\"image-box.default\">\n\t\t\t\t<div class=\"elementor-widget-container\">\n\t\t\t<div class=\"elementor-image-box-wrapper\"><figure class=\"elementor-image-box-img\"><a href=\"https:\/\/otherplace.op-models.com\/es\/filler-myrmidons\/\" tabindex=\"-1\"><img decoding=\"async\" width=\"300\" height=\"300\" src=\"https:\/\/otherplace.op-models.com\/wp-content\/uploads\/2022\/01\/Portal1MyrmiRed-300x300.jpg\" class=\"attachment-medium size-medium wp-image-926\" alt=\"\" srcset=\"https:\/\/otherplace.op-models.com\/wp-content\/uploads\/2022\/01\/Portal1MyrmiRed-300x300.jpg 300w, https:\/\/otherplace.op-models.com\/wp-content\/uploads\/2022\/01\/Portal1MyrmiRed-150x150.jpg 150w, https:\/\/otherplace.op-models.com\/wp-content\/uploads\/2022\/01\/Portal1MyrmiRed-768x768.jpg 768w, https:\/\/otherplace.op-models.com\/wp-content\/uploads\/2022\/01\/Portal1MyrmiRed-12x12.jpg 12w, https:\/\/otherplace.op-models.com\/wp-content\/uploads\/2022\/01\/Portal1MyrmiRed-600x600.jpg 600w, https:\/\/otherplace.op-models.com\/wp-content\/uploads\/2022\/01\/Portal1MyrmiRed-100x100.jpg 100w, https:\/\/otherplace.op-models.com\/wp-content\/uploads\/2022\/01\/Portal1MyrmiRed-400x400.jpg 400w, https:\/\/otherplace.op-models.com\/wp-content\/uploads\/2022\/01\/Portal1MyrmiRed.jpg 852w\" sizes=\"(max-width: 300px) 100vw, 300px\" \/><\/a><\/figure><\/div>\t\t<\/div>\n\t\t\t\t<\/div>\n\t\t\t\t<div class=\"elementor-element elementor-element-12abafa6 elementor-align-center elementor-widget elementor-widget-button\" data-id=\"12abafa6\" data-element_type=\"widget\" data-no-translation=\"\" data-widget_type=\"button.default\">\n\t\t\t\t<div class=\"elementor-widget-container\">\n\t\t\t\t\t<div class=\"elementor-button-wrapper\">\n\t\t\t<a class=\"elementor-button elementor-button-link elementor-size-sm\" href=\"https:\/\/otherplace.op-models.com\/filler-myrmidons\">\n\t\t\t\t\t\t<span class=\"elementor-button-content-wrapper\">\n\t\t\t\t\t\t\t\t\t<span class=\"elementor-button-text\">Rellenador Mirmidones<\/span>\n\t\t\t\t\t<\/span>\n\t\t\t\t\t<\/a>\n\t\t<\/div>\n\t\t\t\t<\/div>\n\t\t\t\t<\/div>\n\t\t\t\t<div class=\"elementor-element elementor-element-75b3c3f8 elementor-align-center elementor-widget elementor-widget-button\" data-id=\"75b3c3f8\" data-element_type=\"widget\" data-no-translation=\"\" data-widget_type=\"button.default\">\n\t\t\t\t<div class=\"elementor-widget-container\">\n\t\t\t<style>.elementor-element-75b3c3f8{display:none !important}<\/style>\t\t<\/div>\n\t\t\t\t<\/div>\n\t\t\t\t\t<\/div>\n\t\t<\/div>\n\t\t\t\t<div class=\"elementor-column elementor-col-33 elementor-inner-column elementor-element elementor-element-4464a998\" data-id=\"4464a998\" data-element_type=\"column\">\n\t\t\t<div class=\"elementor-widget-wrap elementor-element-populated\">\n\t\t\t\t\t\t<div class=\"elementor-element elementor-element-2b69c073 elementor-position-top elementor-widget elementor-widget-image-box\" data-id=\"2b69c073\" data-element_type=\"widget\" data-widget_type=\"image-box.default\">\n\t\t\t\t<div class=\"elementor-widget-container\">\n\t\t\t<div class=\"elementor-image-box-wrapper\"><figure class=\"elementor-image-box-img\"><a href=\"https:\/\/otherplace.op-models.com\/es\/lemures\/\" tabindex=\"-1\"><img decoding=\"async\" width=\"512\" height=\"358\" src=\"https:\/\/otherplace.op-models.com\/wp-content\/uploads\/2021\/09\/Lemures-5x3_2-e1630511608482.png\" class=\"attachment-full size-full wp-image-449\" alt=\"\" srcset=\"https:\/\/otherplace.op-models.com\/wp-content\/uploads\/2021\/09\/Lemures-5x3_2-e1630511608482.png 512w, https:\/\/otherplace.op-models.com\/wp-content\/uploads\/2021\/09\/Lemures-5x3_2-e1630511608482-450x315.png 450w\" sizes=\"(max-width: 512px) 100vw, 512px\" \/><\/a><\/figure><\/div>\t\t<\/div>\n\t\t\t\t<\/div>\n\t\t\t\t<div class=\"elementor-element elementor-element-45f7e23b elementor-align-center elementor-widget elementor-widget-button\" data-id=\"45f7e23b\" data-element_type=\"widget\" data-no-translation=\"\" data-widget_type=\"button.default\">\n\t\t\t\t<div class=\"elementor-widget-container\">\n\t\t\t<style>.elementor-element-45f7e23b{display:none !important}<\/style>\t\t<\/div>\n\t\t\t\t<\/div>\n\t\t\t\t<div class=\"elementor-element elementor-element-2a3f8bea elementor-align-center elementor-widget elementor-widget-button\" data-id=\"2a3f8bea\" data-element_type=\"widget\" data-no-translation=\"\" data-widget_type=\"button.default\">\n\t\t\t\t<div class=\"elementor-widget-container\">\n\t\t\t\t\t<div class=\"elementor-button-wrapper\">\n\t\t\t<a class=\"elementor-button elementor-button-link elementor-size-sm\" href=\"http:\/\/otherplace.op-models.com\/lemures\/\">\n\t\t\t\t\t\t<span class=\"elementor-button-content-wrapper\">\n\t\t\t\t\t\t\t\t\t<span class=\"elementor-button-text\">L\u00e9mures<\/span>\n\t\t\t\t\t<\/span>\n\t\t\t\t\t<\/a>\n\t\t<\/div>\n\t\t\t\t<\/div>\n\t\t\t\t<\/div>\n\t\t\t\t<div class=\"elementor-element elementor-element-6310f7b2 elementor-position-top elementor-widget elementor-widget-image-box\" data-id=\"6310f7b2\" data-element_type=\"widget\" data-widget_type=\"image-box.default\">\n\t\t\t\t<div class=\"elementor-widget-container\">\n\t\t\t<div class=\"elementor-image-box-wrapper\"><figure class=\"elementor-image-box-img\"><a href=\"https:\/\/otherplace.op-models.com\/es\/filler-lemurs\/\" tabindex=\"-1\"><img loading=\"lazy\" decoding=\"async\" width=\"300\" height=\"300\" src=\"https:\/\/otherplace.op-models.com\/wp-content\/uploads\/2022\/01\/Lemur_Portal2-e1643567240165-300x300.png\" class=\"attachment-medium size-medium wp-image-934\" alt=\"\" srcset=\"https:\/\/otherplace.op-models.com\/wp-content\/uploads\/2022\/01\/Lemur_Portal2-e1643567240165-300x300.png 300w, https:\/\/otherplace.op-models.com\/wp-content\/uploads\/2022\/01\/Lemur_Portal2-e1643567240165-150x150.png 150w, https:\/\/otherplace.op-models.com\/wp-content\/uploads\/2022\/01\/Lemur_Portal2-e1643567240165-768x768.png 768w, https:\/\/otherplace.op-models.com\/wp-content\/uploads\/2022\/01\/Lemur_Portal2-e1643567240165-12x12.png 12w, https:\/\/otherplace.op-models.com\/wp-content\/uploads\/2022\/01\/Lemur_Portal2-e1643567240165-600x600.png 600w, https:\/\/otherplace.op-models.com\/wp-content\/uploads\/2022\/01\/Lemur_Portal2-e1643567240165-100x100.png 100w, https:\/\/otherplace.op-models.com\/wp-content\/uploads\/2022\/01\/Lemur_Portal2-e1643567240165-400x400.png 400w, https:\/\/otherplace.op-models.com\/wp-content\/uploads\/2022\/01\/Lemur_Portal2-e1643567240165.png 798w\" sizes=\"(max-width: 300px) 100vw, 300px\" \/><\/a><\/figure><\/div>\t\t<\/div>\n\t\t\t\t<\/div>\n\t\t\t\t<div class=\"elementor-element elementor-element-6ec6c30f elementor-align-center elementor-widget elementor-widget-button\" data-id=\"6ec6c30f\" data-element_type=\"widget\" data-no-translation=\"\" data-widget_type=\"button.default\">\n\t\t\t\t<div class=\"elementor-widget-container\">\n\t\t\t<style>.elementor-element-6ec6c30f{display:none !important}<\/style>\t\t<\/div>\n\t\t\t\t<\/div>\n\t\t\t\t<div class=\"elementor-element elementor-element-5d0d9a54 elementor-align-center elementor-widget elementor-widget-button\" data-id=\"5d0d9a54\" data-element_type=\"widget\" data-no-translation=\"\" data-widget_type=\"button.default\">\n\t\t\t\t<div class=\"elementor-widget-container\">\n\t\t\t\t\t<div class=\"elementor-button-wrapper\">\n\t\t\t<a class=\"elementor-button elementor-button-link elementor-size-sm\" href=\"https:\/\/otherplace.op-models.com\/filler-lemurs\">\n\t\t\t\t\t\t<span class=\"elementor-button-content-wrapper\">\n\t\t\t\t\t\t\t\t\t<span class=\"elementor-button-text\">Rellenador L\u00e9mures<\/span>\n\t\t\t\t\t<\/span>\n\t\t\t\t\t<\/a>\n\t\t<\/div>\n\t\t\t\t<\/div>\n\t\t\t\t<\/div>\n\t\t\t\t\t<\/div>\n\t\t<\/div>\n\t\t\t\t<div class=\"elementor-column elementor-col-33 elementor-inner-column elementor-element elementor-element-42093a68\" data-id=\"42093a68\" data-element_type=\"column\">\n\t\t\t<div class=\"elementor-widget-wrap elementor-element-populated\">\n\t\t\t\t\t\t<div class=\"elementor-element elementor-element-9c8d598 e-transform elementor-position-top elementor-widget elementor-widget-image-box\" data-id=\"9c8d598\" data-element_type=\"widget\" data-settings=\"{&quot;_transform_scale_effect&quot;:{&quot;unit&quot;:&quot;px&quot;,&quot;size&quot;:0.8,&quot;sizes&quot;:[]},&quot;_transform_scale_effect_tablet&quot;:{&quot;unit&quot;:&quot;px&quot;,&quot;size&quot;:&quot;&quot;,&quot;sizes&quot;:[]},&quot;_transform_scale_effect_mobile&quot;:{&quot;unit&quot;:&quot;px&quot;,&quot;size&quot;:&quot;&quot;,&quot;sizes&quot;:[]}}\" data-widget_type=\"image-box.default\">\n\t\t\t\t<div class=\"elementor-widget-container\">\n\t\t\t<div class=\"elementor-image-box-wrapper\"><figure class=\"elementor-image-box-img\"><a href=\"https:\/\/otherplace.op-models.com\/es\/succubi\/\" tabindex=\"-1\"><img loading=\"lazy\" decoding=\"async\" width=\"1082\" height=\"666\" src=\"https:\/\/otherplace.op-models.com\/wp-content\/uploads\/2022\/09\/renders_0015_renders.75.jpg\" class=\"attachment-2048x2048 size-2048x2048 wp-image-3497\" alt=\"\" srcset=\"https:\/\/otherplace.op-models.com\/wp-content\/uploads\/2022\/09\/renders_0015_renders.75.jpg 1082w, https:\/\/otherplace.op-models.com\/wp-content\/uploads\/2022\/09\/renders_0015_renders.75-300x185.jpg 300w, https:\/\/otherplace.op-models.com\/wp-content\/uploads\/2022\/09\/renders_0015_renders.75-1024x630.jpg 1024w, https:\/\/otherplace.op-models.com\/wp-content\/uploads\/2022\/09\/renders_0015_renders.75-768x473.jpg 768w, https:\/\/otherplace.op-models.com\/wp-content\/uploads\/2022\/09\/renders_0015_renders.75-18x12.jpg 18w, https:\/\/otherplace.op-models.com\/wp-content\/uploads\/2022\/09\/renders_0015_renders.75-600x369.jpg 600w\" sizes=\"(max-width: 1082px) 100vw, 1082px\" \/><\/a><\/figure><\/div>\t\t<\/div>\n\t\t\t\t<\/div>\n\t\t\t\t<div class=\"elementor-element elementor-element-18d1eec6 elementor-align-center elementor-widget elementor-widget-button\" data-id=\"18d1eec6\" data-element_type=\"widget\" data-no-translation=\"\" data-widget_type=\"button.default\">\n\t\t\t\t<div class=\"elementor-widget-container\">\n\t\t\t\t\t<div class=\"elementor-button-wrapper\">\n\t\t\t<a class=\"elementor-button elementor-button-link elementor-size-sm\" href=\"https:\/\/otherplace.op-models.com\/succubi\/\">\n\t\t\t\t\t\t<span class=\"elementor-button-content-wrapper\">\n\t\t\t\t\t\t\t\t\t<span class=\"elementor-button-text\">S\u00facubos<\/span>\n\t\t\t\t\t<\/span>\n\t\t\t\t\t<\/a>\n\t\t<\/div>\n\t\t\t\t<\/div>\n\t\t\t\t<\/div>\n\t\t\t\t<div class=\"elementor-element elementor-element-79dccaac elementor-align-center elementor-widget elementor-widget-button\" data-id=\"79dccaac\" data-element_type=\"widget\" data-no-translation=\"\" data-widget_type=\"button.default\">\n\t\t\t\t<div class=\"elementor-widget-container\">\n\t\t\t<style>.elementor-element-79dccaac{display:none !important}<\/style>\t\t<\/div>\n\t\t\t\t<\/div>\n\t\t\t\t\t<\/div>\n\t\t<\/div>\n\t\t\t\t\t<\/div>\n\t\t<\/section>\n\t\t\t\t\t<\/div>\n\t\t<\/div>\n\t\t\t\t\t<\/div>\n\t\t<\/section>\n\t\t\t\t<\/div>","protected":false},"excerpt":{"rendered":"<p>Nuestros Productos Unidades B\u00e1sicas Mirmidones Rellenador Mirmidones L\u00e9mures Rellenador L\u00e9mures S\u00facubos<\/p>","protected":false},"author":1,"featured_media":0,"parent":0,"menu_order":0,"comment_status":"closed","ping_status":"closed","template":"","meta":{"footnotes":""},"_links":{"self":[{"href":"https:\/\/otherplace.op-models.com\/es\/wp-json\/wp\/v2\/pages\/2878"}],"collection":[{"href":"https:\/\/otherplace.op-models.com\/es\/wp-json\/wp\/v2\/pages"}],"about":[{"href":"https:\/\/otherplace.op-models.com\/es\/wp-json\/wp\/v2\/types\/page"}],"author":[{"embeddable":true,"href":"https:\/\/otherplace.op-models.com\/es\/wp-json\/wp\/v2\/users\/1"}],"replies":[{"embeddable":true,"href":"https:\/\/otherplace.op-models.com\/es\/wp-json\/wp\/v2\/comments?post=2878"}],"version-history":[{"count":43,"href":"https:\/\/otherplace.op-models.com\/es\/wp-json\/wp\/v2\/pages\/2878\/revisions"}],"predecessor-version":[{"id":3677,"href":"https:\/\/otherplace.op-models.com\/es\/wp-json\/wp\/v2\/pages\/2878\/revisions\/3677"}],"wp:attachment":[{"href":"https:\/\/otherplace.op-models.com\/es\/wp-json\/wp\/v2\/media?parent=2878"}],"curies":[{"name":"wp","href":"https:\/\/api.w.org\/{rel}","templated":true}]}}