{"id":771,"date":"2021-09-16T09:26:10","date_gmt":"2021-09-16T09:26:10","guid":{"rendered":"http:\/\/otherplace.op-models.com\/?page_id=771"},"modified":"2022-09-09T15:56:43","modified_gmt":"2022-09-09T15:56:43","slug":"sentinel-of-nukuja","status":"publish","type":"page","link":"https:\/\/otherplace.op-models.com\/es\/sentinel-of-nukuja\/","title":{"rendered":"Centinela de Nukuja"},"content":{"rendered":"<div data-elementor-type=\"wp-page\" data-elementor-id=\"771\" class=\"elementor elementor-771\">\n\t\t\t\t\t\t<section class=\"elementor-section elementor-top-section elementor-element elementor-element-4c2e43a elementor-section-boxed elementor-section-height-default elementor-section-height-default\" data-id=\"4c2e43a\" data-element_type=\"section\">\n\t\t\t\t\t\t<div class=\"elementor-container elementor-column-gap-default\">\n\t\t\t\t\t<div class=\"elementor-column elementor-col-100 elementor-top-column elementor-element elementor-element-6839ef51\" data-id=\"6839ef51\" data-element_type=\"column\">\n\t\t\t<div class=\"elementor-widget-wrap elementor-element-populated\">\n\t\t\t\t\t\t<div class=\"elementor-element elementor-element-71e3af98 elementor-widget elementor-widget-heading\" data-id=\"71e3af98\" data-element_type=\"widget\" data-no-translation=\"\" data-widget_type=\"heading.default\">\n\t\t\t\t<div class=\"elementor-widget-container\">\n\t\t\t<style>.elementor-element-71e3af98{display:none !important}<\/style>\t\t<\/div>\n\t\t\t\t<\/div>\n\t\t\t\t<div class=\"elementor-element elementor-element-68b92a0c elementor-widget elementor-widget-heading\" data-id=\"68b92a0c\" data-element_type=\"widget\" data-no-translation=\"\" data-widget_type=\"heading.default\">\n\t\t\t\t<div class=\"elementor-widget-container\">\n\t\t\t<h2 class=\"elementor-heading-title elementor-size-default\">Centinela de Nukuja<\/h2>\t\t<\/div>\n\t\t\t\t<\/div>\n\t\t\t\t<div class=\"elementor-element elementor-element-2dc0228f elementor-arrows-position-inside elementor-pagination-position-outside elementor-widget elementor-widget-image-carousel\" data-id=\"2dc0228f\" data-element_type=\"widget\" data-settings=\"{&quot;speed&quot;:300,&quot;navigation&quot;:&quot;both&quot;,&quot;autoplay&quot;:&quot;yes&quot;,&quot;pause_on_hover&quot;:&quot;yes&quot;,&quot;pause_on_interaction&quot;:&quot;yes&quot;,&quot;autoplay_speed&quot;:5000,&quot;infinite&quot;:&quot;yes&quot;}\" data-widget_type=\"image-carousel.default\">\n\t\t\t\t<div class=\"elementor-widget-container\">\n\t\t\t\t\t<div class=\"elementor-image-carousel-wrapper swiper\" dir=\"ltr\">\n\t\t\t<div class=\"elementor-image-carousel swiper-wrapper\" aria-live=\"off\">\n\t\t\t\t\t\t\t\t<div class=\"swiper-slide\" role=\"group\" aria-roledescription=\"slide\" aria-label=\"1 de 6\"><a data-elementor-open-lightbox=\"yes\" data-elementor-lightbox-slideshow=\"2dc0228f\" data-elementor-lightbox-title=\"Pulpito_5\" data-e-action-hash=\"#elementor-action%3Aaction%3Dlightbox%26settings%3DeyJpZCI6MzUxLCJ1cmwiOiJodHRwczpcL1wvb3RoZXJwbGFjZS5vcC1tb2RlbHMuY29tXC93cC1jb250ZW50XC91cGxvYWRzXC8yMDIxXC8wOFwvUHVscGl0b181LWUxNjMwMTM3OTE2NDAxLnBuZyIsInNsaWRlc2hvdyI6IjJkYzAyMjhmIn0%3D\" href=\"https:\/\/otherplace.op-models.com\/wp-content\/uploads\/2021\/08\/Pulpito_5-e1630137916401.png\"><figure class=\"swiper-slide-inner\"><img decoding=\"async\" class=\"swiper-slide-image\" src=\"https:\/\/otherplace.op-models.com\/wp-content\/uploads\/2021\/08\/Pulpito_5-e1630137916401-300x300.png\" alt=\"Pulpito_5\" \/><\/figure><\/a><\/div><div class=\"swiper-slide\" role=\"group\" aria-roledescription=\"slide\" aria-label=\"2 de 6\"><a data-elementor-open-lightbox=\"yes\" data-elementor-lightbox-slideshow=\"2dc0228f\" data-elementor-lightbox-title=\"Pulpito_1\" data-e-action-hash=\"#elementor-action%3Aaction%3Dlightbox%26settings%3DeyJpZCI6NzcwLCJ1cmwiOiJodHRwczpcL1wvb3RoZXJwbGFjZS5vcC1tb2RlbHMuY29tXC93cC1jb250ZW50XC91cGxvYWRzXC8yMDIxXC8wOVwvUHVscGl0b18xLTEtZTE2MzE3ODQzMDcyODEucG5nIiwic2xpZGVzaG93IjoiMmRjMDIyOGYifQ%3D%3D\" href=\"https:\/\/otherplace.op-models.com\/wp-content\/uploads\/2021\/09\/Pulpito_1-1-e1631784307281.png\"><figure class=\"swiper-slide-inner\"><img decoding=\"async\" class=\"swiper-slide-image\" src=\"https:\/\/otherplace.op-models.com\/wp-content\/uploads\/2021\/09\/Pulpito_1-1-e1631784294458-300x225.png\" alt=\"Pulpito_1\" \/><\/figure><\/a><\/div><div class=\"swiper-slide\" role=\"group\" aria-roledescription=\"slide\" aria-label=\"3 de 6\"><a data-elementor-open-lightbox=\"yes\" data-elementor-lightbox-slideshow=\"2dc0228f\" data-elementor-lightbox-title=\"pulpito (back)\" data-e-action-hash=\"#elementor-action%3Aaction%3Dlightbox%26settings%3DeyJpZCI6MTk0MywidXJsIjoiaHR0cHM6XC9cL290aGVycGxhY2Uub3AtbW9kZWxzLmNvbVwvd3AtY29udGVudFwvdXBsb2Fkc1wvMjAyMlwvMDJcL3B1bHBpdG8tYmFjay5wbmciLCJzbGlkZXNob3ciOiIyZGMwMjI4ZiJ9\" href=\"https:\/\/otherplace.op-models.com\/wp-content\/uploads\/2022\/02\/pulpito-back.png\"><figure class=\"swiper-slide-inner\"><img decoding=\"async\" class=\"swiper-slide-image\" src=\"https:\/\/otherplace.op-models.com\/wp-content\/uploads\/2022\/02\/pulpito-back-276x300.png\" alt=\"pulpito (back)\" \/><\/figure><\/a><\/div><div class=\"swiper-slide\" role=\"group\" aria-roledescription=\"slide\" aria-label=\"4 de 6\"><a data-elementor-open-lightbox=\"yes\" data-elementor-lightbox-slideshow=\"2dc0228f\" data-elementor-lightbox-title=\"pulpito (frontal)\" data-e-action-hash=\"#elementor-action%3Aaction%3Dlightbox%26settings%3DeyJpZCI6MTk0NCwidXJsIjoiaHR0cHM6XC9cL290aGVycGxhY2Uub3AtbW9kZWxzLmNvbVwvd3AtY29udGVudFwvdXBsb2Fkc1wvMjAyMlwvMDJcL3B1bHBpdG8tZnJvbnRhbC5wbmciLCJzbGlkZXNob3ciOiIyZGMwMjI4ZiJ9\" href=\"https:\/\/otherplace.op-models.com\/wp-content\/uploads\/2022\/02\/pulpito-frontal.png\"><figure class=\"swiper-slide-inner\"><img decoding=\"async\" class=\"swiper-slide-image\" src=\"https:\/\/otherplace.op-models.com\/wp-content\/uploads\/2022\/02\/pulpito-frontal-276x300.png\" alt=\"pulpito (frontal)\" \/><\/figure><\/a><\/div><div class=\"swiper-slide\" role=\"group\" aria-roledescription=\"slide\" aria-label=\"5 de 6\"><a data-elementor-open-lightbox=\"yes\" data-elementor-lightbox-slideshow=\"2dc0228f\" data-elementor-lightbox-title=\"pulpito (perfil 1)\" data-e-action-hash=\"#elementor-action%3Aaction%3Dlightbox%26settings%3DeyJpZCI6MTk0NSwidXJsIjoiaHR0cHM6XC9cL290aGVycGxhY2Uub3AtbW9kZWxzLmNvbVwvd3AtY29udGVudFwvdXBsb2Fkc1wvMjAyMlwvMDJcL3B1bHBpdG8tcGVyZmlsLTEucG5nIiwic2xpZGVzaG93IjoiMmRjMDIyOGYifQ%3D%3D\" href=\"https:\/\/otherplace.op-models.com\/wp-content\/uploads\/2022\/02\/pulpito-perfil-1.png\"><figure class=\"swiper-slide-inner\"><img decoding=\"async\" class=\"swiper-slide-image\" src=\"https:\/\/otherplace.op-models.com\/wp-content\/uploads\/2022\/02\/pulpito-perfil-1-276x300.png\" alt=\"pulpito (perfil 1)\" \/><\/figure><\/a><\/div><div class=\"swiper-slide\" role=\"group\" aria-roledescription=\"slide\" aria-label=\"6 de 6\"><a data-elementor-open-lightbox=\"yes\" data-elementor-lightbox-slideshow=\"2dc0228f\" data-elementor-lightbox-title=\"pulpito (perfil 2)\" data-e-action-hash=\"#elementor-action%3Aaction%3Dlightbox%26settings%3DeyJpZCI6MTk0NiwidXJsIjoiaHR0cHM6XC9cL290aGVycGxhY2Uub3AtbW9kZWxzLmNvbVwvd3AtY29udGVudFwvdXBsb2Fkc1wvMjAyMlwvMDJcL3B1bHBpdG8tcGVyZmlsLTIucG5nIiwic2xpZGVzaG93IjoiMmRjMDIyOGYifQ%3D%3D\" href=\"https:\/\/otherplace.op-models.com\/wp-content\/uploads\/2022\/02\/pulpito-perfil-2.png\"><figure class=\"swiper-slide-inner\"><img decoding=\"async\" class=\"swiper-slide-image\" src=\"https:\/\/otherplace.op-models.com\/wp-content\/uploads\/2022\/02\/pulpito-perfil-2-276x300.png\" alt=\"pulpito (perfil 2)\" \/><\/figure><\/a><\/div>\t\t\t<\/div>\n\t\t\t\t\t\t\t\t\t\t\t\t<div class=\"elementor-swiper-button elementor-swiper-button-prev\" role=\"button\" tabindex=\"0\">\n\t\t\t\t\t\t<i aria-hidden=\"true\" class=\"eicon-chevron-left\"><\/i>\t\t\t\t\t<\/div>\n\t\t\t\t\t<div class=\"elementor-swiper-button elementor-swiper-button-next\" role=\"button\" tabindex=\"0\">\n\t\t\t\t\t\t<i aria-hidden=\"true\" class=\"eicon-chevron-right\"><\/i>\t\t\t\t\t<\/div>\n\t\t\t\t\n\t\t\t\t\t\t\t\t\t<div class=\"swiper-pagination\"><\/div>\n\t\t\t\t\t\t\t\t\t<\/div>\n\t\t\t\t<\/div>\n\t\t\t\t<\/div>\n\t\t\t\t<div class=\"elementor-element elementor-element-3ca03332 elementor-widget elementor-widget-text-editor\" data-id=\"3ca03332\" data-element_type=\"widget\" data-widget_type=\"text-editor.default\">\n\t\t\t\t<div class=\"elementor-widget-container\">\n\t\t\t\t\t\t\t<h4 style=\"text-align: center;\">Click en la imagen para agrandar<\/h4>\t\t\t\t\t\t<\/div>\n\t\t\t\t<\/div>\n\t\t\t\t<div class=\"elementor-element elementor-element-1f7c863d elementor-align-center elementor-widget elementor-widget-button\" data-id=\"1f7c863d\" data-element_type=\"widget\" data-no-translation=\"\" data-widget_type=\"button.default\">\n\t\t\t\t<div class=\"elementor-widget-container\">\n\t\t\t\t\t<div class=\"elementor-button-wrapper\">\n\t\t\t<a class=\"elementor-button elementor-button-link elementor-size-sm\" href=\"https:\/\/otherplace.op-models.com\/producto\/sentinel\/\">\n\t\t\t\t\t\t<span class=\"elementor-button-content-wrapper\">\n\t\t\t\t\t\t\t\t\t<span class=\"elementor-button-text\">Ir a la Tienda<\/span>\n\t\t\t\t\t<\/span>\n\t\t\t\t\t<\/a>\n\t\t<\/div>\n\t\t\t\t<\/div>\n\t\t\t\t<\/div>\n\t\t\t\t<div class=\"elementor-element elementor-element-16ba806a elementor-align-center elementor-widget elementor-widget-button\" data-id=\"16ba806a\" data-element_type=\"widget\" data-no-translation=\"\" data-widget_type=\"button.default\">\n\t\t\t\t<div class=\"elementor-widget-container\">\n\t\t\t<style>.elementor-element-16ba806a{display:none !important}<\/style>\t\t<\/div>\n\t\t\t\t<\/div>\n\t\t\t\t<div class=\"elementor-element elementor-element-472a2dc1 elementor-widget elementor-widget-text-editor\" data-id=\"472a2dc1\" data-element_type=\"widget\" data-no-translation=\"\" data-widget_type=\"text-editor.default\">\n\t\t\t\t<div class=\"elementor-widget-container\">\n\t\t\t<style>.elementor-element-472a2dc1{display:none !important}<\/style>\t\t<\/div>\n\t\t\t\t<\/div>\n\t\t\t\t<div class=\"elementor-element elementor-element-66c15e78 elementor-widget elementor-widget-text-editor\" data-id=\"66c15e78\" data-element_type=\"widget\" data-no-translation=\"\" data-widget_type=\"text-editor.default\">\n\t\t\t\t<div class=\"elementor-widget-container\">\n\t\t\t\t\t\t\t<p><i><span style=\"font-weight: 400;\">No dejes que su aspecto perezoso te enga\u00f1e: nos encontramos ante uno de los demonios m\u00e1s poderosos del otro mundo. Muy pocos se han enfrentado al abrumador poder m\u00e1gico del Centinela y han sobrevivido. Encaramado en su p\u00falpito oscuro, domina el campo de batalla con su magia destructiva, con m\u00ednimo esfuerzo, y le sobra tiempo para cuidar de su mascota demon\u00edaca, con mimo paternal.<\/span><\/i><\/p><p><span style=\"font-weight: 400;\">Este producto incluye s\u00f3lo archivos digitales para su impresi\u00f3n en una impresora 3D adecuada. No recibir\u00e1s miniaturas reales.<\/span><\/p><p><span style=\"font-weight: 400;\">Incluye un modelo, divididos en varias partes que deber\u00e1n ser ensambladas una vez impresas: centinela, p\u00falpito, 4 porteadores y 1 cr\u00eda de Cosechador de Esperanza<\/span><\/p><p><span style=\"font-weight: 400;\">Recomendamos peana de 50&#215;100 mm.<\/span><\/p><p><span style=\"font-weight: 400;\">Una vez formalizada la compra, dispondr\u00e1s de 24 horas para realizar la descarga.<\/span><\/p>\t\t\t\t\t\t<\/div>\n\t\t\t\t<\/div>\n\t\t\t\t<div class=\"elementor-element elementor-element-12ba368b elementor-widget elementor-widget-heading\" data-id=\"12ba368b\" data-element_type=\"widget\" data-no-translation=\"\" data-widget_type=\"heading.default\">\n\t\t\t\t<div class=\"elementor-widget-container\">\n\t\t\t<h2 class=\"elementor-heading-title elementor-size-default\">PRODUCTOS RELACIONADOS<\/h2>\t\t<\/div>\n\t\t\t\t<\/div>\n\t\t\t\t<div class=\"elementor-element elementor-element-46233f2d elementor-widget elementor-widget-heading\" data-id=\"46233f2d\" data-element_type=\"widget\" data-no-translation=\"\" data-widget_type=\"heading.default\">\n\t\t\t\t<div class=\"elementor-widget-container\">\n\t\t\t<style>.elementor-element-46233f2d{display:none !important}<\/style>\t\t<\/div>\n\t\t\t\t<\/div>\n\t\t\t\t\t<\/div>\n\t\t<\/div>\n\t\t\t\t\t<\/div>\n\t\t<\/section>\n\t\t\t\t<section class=\"elementor-section elementor-top-section elementor-element elementor-element-360d9862 elementor-section-boxed elementor-section-height-default elementor-section-height-default\" data-id=\"360d9862\" data-element_type=\"section\">\n\t\t\t\t\t\t<div class=\"elementor-container elementor-column-gap-no\">\n\t\t\t\t\t<div class=\"elementor-column elementor-col-33 elementor-top-column elementor-element elementor-element-3f833cdc\" data-id=\"3f833cdc\" data-element_type=\"column\">\n\t\t\t<div class=\"elementor-widget-wrap elementor-element-populated\">\n\t\t\t\t\t\t<div class=\"elementor-element elementor-element-f7b6ca5 elementor-widget elementor-widget-image\" data-id=\"f7b6ca5\" data-element_type=\"widget\" data-widget_type=\"image.default\">\n\t\t\t\t<div class=\"elementor-widget-container\">\n\t\t\t\t\t\t\t\t\t\t\t\t\t\t<a href=\"https:\/\/otherplace.op-models.com\/es\/strixian_spirit\/\">\n\t\t\t\t\t\t\t<img fetchpriority=\"high\" decoding=\"async\" width=\"300\" height=\"231\" src=\"https:\/\/otherplace.op-models.com\/wp-content\/uploads\/2022\/02\/1-300x231.png\" class=\"attachment-medium size-medium wp-image-2126\" alt=\"\" srcset=\"https:\/\/otherplace.op-models.com\/wp-content\/uploads\/2022\/02\/1-300x231.png 300w, https:\/\/otherplace.op-models.com\/wp-content\/uploads\/2022\/02\/1-1024x790.png 1024w, https:\/\/otherplace.op-models.com\/wp-content\/uploads\/2022\/02\/1-768x592.png 768w, https:\/\/otherplace.op-models.com\/wp-content\/uploads\/2022\/02\/1-1536x1185.png 1536w, https:\/\/otherplace.op-models.com\/wp-content\/uploads\/2022\/02\/1-2048x1579.png 2048w, https:\/\/otherplace.op-models.com\/wp-content\/uploads\/2022\/02\/1-16x12.png 16w, https:\/\/otherplace.op-models.com\/wp-content\/uploads\/2022\/02\/1-600x463.png 600w, https:\/\/otherplace.op-models.com\/wp-content\/uploads\/2022\/02\/1-102x79.png 102w\" sizes=\"(max-width: 300px) 100vw, 300px\" \/>\t\t\t\t\t\t\t\t<\/a>\n\t\t\t\t\t\t\t\t\t\t\t\t\t<\/div>\n\t\t\t\t<\/div>\n\t\t\t\t<div class=\"elementor-element elementor-element-3b852abc elementor-widget elementor-widget-heading\" data-id=\"3b852abc\" data-element_type=\"widget\" data-no-translation=\"\" data-widget_type=\"heading.default\">\n\t\t\t\t<div class=\"elementor-widget-container\">\n\t\t\t<style>.elementor-element-3b852abc{display:none !important}<\/style>\t\t<\/div>\n\t\t\t\t<\/div>\n\t\t\t\t<div class=\"elementor-element elementor-element-15ca3961 elementor-widget elementor-widget-heading\" data-id=\"15ca3961\" data-element_type=\"widget\" data-no-translation=\"\" data-widget_type=\"heading.default\">\n\t\t\t\t<div class=\"elementor-widget-container\">\n\t\t\t<h2 class=\"elementor-heading-title elementor-size-default\"><a href=\"https:\/\/otherplace.op-models.com\/strixian_spirit\/\">Espiritu de Estirge<\/a><\/h2>\t\t<\/div>\n\t\t\t\t<\/div>\n\t\t\t\t<div class=\"elementor-element elementor-element-496dde40 elementor-widget elementor-widget-heading\" data-id=\"496dde40\" data-element_type=\"widget\" data-widget_type=\"heading.default\">\n\t\t\t\t<div class=\"elementor-widget-container\">\n\t\t\t<h2 class=\"elementor-heading-title elementor-size-default\"><a href=\"https:\/\/otherplace.op-models.com\/es\/strixian_spirit\/\">8,50<\/a><\/h2>\t\t<\/div>\n\t\t\t\t<\/div>\n\t\t\t\t\t<\/div>\n\t\t<\/div>\n\t\t\t\t<div class=\"elementor-column elementor-col-33 elementor-top-column elementor-element elementor-element-6dbb1945\" data-id=\"6dbb1945\" data-element_type=\"column\">\n\t\t\t<div class=\"elementor-widget-wrap elementor-element-populated\">\n\t\t\t\t\t\t<div class=\"elementor-element elementor-element-6942b552 elementor-widget elementor-widget-image\" data-id=\"6942b552\" data-element_type=\"widget\" data-widget_type=\"image.default\">\n\t\t\t\t<div class=\"elementor-widget-container\">\n\t\t\t\t\t\t\t\t\t\t\t\t\t\t<a href=\"https:\/\/otherplace.op-models.com\/es\/hope\/\">\n\t\t\t\t\t\t\t<img decoding=\"async\" width=\"300\" height=\"226\" src=\"https:\/\/otherplace.op-models.com\/wp-content\/uploads\/2022\/02\/Hope-2_5-300x226.png\" class=\"attachment-medium size-medium wp-image-1791\" alt=\"\" srcset=\"https:\/\/otherplace.op-models.com\/wp-content\/uploads\/2022\/02\/Hope-2_5-300x226.png 300w, https:\/\/otherplace.op-models.com\/wp-content\/uploads\/2022\/02\/Hope-2_5-1024x771.png 1024w, https:\/\/otherplace.op-models.com\/wp-content\/uploads\/2022\/02\/Hope-2_5-768x578.png 768w, https:\/\/otherplace.op-models.com\/wp-content\/uploads\/2022\/02\/Hope-2_5-1536x1156.png 1536w, https:\/\/otherplace.op-models.com\/wp-content\/uploads\/2022\/02\/Hope-2_5-16x12.png 16w, https:\/\/otherplace.op-models.com\/wp-content\/uploads\/2022\/02\/Hope-2_5-600x452.png 600w, https:\/\/otherplace.op-models.com\/wp-content\/uploads\/2022\/02\/Hope-2_5-102x77.png 102w, https:\/\/otherplace.op-models.com\/wp-content\/uploads\/2022\/02\/Hope-2_5.png 1600w\" sizes=\"(max-width: 300px) 100vw, 300px\" \/>\t\t\t\t\t\t\t\t<\/a>\n\t\t\t\t\t\t\t\t\t\t\t\t\t<\/div>\n\t\t\t\t<\/div>\n\t\t\t\t<div class=\"elementor-element elementor-element-2aa9fcc5 elementor-widget elementor-widget-heading\" data-id=\"2aa9fcc5\" data-element_type=\"widget\" data-no-translation=\"\" data-widget_type=\"heading.default\">\n\t\t\t\t<div class=\"elementor-widget-container\">\n\t\t\t<style>.elementor-element-2aa9fcc5{display:none !important}<\/style>\t\t<\/div>\n\t\t\t\t<\/div>\n\t\t\t\t<div class=\"elementor-element elementor-element-515cacd0 elementor-widget elementor-widget-heading\" data-id=\"515cacd0\" data-element_type=\"widget\" data-no-translation=\"\" data-widget_type=\"heading.default\">\n\t\t\t\t<div class=\"elementor-widget-container\">\n\t\t\t<h2 class=\"elementor-heading-title elementor-size-default\"><a href=\"https:\/\/otherplace.op-models.com\/hope\/\">Cosechador de Esperanza<\/a><\/h2>\t\t<\/div>\n\t\t\t\t<\/div>\n\t\t\t\t<div class=\"elementor-element elementor-element-7eb4b61c elementor-widget elementor-widget-heading\" data-id=\"7eb4b61c\" data-element_type=\"widget\" data-widget_type=\"heading.default\">\n\t\t\t\t<div class=\"elementor-widget-container\">\n\t\t\t<h2 class=\"elementor-heading-title elementor-size-default\"><a href=\"https:\/\/otherplace.op-models.com\/es\/hope\/\">6,50\u20ac<\/a><\/h2>\t\t<\/div>\n\t\t\t\t<\/div>\n\t\t\t\t\t<\/div>\n\t\t<\/div>\n\t\t\t\t<div class=\"elementor-column elementor-col-33 elementor-top-column elementor-element elementor-element-783c6933\" data-id=\"783c6933\" data-element_type=\"column\">\n\t\t\t<div class=\"elementor-widget-wrap elementor-element-populated\">\n\t\t\t\t\t\t<div class=\"elementor-element elementor-element-17396135 elementor-widget elementor-widget-image\" data-id=\"17396135\" data-element_type=\"widget\" data-widget_type=\"image.default\">\n\t\t\t\t<div class=\"elementor-widget-container\">\n\t\t\t\t\t\t\t\t\t\t\t\t\t\t<a href=\"https:\/\/otherplace.op-models.com\/es\/engine-of-damnation\/\">\n\t\t\t\t\t\t\t<img decoding=\"async\" width=\"300\" height=\"225\" src=\"https:\/\/otherplace.op-models.com\/wp-content\/uploads\/2022\/02\/H.H_6-300x225.png\" class=\"attachment-medium size-medium wp-image-1463\" alt=\"\" srcset=\"https:\/\/otherplace.op-models.com\/wp-content\/uploads\/2022\/02\/H.H_6-300x225.png 300w, https:\/\/otherplace.op-models.com\/wp-content\/uploads\/2022\/02\/H.H_6-1024x768.png 1024w, https:\/\/otherplace.op-models.com\/wp-content\/uploads\/2022\/02\/H.H_6-768x576.png 768w, https:\/\/otherplace.op-models.com\/wp-content\/uploads\/2022\/02\/H.H_6-1536x1152.png 1536w, https:\/\/otherplace.op-models.com\/wp-content\/uploads\/2022\/02\/H.H_6-16x12.png 16w, https:\/\/otherplace.op-models.com\/wp-content\/uploads\/2022\/02\/H.H_6-600x450.png 600w, https:\/\/otherplace.op-models.com\/wp-content\/uploads\/2022\/02\/H.H_6.png 1600w\" sizes=\"(max-width: 300px) 100vw, 300px\" \/>\t\t\t\t\t\t\t\t<\/a>\n\t\t\t\t\t\t\t\t\t\t\t\t\t<\/div>\n\t\t\t\t<\/div>\n\t\t\t\t<div class=\"elementor-element elementor-element-2addcc05 elementor-widget elementor-widget-heading\" data-id=\"2addcc05\" data-element_type=\"widget\" data-no-translation=\"\" data-widget_type=\"heading.default\">\n\t\t\t\t<div class=\"elementor-widget-container\">\n\t\t\t<style>.elementor-element-2addcc05{display:none !important}<\/style>\t\t<\/div>\n\t\t\t\t<\/div>\n\t\t\t\t<div class=\"elementor-element elementor-element-c137323 elementor-widget elementor-widget-heading\" data-id=\"c137323\" data-element_type=\"widget\" data-no-translation=\"\" data-widget_type=\"heading.default\">\n\t\t\t\t<div class=\"elementor-widget-container\">\n\t\t\t<h2 class=\"elementor-heading-title elementor-size-default\"><a href=\"https:\/\/otherplace.op-models.com\/engine-of-damnation\/\">Maquina de Condenaci\u00f3n<\/a><\/h2>\t\t<\/div>\n\t\t\t\t<\/div>\n\t\t\t\t<div class=\"elementor-element elementor-element-59251051 elementor-widget elementor-widget-heading\" data-id=\"59251051\" data-element_type=\"widget\" data-widget_type=\"heading.default\">\n\t\t\t\t<div class=\"elementor-widget-container\">\n\t\t\t<h2 class=\"elementor-heading-title elementor-size-default\"><a href=\"https:\/\/otherplace.op-models.com\/es\/engine-of-damnation\/\">10,50\u20ac<\/a><\/h2>\t\t<\/div>\n\t\t\t\t<\/div>\n\t\t\t\t\t<\/div>\n\t\t<\/div>\n\t\t\t\t\t<\/div>\n\t\t<\/section>\n\t\t\t\t<\/div>","protected":false},"excerpt":{"rendered":"<p>Centinela de Nukuja Anterior Siguiente Click the image to enlarge Ir a la Tienda Don&#8217;t let his lazy appearance fool you: we are dealing with one of the most powerful demons in the other world. Very few have faced the overwhelming magical power of the Sentinel and survived. Perched on his dark pulpit, he dominates the battlefield with his destructive magic, with minimal effort, and has plenty of time to care for his demonic pet, with paternal care. This product includes only digital files for printing on a suitable 3D printer. You will not receive actual miniatures. Includes a model, divided into several parts that must be assembled once printed: sentinel, pulpit, 4 porters and 1 Hope Harvester hatchling We recommend a 50&#215;100 mm base. Once the purchase is formalized, you will have 24 hours to download. No dejes que su aspecto perezoso te enga\u00f1e: nos encontramos ante uno de los demonios m\u00e1s poderosos del otro mundo. Muy pocos se han enfrentado al abrumador poder m\u00e1gico del Centinela y han sobrevivido. Encaramado en su p\u00falpito oscuro, domina el campo de batalla con su magia destructiva, con m\u00ednimo esfuerzo, y le sobra tiempo para cuidar de su mascota demon\u00edaca, con mimo&hellip; <a class=\"read-more-link\" href=\"https:\/\/otherplace.op-models.com\/es\/sentinel-of-nukuja\/\">Read More<\/a><\/p>","protected":false},"author":1,"featured_media":0,"parent":0,"menu_order":0,"comment_status":"closed","ping_status":"closed","template":"","meta":{"footnotes":""},"_links":{"self":[{"href":"https:\/\/otherplace.op-models.com\/es\/wp-json\/wp\/v2\/pages\/771"}],"collection":[{"href":"https:\/\/otherplace.op-models.com\/es\/wp-json\/wp\/v2\/pages"}],"about":[{"href":"https:\/\/otherplace.op-models.com\/es\/wp-json\/wp\/v2\/types\/page"}],"author":[{"embeddable":true,"href":"https:\/\/otherplace.op-models.com\/es\/wp-json\/wp\/v2\/users\/1"}],"replies":[{"embeddable":true,"href":"https:\/\/otherplace.op-models.com\/es\/wp-json\/wp\/v2\/comments?post=771"}],"version-history":[{"count":85,"href":"https:\/\/otherplace.op-models.com\/es\/wp-json\/wp\/v2\/pages\/771\/revisions"}],"predecessor-version":[{"id":3599,"href":"https:\/\/otherplace.op-models.com\/es\/wp-json\/wp\/v2\/pages\/771\/revisions\/3599"}],"wp:attachment":[{"href":"https:\/\/otherplace.op-models.com\/es\/wp-json\/wp\/v2\/media?parent=771"}],"curies":[{"name":"wp","href":"https:\/\/api.w.org\/{rel}","templated":true}]}}