{"id":9559,"date":"2020-05-27T13:10:20","date_gmt":"2020-05-27T13:10:20","guid":{"rendered":"https:\/\/capricathemes.com\/wordpress\/WCM02\/WCM020029\/?page_id=9559"},"modified":"2025-06-30T17:20:30","modified_gmt":"2025-06-30T17:20:30","slug":"privacy-policy-2","status":"publish","type":"page","link":"https:\/\/otherplace.op-models.com\/es\/privacy-policy-2\/","title":{"rendered":"Privacy Policy"},"content":{"rendered":"<div data-elementor-type=\"wp-page\" data-elementor-id=\"9559\" class=\"elementor elementor-9559\">\n\t\t\t\t\t\t<section class=\"elementor-section elementor-top-section elementor-element elementor-element-7df69cc1 elementor-section-boxed elementor-section-height-default elementor-section-height-default\" data-id=\"7df69cc1\" data-element_type=\"section\">\n\t\t\t\t\t\t<div class=\"elementor-container elementor-column-gap-default\">\n\t\t\t\t\t<div class=\"elementor-column elementor-col-100 elementor-top-column elementor-element elementor-element-354c49e1\" data-id=\"354c49e1\" data-element_type=\"column\">\n\t\t\t<div class=\"elementor-widget-wrap elementor-element-populated\">\n\t\t\t\t\t\t<div class=\"elementor-element elementor-element-672fe7ad elementor-widget elementor-widget-text-editor\" data-id=\"672fe7ad\" data-element_type=\"widget\" data-widget_type=\"text-editor.default\">\n\t\t\t\t<div class=\"elementor-widget-container\">\n\t\t\t\t\t\t\t<h2>Qu\u00e9 datos personales recopilamos y por qu\u00e9 los recopilamos<\/h2><p><span style=\"color: #000000;\">Op Models \u00fanicamente recopila los datos proporcionados en el perfil con el fin de entregar productos a sus clientes y nada m\u00e1s.<\/span><\/p><h3>Comentarios<\/h3><p><span style=\"color: #000000;\">Cuando los visitantes dejan comentarios en el sitio, recopilamos los datos que se muestran en el formulario de comentarios, as\u00ed como la direcci\u00f3n IP del visitante y la cadena de agente de usuario del navegador para ayudar a la detecci\u00f3n de spam.<\/span><\/p><p><span style=\"color: #000000;\">Es posible que se proporcione al servicio Gravatar una cadena an\u00f3nima (tambi\u00e9n llamada hash) creada a partir de tu direcci\u00f3n de correo electr\u00f3nico para verificar si la est\u00e1s usando. La pol\u00edtica de privacidad del servicio Gravatar est\u00e1 disponible aqu\u00ed: https:\/\/automattic.com\/privacy\/. Tras la aprobaci\u00f3n de tu comentario, tu foto de perfil ser\u00e1 visible p\u00fablicamente en el contexto del mismo.<\/span><\/p><h3>Cookies<\/h3><p><span style=\"color: #000000;\">Si dejas un comentario en nuestro sitio, puedes optar por guardar tu nombre, direcci\u00f3n de correo electr\u00f3nico y sitio web en cookies. Esto es para tu comodidad, para que no tengas que volver a rellenar tus datos cuando dejes otro comentario. Estas cookies tienen una duraci\u00f3n de un a\u00f1o.<\/span><\/p><p><span style=\"color: #000000;\">Si tiene una cuenta e inicias sesi\u00f3n en este sitio, instalaremos una cookie temporal para determinar si su navegador acepta cookies. Esta cookie no contiene datos personales y se elimina al cerrar el navegador.<\/span><\/p><p><span style=\"color: #000000;\">Al iniciar sesi\u00f3n, tambi\u00e9n instalaremos varias cookies para guardar tu informaci\u00f3n de inicio de sesi\u00f3n y tus preferencias de visualizaci\u00f3n de pantalla. Las cookies de inicio de sesi\u00f3n duran dos d\u00edas, y las de opciones de pantalla, un a\u00f1o. Si seleccionas \"Recordarme\", tu inicio de sesi\u00f3n se conservar\u00e1 durante dos semanas. Si cierras sesi\u00f3n, las cookies de inicio de sesi\u00f3n se eliminar\u00e1n.<\/span><\/p><p><span style=\"color: #000000;\">Si editas o publicas un art\u00edculo, se guardar\u00e1 una cookie adicional en tu navegador. Esta cookie no incluye datos personales y simplemente indica el ID de la publicaci\u00f3n del art\u00edculo que acabas de editar. Caduca al cabo de un d\u00eda.<\/span><\/p><h3>Contenido incrustado de otros sitios web<\/h3><p><span style=\"color: #000000;\">Los art\u00edculos de este sitio pueden incluir contenido incrustado (p. ej., v\u00eddeos, im\u00e1genes, art\u00edculos, etc.). El contenido incrustado de otros sitios web se comporta exactamente igual que si el visitante hubiera visitado el otro sitio web.<\/span><\/p><p><span style=\"color: #000000;\">Estos sitios web pueden recopilar datos sobre usted, utilizar cookies, incrustar un seguimiento adicional de terceros y supervisar su interacci\u00f3n con ese contenido incrustado, incluido el seguimiento de su interacci\u00f3n con el contenido incrustado si tiene una cuenta y est\u00e1 conectado a ese sitio web.<\/span><\/p><h2>Qu\u00e9 derechos tienes sobre tus datos<\/h2><p><span style=\"color: #000000;\">Si tiene una cuenta en este sitio o ha dejado comentarios, puede solicitar un archivo exportado de los datos personales que tenemos sobre usted, incluyendo cualquier dato que nos haya proporcionado. Tambi\u00e9n puede solicitar que eliminemos cualquier dato personal que tengamos sobre usted. Esto no incluye los datos que estemos obligados a conservar con fines administrativos, legales o de seguridad.<\/span><\/p><h2>D\u00f3nde enviamos tus datos<\/h2><p><span style=\"color: #000000;\">Los comentarios de los visitantes pueden revisarse a trav\u00e9s de un servicio de detecci\u00f3n autom\u00e1tica de spam.<\/span><\/p><h3>\u00a0<\/h3>\t\t\t\t\t\t<\/div>\n\t\t\t\t<\/div>\n\t\t\t\t\t<\/div>\n\t\t<\/div>\n\t\t\t\t\t<\/div>\n\t\t<\/section>\n\t\t\t\t<\/div>","protected":false},"excerpt":{"rendered":"<p>What personal data we collect and why we collect it Op Models only collects the data provided in the profile for the purpose of delivering products to its customers and nothing else. Comments When visitors leave comments on the site we collect the data shown in the comments form, and also the visitor\u2019s IP address and browser user agent string to help spam detection. An anonymized string created from your email address (also called a hash) may be provided to the Gravatar service to see if you are using it. The Gravatar service privacy policy is available here: https:\/\/automattic.com\/privacy\/. After approval of your comment, your profile picture is visible to the public in the context of your comment. Cookies If you leave a comment on our site you may opt-in to saving your name, email address and website in cookies. These are for your convenience so that you do not have to fill in your details again when you leave another comment. These cookies will last for one year. If you have an account and you log in to this site, we will set a temporary cookie to determine if your browser accepts cookies. This cookie contains no personal data&hellip; <a class=\"read-more-link\" href=\"https:\/\/otherplace.op-models.com\/es\/privacy-policy-2\/\">Read More<\/a><\/p>","protected":false},"author":1,"featured_media":0,"parent":0,"menu_order":0,"comment_status":"closed","ping_status":"closed","template":"","meta":{"footnotes":""},"_links":{"self":[{"href":"https:\/\/otherplace.op-models.com\/es\/wp-json\/wp\/v2\/pages\/9559"}],"collection":[{"href":"https:\/\/otherplace.op-models.com\/es\/wp-json\/wp\/v2\/pages"}],"about":[{"href":"https:\/\/otherplace.op-models.com\/es\/wp-json\/wp\/v2\/types\/page"}],"author":[{"embeddable":true,"href":"https:\/\/otherplace.op-models.com\/es\/wp-json\/wp\/v2\/users\/1"}],"replies":[{"embeddable":true,"href":"https:\/\/otherplace.op-models.com\/es\/wp-json\/wp\/v2\/comments?post=9559"}],"version-history":[{"count":18,"href":"https:\/\/otherplace.op-models.com\/es\/wp-json\/wp\/v2\/pages\/9559\/revisions"}],"predecessor-version":[{"id":11301,"href":"https:\/\/otherplace.op-models.com\/es\/wp-json\/wp\/v2\/pages\/9559\/revisions\/11301"}],"wp:attachment":[{"href":"https:\/\/otherplace.op-models.com\/es\/wp-json\/wp\/v2\/media?parent=9559"}],"curies":[{"name":"wp","href":"https:\/\/api.w.org\/{rel}","templated":true}]}}