{"id":10917,"date":"2024-01-19T10:00:07","date_gmt":"2024-01-19T10:00:07","guid":{"rendered":"https:\/\/otherplace.op-models.com\/?post_type=product&#038;p=10917"},"modified":"2025-08-25T11:31:31","modified_gmt":"2025-08-25T11:31:31","slug":"vanadras-scourge","status":"publish","type":"product","link":"https:\/\/otherplace.op-models.com\/es\/producto\/vanadras-scourge\/","title":{"rendered":"Azote de Vanadra"},"content":{"rendered":"<p>La muerte encarnada, la manifestaci\u00f3n de la furia y la ira en todo su monstruoso esplendor: los Azotes son los mayores y m\u00e1s terror\u00edficos demonios que sirven a Vanadra, Diosa de la Ira. S\u00f3lo existen para acumular rabia y rencor, lo que aumenta su poder destructivo hasta l\u00edmites insospechados, acabando con sus rivales en una org\u00eda de destrucci\u00f3n.<\/p>","protected":false},"excerpt":{"rendered":"<p>Azote de Vanadra (1 modelo multicomponente)<\/p>","protected":false},"featured_media":10927,"template":"","meta":[],"product_cat":[30,15],"product_tag":[121,129,139,122,162,141,138,128,144,115],"_links":{"self":[{"href":"https:\/\/otherplace.op-models.com\/es\/wp-json\/wp\/v2\/product\/10917"}],"collection":[{"href":"https:\/\/otherplace.op-models.com\/es\/wp-json\/wp\/v2\/product"}],"about":[{"href":"https:\/\/otherplace.op-models.com\/es\/wp-json\/wp\/v2\/types\/product"}],"version-history":[{"count":2,"href":"https:\/\/otherplace.op-models.com\/es\/wp-json\/wp\/v2\/product\/10917\/revisions"}],"predecessor-version":[{"id":10928,"href":"https:\/\/otherplace.op-models.com\/es\/wp-json\/wp\/v2\/product\/10917\/revisions\/10928"}],"wp:featuredmedia":[{"embeddable":true,"href":"https:\/\/otherplace.op-models.com\/es\/wp-json\/wp\/v2\/media\/10927"}],"wp:attachment":[{"href":"https:\/\/otherplace.op-models.com\/es\/wp-json\/wp\/v2\/media?parent=10917"}],"wp:term":[{"taxonomy":"product_cat","embeddable":true,"href":"https:\/\/otherplace.op-models.com\/es\/wp-json\/wp\/v2\/product_cat?post=10917"},{"taxonomy":"product_tag","embeddable":true,"href":"https:\/\/otherplace.op-models.com\/es\/wp-json\/wp\/v2\/product_tag?post=10917"}],"curies":[{"name":"wp","href":"https:\/\/api.w.org\/{rel}","templated":true}]}}