{"id":10932,"date":"2024-01-19T10:27:16","date_gmt":"2024-01-19T10:27:16","guid":{"rendered":"https:\/\/otherplace.op-models.com\/?post_type=product&#038;p=10932"},"modified":"2025-08-25T11:30:47","modified_gmt":"2025-08-25T11:30:47","slug":"kuulimas-deceiver","status":"publish","type":"product","link":"https:\/\/otherplace.op-models.com\/es\/producto\/kuulimas-deceiver\/","title":{"rendered":"Embaucador de Kuulima"},"content":{"rendered":"<p>La envidia es el m\u00e1s venenoso de todos los pecados capitales, y por eso los Embaucadores de Kuulima se cuentan entre las criaturas m\u00e1s t\u00f3xicas y peligrosas que existen. Su mera presencia es suficiente para envenenar los cuerpos y las almas de todos los que osen desafiarlos.<\/p>\n<p>Algunos Embaucadores son obsequiados con un par de poderosas alas, con las que pueden infiltrarse tras las posiciones enemigas, sembrando sentimientos de envidia tras las l\u00edneas enemigas.<\/p>","protected":false},"excerpt":{"rendered":"<p>Embaucador de Kuulima (1 Modelo multicomponente)<\/p>","protected":false},"featured_media":10941,"template":"","meta":[],"product_cat":[30],"product_tag":[121,163,108,129,139,122,141,138,128,144],"_links":{"self":[{"href":"https:\/\/otherplace.op-models.com\/es\/wp-json\/wp\/v2\/product\/10932"}],"collection":[{"href":"https:\/\/otherplace.op-models.com\/es\/wp-json\/wp\/v2\/product"}],"about":[{"href":"https:\/\/otherplace.op-models.com\/es\/wp-json\/wp\/v2\/types\/product"}],"version-history":[{"count":2,"href":"https:\/\/otherplace.op-models.com\/es\/wp-json\/wp\/v2\/product\/10932\/revisions"}],"predecessor-version":[{"id":10934,"href":"https:\/\/otherplace.op-models.com\/es\/wp-json\/wp\/v2\/product\/10932\/revisions\/10934"}],"wp:featuredmedia":[{"embeddable":true,"href":"https:\/\/otherplace.op-models.com\/es\/wp-json\/wp\/v2\/media\/10941"}],"wp:attachment":[{"href":"https:\/\/otherplace.op-models.com\/es\/wp-json\/wp\/v2\/media?parent=10932"}],"wp:term":[{"taxonomy":"product_cat","embeddable":true,"href":"https:\/\/otherplace.op-models.com\/es\/wp-json\/wp\/v2\/product_cat?post=10932"},{"taxonomy":"product_tag","embeddable":true,"href":"https:\/\/otherplace.op-models.com\/es\/wp-json\/wp\/v2\/product_tag?post=10932"}],"curies":[{"name":"wp","href":"https:\/\/api.w.org\/{rel}","templated":true}]}}