{"id":10948,"date":"2024-01-19T11:19:12","date_gmt":"2024-01-19T11:19:12","guid":{"rendered":"https:\/\/otherplace.op-models.com\/?post_type=product&#038;p=10948"},"modified":"2025-08-25T11:30:06","modified_gmt":"2025-08-25T11:30:06","slug":"harbinger-of-father-chaos-cleric","status":"publish","type":"product","link":"https:\/\/otherplace.op-models.com\/es\/producto\/harbinger-of-father-chaos-cleric\/","title":{"rendered":"Heraldo del Padre Caos (cl\u00e9rigo)"},"content":{"rendered":"<p>Los Heraldos son los lugartenientes de las Legiones Demon\u00edacas. No son tan poderosos como los grandes demonios, pero son capaces de integrarse en las unidades del ej\u00e9rcito para dirigir y potenciar a los suyos desde el n\u00facleo del conflicto.<\/p>","protected":false},"excerpt":{"rendered":"<p>Heraldo del Padre Caos (cl\u00e9rigo) (1 modelo multicomponente)<\/p>","protected":false},"featured_media":10952,"template":"","meta":[],"product_cat":[30,164],"product_tag":[121,109,141,147,138],"_links":{"self":[{"href":"https:\/\/otherplace.op-models.com\/es\/wp-json\/wp\/v2\/product\/10948"}],"collection":[{"href":"https:\/\/otherplace.op-models.com\/es\/wp-json\/wp\/v2\/product"}],"about":[{"href":"https:\/\/otherplace.op-models.com\/es\/wp-json\/wp\/v2\/types\/product"}],"version-history":[{"count":3,"href":"https:\/\/otherplace.op-models.com\/es\/wp-json\/wp\/v2\/product\/10948\/revisions"}],"predecessor-version":[{"id":11323,"href":"https:\/\/otherplace.op-models.com\/es\/wp-json\/wp\/v2\/product\/10948\/revisions\/11323"}],"wp:featuredmedia":[{"embeddable":true,"href":"https:\/\/otherplace.op-models.com\/es\/wp-json\/wp\/v2\/media\/10952"}],"wp:attachment":[{"href":"https:\/\/otherplace.op-models.com\/es\/wp-json\/wp\/v2\/media?parent=10948"}],"wp:term":[{"taxonomy":"product_cat","embeddable":true,"href":"https:\/\/otherplace.op-models.com\/es\/wp-json\/wp\/v2\/product_cat?post=10948"},{"taxonomy":"product_tag","embeddable":true,"href":"https:\/\/otherplace.op-models.com\/es\/wp-json\/wp\/v2\/product_tag?post=10948"}],"curies":[{"name":"wp","href":"https:\/\/api.w.org\/{rel}","templated":true}]}}