{"id":10959,"date":"2024-01-19T11:43:28","date_gmt":"2024-01-19T11:43:28","guid":{"rendered":"https:\/\/otherplace.op-models.com\/?post_type=product&#038;p=10959"},"modified":"2025-08-25T11:29:42","modified_gmt":"2025-08-25T11:29:42","slug":"harbinger-of-father-chaos-slave-holder","status":"publish","type":"product","link":"https:\/\/otherplace.op-models.com\/es\/producto\/harbinger-of-father-chaos-slave-holder\/","title":{"rendered":"Heraldo del Padre Caos (esclavista)"},"content":{"rendered":"<p>Los Heraldos son los lugartenientes de las Legiones Demon\u00edacas. No son tan poderosos como los grandes demonios, pero son capaces de integrarse en las unidades del ej\u00e9rcito para dirigir y potenciar a los suyos desde el n\u00facleo del conflicto.<\/p>","protected":false},"excerpt":{"rendered":"<p>Heraldo del Padre Caos (esclavista) (1 modelo multicomponente)<\/p>","protected":false},"featured_media":10961,"template":"","meta":[],"product_cat":[30,164],"product_tag":[121,109,141,147,138],"_links":{"self":[{"href":"https:\/\/otherplace.op-models.com\/es\/wp-json\/wp\/v2\/product\/10959"}],"collection":[{"href":"https:\/\/otherplace.op-models.com\/es\/wp-json\/wp\/v2\/product"}],"about":[{"href":"https:\/\/otherplace.op-models.com\/es\/wp-json\/wp\/v2\/types\/product"}],"version-history":[{"count":1,"href":"https:\/\/otherplace.op-models.com\/es\/wp-json\/wp\/v2\/product\/10959\/revisions"}],"predecessor-version":[{"id":10960,"href":"https:\/\/otherplace.op-models.com\/es\/wp-json\/wp\/v2\/product\/10959\/revisions\/10960"}],"wp:featuredmedia":[{"embeddable":true,"href":"https:\/\/otherplace.op-models.com\/es\/wp-json\/wp\/v2\/media\/10961"}],"wp:attachment":[{"href":"https:\/\/otherplace.op-models.com\/es\/wp-json\/wp\/v2\/media?parent=10959"}],"wp:term":[{"taxonomy":"product_cat","embeddable":true,"href":"https:\/\/otherplace.op-models.com\/es\/wp-json\/wp\/v2\/product_cat?post=10959"},{"taxonomy":"product_tag","embeddable":true,"href":"https:\/\/otherplace.op-models.com\/es\/wp-json\/wp\/v2\/product_tag?post=10959"}],"curies":[{"name":"wp","href":"https:\/\/api.w.org\/{rel}","templated":true}]}}