{"id":10968,"date":"2024-01-19T16:14:36","date_gmt":"2024-01-19T16:14:36","guid":{"rendered":"https:\/\/otherplace.op-models.com\/?post_type=product&#038;p=10968"},"modified":"2025-08-25T11:28:54","modified_gmt":"2025-08-25T11:28:54","slug":"harbinger-of-father-chaos-horse-rider","status":"publish","type":"product","link":"https:\/\/otherplace.op-models.com\/es\/producto\/harbinger-of-father-chaos-horse-rider\/","title":{"rendered":"Heraldo del Padre Caos (Jinete en corcel p\u00e1lido)"},"content":{"rendered":"<p>Los Heraldos son los lugartenientes de las Legiones Demon\u00edacas. No son tan poderosos como los grandes demonios, pero son capaces de integrarse en las unidades del ej\u00e9rcito para dirigir y potenciar a los suyos desde el n\u00facleo del conflicto.<\/p>","protected":false},"excerpt":{"rendered":"<p>Heraldo del Padre Caos (Jinete en corcel p\u00e1lido) (1 modelo multicomponente)<\/p>","protected":false},"featured_media":10971,"template":"","meta":[],"product_cat":[30,164],"product_tag":[121,109,141,147,138],"_links":{"self":[{"href":"https:\/\/otherplace.op-models.com\/es\/wp-json\/wp\/v2\/product\/10968"}],"collection":[{"href":"https:\/\/otherplace.op-models.com\/es\/wp-json\/wp\/v2\/product"}],"about":[{"href":"https:\/\/otherplace.op-models.com\/es\/wp-json\/wp\/v2\/types\/product"}],"version-history":[{"count":2,"href":"https:\/\/otherplace.op-models.com\/es\/wp-json\/wp\/v2\/product\/10968\/revisions"}],"predecessor-version":[{"id":10970,"href":"https:\/\/otherplace.op-models.com\/es\/wp-json\/wp\/v2\/product\/10968\/revisions\/10970"}],"wp:featuredmedia":[{"embeddable":true,"href":"https:\/\/otherplace.op-models.com\/es\/wp-json\/wp\/v2\/media\/10971"}],"wp:attachment":[{"href":"https:\/\/otherplace.op-models.com\/es\/wp-json\/wp\/v2\/media?parent=10968"}],"wp:term":[{"taxonomy":"product_cat","embeddable":true,"href":"https:\/\/otherplace.op-models.com\/es\/wp-json\/wp\/v2\/product_cat?post=10968"},{"taxonomy":"product_tag","embeddable":true,"href":"https:\/\/otherplace.op-models.com\/es\/wp-json\/wp\/v2\/product_tag?post=10968"}],"curies":[{"name":"wp","href":"https:\/\/api.w.org\/{rel}","templated":true}]}}