{"id":11004,"date":"2024-01-19T18:11:00","date_gmt":"2024-01-19T18:11:00","guid":{"rendered":"https:\/\/otherplace.op-models.com\/?post_type=product&#038;p=11004"},"modified":"2025-08-25T11:00:43","modified_gmt":"2025-08-25T11:00:43","slug":"mageblight-gremlins","status":"publish","type":"product","link":"https:\/\/otherplace.op-models.com\/es\/producto\/mageblight-gremlins\/","title":{"rendered":"Gremlins Plaga de Magos"},"content":{"rendered":"<p>Los peque\u00f1os Gremlins Plaga de Magos son seres juguetones y malignos, que s\u00f3lo se mueven por la envidia, la cual les provoca una desmedida curiosidad por los artefactos m\u00e1gicos de los hechiceros del mundo mortal. No dejes que su aspecto travieso y entra\u00f1able te confundan: su cuerpo venenoso y su maldad suelen provocar terribles accidentes m\u00e1gicos, y son la n\u00e9mesis de magos y hechiceros enemigos.<\/p>","protected":false},"excerpt":{"rendered":"<p>Gremlins Plaga de Magos (4 modelos multicomponente)<\/p>","protected":false},"featured_media":11007,"template":"","meta":[],"product_cat":[29],"product_tag":[163,108,149,127],"_links":{"self":[{"href":"https:\/\/otherplace.op-models.com\/es\/wp-json\/wp\/v2\/product\/11004"}],"collection":[{"href":"https:\/\/otherplace.op-models.com\/es\/wp-json\/wp\/v2\/product"}],"about":[{"href":"https:\/\/otherplace.op-models.com\/es\/wp-json\/wp\/v2\/types\/product"}],"version-history":[{"count":3,"href":"https:\/\/otherplace.op-models.com\/es\/wp-json\/wp\/v2\/product\/11004\/revisions"}],"predecessor-version":[{"id":11017,"href":"https:\/\/otherplace.op-models.com\/es\/wp-json\/wp\/v2\/product\/11004\/revisions\/11017"}],"wp:featuredmedia":[{"embeddable":true,"href":"https:\/\/otherplace.op-models.com\/es\/wp-json\/wp\/v2\/media\/11007"}],"wp:attachment":[{"href":"https:\/\/otherplace.op-models.com\/es\/wp-json\/wp\/v2\/media?parent=11004"}],"wp:term":[{"taxonomy":"product_cat","embeddable":true,"href":"https:\/\/otherplace.op-models.com\/es\/wp-json\/wp\/v2\/product_cat?post=11004"},{"taxonomy":"product_tag","embeddable":true,"href":"https:\/\/otherplace.op-models.com\/es\/wp-json\/wp\/v2\/product_tag?post=11004"}],"curies":[{"name":"wp","href":"https:\/\/api.w.org\/{rel}","templated":true}]}}