{"id":11019,"date":"2024-01-19T18:26:03","date_gmt":"2024-01-19T18:26:03","guid":{"rendered":"https:\/\/otherplace.op-models.com\/?post_type=product&#038;p=11019"},"modified":"2025-08-25T10:57:30","modified_gmt":"2025-08-25T10:57:30","slug":"imps","status":"publish","type":"product","link":"https:\/\/otherplace.op-models.com\/es\/producto\/imps\/","title":{"rendered":"Diablillos"},"content":{"rendered":"<p>Los Diablillos son los demonios menores m\u00e1s d\u00e9biles f\u00edsicamente que integran las filas de las tropas de l\u00ednea de las Legiones Demon\u00edacas. Su papel es prestar apoyo desde lejos, lanzando rayos de poder sobre sus enemigos. Tambi\u00e9n tienen el poder de formar escudos de energ\u00eda, muy eficaces contra los proyectiles, pero casi inservibles en el cuerpo a cuerpo.<\/p>","protected":false},"excerpt":{"rendered":"<p>Diablillos<\/p>","protected":false},"featured_media":11022,"template":"","meta":[],"product_cat":[28],"product_tag":[168,109,167,147,149,127],"_links":{"self":[{"href":"https:\/\/otherplace.op-models.com\/es\/wp-json\/wp\/v2\/product\/11019"}],"collection":[{"href":"https:\/\/otherplace.op-models.com\/es\/wp-json\/wp\/v2\/product"}],"about":[{"href":"https:\/\/otherplace.op-models.com\/es\/wp-json\/wp\/v2\/types\/product"}],"version-history":[{"count":2,"href":"https:\/\/otherplace.op-models.com\/es\/wp-json\/wp\/v2\/product\/11019\/revisions"}],"predecessor-version":[{"id":11021,"href":"https:\/\/otherplace.op-models.com\/es\/wp-json\/wp\/v2\/product\/11019\/revisions\/11021"}],"wp:featuredmedia":[{"embeddable":true,"href":"https:\/\/otherplace.op-models.com\/es\/wp-json\/wp\/v2\/media\/11022"}],"wp:attachment":[{"href":"https:\/\/otherplace.op-models.com\/es\/wp-json\/wp\/v2\/media?parent=11019"}],"wp:term":[{"taxonomy":"product_cat","embeddable":true,"href":"https:\/\/otherplace.op-models.com\/es\/wp-json\/wp\/v2\/product_cat?post=11019"},{"taxonomy":"product_tag","embeddable":true,"href":"https:\/\/otherplace.op-models.com\/es\/wp-json\/wp\/v2\/product_tag?post=11019"}],"curies":[{"name":"wp","href":"https:\/\/api.w.org\/{rel}","templated":true}]}}