{"id":11061,"date":"2024-01-22T11:17:01","date_gmt":"2024-01-22T11:17:01","guid":{"rendered":"https:\/\/otherplace.op-models.com\/?post_type=product&#038;p=11061"},"modified":"2025-08-25T10:55:29","modified_gmt":"2025-08-25T10:55:29","slug":"lemure-bust","status":"publish","type":"product","link":"https:\/\/otherplace.op-models.com\/es\/producto\/lemure-bust\/","title":{"rendered":"Busto de L\u00e9mur"},"content":{"rendered":"<p>Este espl\u00e9ndido busto es un producto muy detallado, dirigido especialmente a pintores que buscan desaf\u00edos para poner a prueba su habilidad.<\/p>","protected":false},"excerpt":{"rendered":"<p>Busto de L\u00e9mur (2 modelos).<\/p>","protected":false},"featured_media":11063,"template":"","meta":[],"product_cat":[31],"product_tag":[120,170,109,159,119,158,147],"_links":{"self":[{"href":"https:\/\/otherplace.op-models.com\/es\/wp-json\/wp\/v2\/product\/11061"}],"collection":[{"href":"https:\/\/otherplace.op-models.com\/es\/wp-json\/wp\/v2\/product"}],"about":[{"href":"https:\/\/otherplace.op-models.com\/es\/wp-json\/wp\/v2\/types\/product"}],"version-history":[{"count":1,"href":"https:\/\/otherplace.op-models.com\/es\/wp-json\/wp\/v2\/product\/11061\/revisions"}],"predecessor-version":[{"id":11062,"href":"https:\/\/otherplace.op-models.com\/es\/wp-json\/wp\/v2\/product\/11061\/revisions\/11062"}],"wp:featuredmedia":[{"embeddable":true,"href":"https:\/\/otherplace.op-models.com\/es\/wp-json\/wp\/v2\/media\/11063"}],"wp:attachment":[{"href":"https:\/\/otherplace.op-models.com\/es\/wp-json\/wp\/v2\/media?parent=11061"}],"wp:term":[{"taxonomy":"product_cat","embeddable":true,"href":"https:\/\/otherplace.op-models.com\/es\/wp-json\/wp\/v2\/product_cat?post=11061"},{"taxonomy":"product_tag","embeddable":true,"href":"https:\/\/otherplace.op-models.com\/es\/wp-json\/wp\/v2\/product_tag?post=11061"}],"curies":[{"name":"wp","href":"https:\/\/api.w.org\/{rel}","templated":true}]}}