{"id":11183,"date":"2024-08-16T08:07:11","date_gmt":"2024-08-16T08:07:11","guid":{"rendered":"https:\/\/otherplace.op-models.com\/?post_type=product&#038;p=11183"},"modified":"2025-08-26T09:15:13","modified_gmt":"2025-08-26T09:15:13","slug":"eidolons","status":"publish","type":"product","link":"https:\/\/otherplace.op-models.com\/es\/producto\/eidolons\/","title":{"rendered":"Eidolones"},"content":{"rendered":"<p>Estos demonios conformados de tonos viscosos que parecen borbotear y rezumar ignorando la gravedad. Entre alaridos, se pueden entrever extremidades y rostros entre el plasma, vomitando llamaradas m\u00e1gicas que ponen  a prueba la voluntad de sus v\u00edctimas. Estas criaturas enfocan su energ\u00eda a trav\u00e9s de los m\u00e1s poderosos entre  ellos, para lanzar hechizos a\u00fan m\u00e1s letales que las llamas.<\/p>","protected":false},"excerpt":{"rendered":"<p>Eidolones (6 modelos multicomponente)<\/p>","protected":false},"featured_media":11278,"template":"","meta":[],"product_cat":[29],"product_tag":[109,147,149,127],"_links":{"self":[{"href":"https:\/\/otherplace.op-models.com\/es\/wp-json\/wp\/v2\/product\/11183"}],"collection":[{"href":"https:\/\/otherplace.op-models.com\/es\/wp-json\/wp\/v2\/product"}],"about":[{"href":"https:\/\/otherplace.op-models.com\/es\/wp-json\/wp\/v2\/types\/product"}],"version-history":[{"count":2,"href":"https:\/\/otherplace.op-models.com\/es\/wp-json\/wp\/v2\/product\/11183\/revisions"}],"predecessor-version":[{"id":11339,"href":"https:\/\/otherplace.op-models.com\/es\/wp-json\/wp\/v2\/product\/11183\/revisions\/11339"}],"wp:featuredmedia":[{"embeddable":true,"href":"https:\/\/otherplace.op-models.com\/es\/wp-json\/wp\/v2\/media\/11278"}],"wp:attachment":[{"href":"https:\/\/otherplace.op-models.com\/es\/wp-json\/wp\/v2\/media?parent=11183"}],"wp:term":[{"taxonomy":"product_cat","embeddable":true,"href":"https:\/\/otherplace.op-models.com\/es\/wp-json\/wp\/v2\/product_cat?post=11183"},{"taxonomy":"product_tag","embeddable":true,"href":"https:\/\/otherplace.op-models.com\/es\/wp-json\/wp\/v2\/product_tag?post=11183"}],"curies":[{"name":"wp","href":"https:\/\/api.w.org\/{rel}","templated":true}]}}