{"id":11190,"date":"2024-08-16T08:50:16","date_gmt":"2024-08-16T08:50:16","guid":{"rendered":"https:\/\/otherplace.op-models.com\/?post_type=product&#038;p=11190"},"modified":"2025-08-26T09:07:58","modified_gmt":"2025-08-26T09:07:58","slug":"veil-serpents","status":"publish","type":"product","link":"https:\/\/otherplace.op-models.com\/es\/producto\/veil-serpents\/","title":{"rendered":"Sierpes del Velo"},"content":{"rendered":"<p>Retorci\u00e9ndose en el aire, aparentemente mitad pez mitad serpiente, estos predadores en sinton\u00eda con el Velo no tienen ojos, ni ninguna otra clase de \u00f3rgano sensorial, guiados por un hambre indescriptible y una ins\u00f3lita habilidad para localizar nuevas v\u00edctimas. Canalizan sus poderes sobrenaturales en hechizos que absorben la  fuerza y el valor de sus presas, mientras que adaptan su forma al mundo seg\u00fan requieren.<\/p>","protected":false},"excerpt":{"rendered":"<p>Sierpes del Velo (5 modelos multicomponente)<\/p>","protected":false},"featured_media":11257,"template":"","meta":[],"product_cat":[29,171],"product_tag":[129,147,149,127,144],"_links":{"self":[{"href":"https:\/\/otherplace.op-models.com\/es\/wp-json\/wp\/v2\/product\/11190"}],"collection":[{"href":"https:\/\/otherplace.op-models.com\/es\/wp-json\/wp\/v2\/product"}],"about":[{"href":"https:\/\/otherplace.op-models.com\/es\/wp-json\/wp\/v2\/types\/product"}],"version-history":[{"count":6,"href":"https:\/\/otherplace.op-models.com\/es\/wp-json\/wp\/v2\/product\/11190\/revisions"}],"predecessor-version":[{"id":11338,"href":"https:\/\/otherplace.op-models.com\/es\/wp-json\/wp\/v2\/product\/11190\/revisions\/11338"}],"wp:featuredmedia":[{"embeddable":true,"href":"https:\/\/otherplace.op-models.com\/es\/wp-json\/wp\/v2\/media\/11257"}],"wp:attachment":[{"href":"https:\/\/otherplace.op-models.com\/es\/wp-json\/wp\/v2\/media?parent=11190"}],"wp:term":[{"taxonomy":"product_cat","embeddable":true,"href":"https:\/\/otherplace.op-models.com\/es\/wp-json\/wp\/v2\/product_cat?post=11190"},{"taxonomy":"product_tag","embeddable":true,"href":"https:\/\/otherplace.op-models.com\/es\/wp-json\/wp\/v2\/product_tag?post=11190"}],"curies":[{"name":"wp","href":"https:\/\/api.w.org\/{rel}","templated":true}]}}