{"id":11197,"date":"2024-08-16T09:23:51","date_gmt":"2024-08-16T09:23:51","guid":{"rendered":"https:\/\/otherplace.op-models.com\/?post_type=product&#038;p=11197"},"modified":"2025-08-25T10:26:04","modified_gmt":"2025-08-25T10:26:04","slug":"bloat-flies","status":"publish","type":"product","link":"https:\/\/otherplace.op-models.com\/es\/producto\/bloat-flies\/","title":{"rendered":"Moscas Hinchadas"},"content":{"rendered":"<p>Repulsivos demonios de la Gula, parecidos a enormes avispas, las moscas hinchadas son letales, galopando r\u00e1pidamente con sus afilados aguijones o mand\u00edbulas. Su sangre es letalmente nociva, y algunas parecen tener jinetes humanoides, aunque en realidad estas partes corporales no son m\u00e1s que extensiones del propio demonio. Pueden ser especialmente dif\u00edciles de da\u00f1ar, incluso m\u00e1s que otros demonios.<\/p>","protected":false},"excerpt":{"rendered":"<p>Moscas Hinchadas (6 Modelos Multicomponente)<\/p>","protected":false},"featured_media":11209,"template":"","meta":[],"product_cat":[171],"product_tag":[129,110,173,149,127,144],"_links":{"self":[{"href":"https:\/\/otherplace.op-models.com\/es\/wp-json\/wp\/v2\/product\/11197"}],"collection":[{"href":"https:\/\/otherplace.op-models.com\/es\/wp-json\/wp\/v2\/product"}],"about":[{"href":"https:\/\/otherplace.op-models.com\/es\/wp-json\/wp\/v2\/types\/product"}],"version-history":[{"count":3,"href":"https:\/\/otherplace.op-models.com\/es\/wp-json\/wp\/v2\/product\/11197\/revisions"}],"predecessor-version":[{"id":11212,"href":"https:\/\/otherplace.op-models.com\/es\/wp-json\/wp\/v2\/product\/11197\/revisions\/11212"}],"wp:featuredmedia":[{"embeddable":true,"href":"https:\/\/otherplace.op-models.com\/es\/wp-json\/wp\/v2\/media\/11209"}],"wp:attachment":[{"href":"https:\/\/otherplace.op-models.com\/es\/wp-json\/wp\/v2\/media?parent=11197"}],"wp:term":[{"taxonomy":"product_cat","embeddable":true,"href":"https:\/\/otherplace.op-models.com\/es\/wp-json\/wp\/v2\/product_cat?post=11197"},{"taxonomy":"product_tag","embeddable":true,"href":"https:\/\/otherplace.op-models.com\/es\/wp-json\/wp\/v2\/product_tag?post=11197"}],"curies":[{"name":"wp","href":"https:\/\/api.w.org\/{rel}","templated":true}]}}