{"id":11222,"date":"2024-08-16T10:31:55","date_gmt":"2024-08-16T10:31:55","guid":{"rendered":"https:\/\/otherplace.op-models.com\/?post_type=product&#038;p=11222"},"modified":"2025-08-25T10:24:36","modified_gmt":"2025-08-25T10:24:36","slug":"maw-of-akaan","status":"publish","type":"product","link":"https:\/\/otherplace.op-models.com\/es\/producto\/maw-of-akaan\/","title":{"rendered":"Fauces de Akaan"},"content":{"rendered":"<p>Los demonios mayores de la Gula conforman vastas masas de carne, resueltas a devorar y absorber tanto como  puedan, incluso a su propio coste. Sea su apariencia bien bestial, o bien amorfa, la \u00fanica caracter\u00edstica com\u00fan es su enorme boca, generalmente llena de interminables hileras de dientes.<\/p>","protected":false},"excerpt":{"rendered":"<p>Maw of Akaan (1 Multipart model).<\/p>","protected":false},"featured_media":11231,"template":"","meta":[],"product_cat":[30,15],"product_tag":[121,110,139,122,173,141,123,140,138,128],"_links":{"self":[{"href":"https:\/\/otherplace.op-models.com\/es\/wp-json\/wp\/v2\/product\/11222"}],"collection":[{"href":"https:\/\/otherplace.op-models.com\/es\/wp-json\/wp\/v2\/product"}],"about":[{"href":"https:\/\/otherplace.op-models.com\/es\/wp-json\/wp\/v2\/types\/product"}],"version-history":[{"count":1,"href":"https:\/\/otherplace.op-models.com\/es\/wp-json\/wp\/v2\/product\/11222\/revisions"}],"predecessor-version":[{"id":11223,"href":"https:\/\/otherplace.op-models.com\/es\/wp-json\/wp\/v2\/product\/11222\/revisions\/11223"}],"wp:featuredmedia":[{"embeddable":true,"href":"https:\/\/otherplace.op-models.com\/es\/wp-json\/wp\/v2\/media\/11231"}],"wp:attachment":[{"href":"https:\/\/otherplace.op-models.com\/es\/wp-json\/wp\/v2\/media?parent=11222"}],"wp:term":[{"taxonomy":"product_cat","embeddable":true,"href":"https:\/\/otherplace.op-models.com\/es\/wp-json\/wp\/v2\/product_cat?post=11222"},{"taxonomy":"product_tag","embeddable":true,"href":"https:\/\/otherplace.op-models.com\/es\/wp-json\/wp\/v2\/product_tag?post=11222"}],"curies":[{"name":"wp","href":"https:\/\/api.w.org\/{rel}","templated":true}]}}