{"id":11235,"date":"2024-08-29T10:12:21","date_gmt":"2024-08-29T10:12:21","guid":{"rendered":"https:\/\/otherplace.op-models.com\/?post_type=product&#038;p=11235"},"modified":"2025-08-25T10:22:54","modified_gmt":"2025-08-25T10:22:54","slug":"harbinger-of-father-chaos-burning-wheel","status":"publish","type":"product","link":"https:\/\/otherplace.op-models.com\/es\/producto\/harbinger-of-father-chaos-burning-wheel\/","title":{"rendered":"Heraldo del Padre Caos (Disco Ardiente)"},"content":{"rendered":"<p>A algunos Heraldos se les otorga el honor de montar un Disco Ardiente. Estas fant\u00e1sticas criaturas solo pueden ser domadas por los demonios de mayor voluntad. Normalmente son quim\u00e9ricas en forma, combinando partes de las criaturas mortales m\u00e1s impresionantes, pero raramente de la misma manera que las quimeras mundanas. Estos monstruos a menudo han atormentado los sue\u00f1os y visiones de adivinos y profetas, particularmente en per\u00edodos que preceden a incursiones demon\u00edacas importantes.<\/p>","protected":false},"excerpt":{"rendered":"<p>Heraldo del Padre Caos en Disco Ardiente (1 modelo multicomponente)<\/p>","protected":false},"featured_media":11244,"template":"","meta":[],"product_cat":[30,164,171],"product_tag":[169,121,109,129,141,147,138,144],"_links":{"self":[{"href":"https:\/\/otherplace.op-models.com\/es\/wp-json\/wp\/v2\/product\/11235"}],"collection":[{"href":"https:\/\/otherplace.op-models.com\/es\/wp-json\/wp\/v2\/product"}],"about":[{"href":"https:\/\/otherplace.op-models.com\/es\/wp-json\/wp\/v2\/types\/product"}],"version-history":[{"count":2,"href":"https:\/\/otherplace.op-models.com\/es\/wp-json\/wp\/v2\/product\/11235\/revisions"}],"predecessor-version":[{"id":11242,"href":"https:\/\/otherplace.op-models.com\/es\/wp-json\/wp\/v2\/product\/11235\/revisions\/11242"}],"wp:featuredmedia":[{"embeddable":true,"href":"https:\/\/otherplace.op-models.com\/es\/wp-json\/wp\/v2\/media\/11244"}],"wp:attachment":[{"href":"https:\/\/otherplace.op-models.com\/es\/wp-json\/wp\/v2\/media?parent=11235"}],"wp:term":[{"taxonomy":"product_cat","embeddable":true,"href":"https:\/\/otherplace.op-models.com\/es\/wp-json\/wp\/v2\/product_cat?post=11235"},{"taxonomy":"product_tag","embeddable":true,"href":"https:\/\/otherplace.op-models.com\/es\/wp-json\/wp\/v2\/product_tag?post=11235"}],"curies":[{"name":"wp","href":"https:\/\/api.w.org\/{rel}","templated":true}]}}