{"id":3124,"date":"2022-09-08T15:00:15","date_gmt":"2022-09-08T15:00:15","guid":{"rendered":"https:\/\/otherplace.op-models.com\/?post_type=product&#038;p=3124"},"modified":"2025-08-25T11:41:40","modified_gmt":"2025-08-25T11:41:40","slug":"sucubi","status":"publish","type":"product","link":"https:\/\/otherplace.op-models.com\/es\/producto\/sucubi\/","title":{"rendered":"S\u00facubos"},"content":{"rendered":"<p><em>Los S\u00facubos forman las tropas de infanter\u00eda ligera de las Legiones Demon\u00edacas. \u00c1giles, r\u00e1pidos y letales, son capaces de destruir al enemigo, mientras \u00e9ste queda cautivado con sus elegantes movimientos.<\/em><\/p>\n<p>&nbsp;<\/p>","protected":false},"excerpt":{"rendered":"<p>S\u00facubos(8 Modelos)<\/p>","protected":false},"featured_media":10411,"template":"","meta":[],"product_cat":[28],"product_tag":[109,147,134,146,136,135,149,127],"_links":{"self":[{"href":"https:\/\/otherplace.op-models.com\/es\/wp-json\/wp\/v2\/product\/3124"}],"collection":[{"href":"https:\/\/otherplace.op-models.com\/es\/wp-json\/wp\/v2\/product"}],"about":[{"href":"https:\/\/otherplace.op-models.com\/es\/wp-json\/wp\/v2\/types\/product"}],"version-history":[{"count":2,"href":"https:\/\/otherplace.op-models.com\/es\/wp-json\/wp\/v2\/product\/3124\/revisions"}],"predecessor-version":[{"id":10903,"href":"https:\/\/otherplace.op-models.com\/es\/wp-json\/wp\/v2\/product\/3124\/revisions\/10903"}],"wp:featuredmedia":[{"embeddable":true,"href":"https:\/\/otherplace.op-models.com\/es\/wp-json\/wp\/v2\/media\/10411"}],"wp:attachment":[{"href":"https:\/\/otherplace.op-models.com\/es\/wp-json\/wp\/v2\/media?parent=3124"}],"wp:term":[{"taxonomy":"product_cat","embeddable":true,"href":"https:\/\/otherplace.op-models.com\/es\/wp-json\/wp\/v2\/product_cat?post=3124"},{"taxonomy":"product_tag","embeddable":true,"href":"https:\/\/otherplace.op-models.com\/es\/wp-json\/wp\/v2\/product_tag?post=3124"}],"curies":[{"name":"wp","href":"https:\/\/api.w.org\/{rel}","templated":true}]}}