{"id":3129,"date":"2022-09-08T16:37:05","date_gmt":"2022-09-08T16:37:05","guid":{"rendered":"https:\/\/otherplace.op-models.com\/?post_type=product&#038;p=3129"},"modified":"2025-08-25T11:40:41","modified_gmt":"2025-08-25T11:40:41","slug":"blazing-glories","status":"publish","type":"product","link":"https:\/\/otherplace.op-models.com\/es\/producto\/blazing-glories\/","title":{"rendered":"Glorias Ardientes"},"content":{"rendered":"<p><em>Imponentes y grandiosas, las Glorias Ardientes son la mayor manifestaci\u00f3n del pecado del Orgullo. Uno solo de estos monstruos es un desaf\u00edo para cualquier h\u00e9roe mortal por muy duro que sea.<\/em><\/p>","protected":false},"excerpt":{"rendered":"<p>Blazing Glories (2 Models with optional wings)<\/p>","protected":false},"featured_media":2739,"template":"","meta":[],"product_cat":[29],"product_tag":[141,123,140,142,113,148,128],"_links":{"self":[{"href":"https:\/\/otherplace.op-models.com\/es\/wp-json\/wp\/v2\/product\/3129"}],"collection":[{"href":"https:\/\/otherplace.op-models.com\/es\/wp-json\/wp\/v2\/product"}],"about":[{"href":"https:\/\/otherplace.op-models.com\/es\/wp-json\/wp\/v2\/types\/product"}],"version-history":[{"count":2,"href":"https:\/\/otherplace.op-models.com\/es\/wp-json\/wp\/v2\/product\/3129\/revisions"}],"predecessor-version":[{"id":10901,"href":"https:\/\/otherplace.op-models.com\/es\/wp-json\/wp\/v2\/product\/3129\/revisions\/10901"}],"wp:featuredmedia":[{"embeddable":true,"href":"https:\/\/otherplace.op-models.com\/es\/wp-json\/wp\/v2\/media\/2739"}],"wp:attachment":[{"href":"https:\/\/otherplace.op-models.com\/es\/wp-json\/wp\/v2\/media?parent=3129"}],"wp:term":[{"taxonomy":"product_cat","embeddable":true,"href":"https:\/\/otherplace.op-models.com\/es\/wp-json\/wp\/v2\/product_cat?post=3129"},{"taxonomy":"product_tag","embeddable":true,"href":"https:\/\/otherplace.op-models.com\/es\/wp-json\/wp\/v2\/product_tag?post=3129"}],"curies":[{"name":"wp","href":"https:\/\/api.w.org\/{rel}","templated":true}]}}