{"id":3130,"date":"2022-09-08T16:41:48","date_gmt":"2022-09-08T16:41:48","guid":{"rendered":"https:\/\/otherplace.op-models.com\/?post_type=product&#038;p=3130"},"modified":"2025-08-25T11:40:20","modified_gmt":"2025-08-25T11:40:20","slug":"threshing-engine","status":"publish","type":"product","link":"https:\/\/otherplace.op-models.com\/es\/producto\/threshing-engine\/","title":{"rendered":"M\u00e1quina Trilladora"},"content":{"rendered":"<p><em>Estos mort\u00edferos carros ligeros derriban los cuerpos de sus enemigos como si fueran trigo maduro. La m\u00e1quina trilladora es el m\u00e1s peque\u00f1o de estos carros, pero no debe ser subestimado.<\/em><\/p>","protected":false},"excerpt":{"rendered":"<p>Threshing Engine (1 multipart model)<\/p>","protected":false},"featured_media":2715,"template":"","meta":[],"product_cat":[29],"product_tag":[145,116,109,141,147,128,134,146,136,135],"_links":{"self":[{"href":"https:\/\/otherplace.op-models.com\/es\/wp-json\/wp\/v2\/product\/3130"}],"collection":[{"href":"https:\/\/otherplace.op-models.com\/es\/wp-json\/wp\/v2\/product"}],"about":[{"href":"https:\/\/otherplace.op-models.com\/es\/wp-json\/wp\/v2\/types\/product"}],"version-history":[{"count":2,"href":"https:\/\/otherplace.op-models.com\/es\/wp-json\/wp\/v2\/product\/3130\/revisions"}],"predecessor-version":[{"id":10900,"href":"https:\/\/otherplace.op-models.com\/es\/wp-json\/wp\/v2\/product\/3130\/revisions\/10900"}],"wp:featuredmedia":[{"embeddable":true,"href":"https:\/\/otherplace.op-models.com\/es\/wp-json\/wp\/v2\/media\/2715"}],"wp:attachment":[{"href":"https:\/\/otherplace.op-models.com\/es\/wp-json\/wp\/v2\/media?parent=3130"}],"wp:term":[{"taxonomy":"product_cat","embeddable":true,"href":"https:\/\/otherplace.op-models.com\/es\/wp-json\/wp\/v2\/product_cat?post=3130"},{"taxonomy":"product_tag","embeddable":true,"href":"https:\/\/otherplace.op-models.com\/es\/wp-json\/wp\/v2\/product_tag?post=3130"}],"curies":[{"name":"wp","href":"https:\/\/api.w.org\/{rel}","templated":true}]}}