{"id":3131,"date":"2022-09-08T16:45:02","date_gmt":"2022-09-08T16:45:02","guid":{"rendered":"https:\/\/otherplace.op-models.com\/?post_type=product&#038;p=3131"},"modified":"2025-08-25T11:39:50","modified_gmt":"2025-08-25T11:39:50","slug":"horde-thresher","status":"publish","type":"product","link":"https:\/\/otherplace.op-models.com\/es\/producto\/horde-thresher\/","title":{"rendered":"Trillador de la Horda"},"content":{"rendered":"<p><em>Cuantas m\u00e1s vidas derriba una m\u00e1quina trilladora, m\u00e1s poder demon\u00edaco acumula. Esto se manifiesta en el mundo mortal como un carro m\u00e1s grande y complejo, conocido como Trilladora de la Horda.<\/em><\/p>","protected":false},"excerpt":{"rendered":"<p>Trillador de la Horda(1 Modelo Multicomponente)<\/p>","protected":false},"featured_media":11214,"template":"","meta":[],"product_cat":[29],"product_tag":[145,116,109,141,147,128,134,146,136,135],"_links":{"self":[{"href":"https:\/\/otherplace.op-models.com\/es\/wp-json\/wp\/v2\/product\/3131"}],"collection":[{"href":"https:\/\/otherplace.op-models.com\/es\/wp-json\/wp\/v2\/product"}],"about":[{"href":"https:\/\/otherplace.op-models.com\/es\/wp-json\/wp\/v2\/types\/product"}],"version-history":[{"count":2,"href":"https:\/\/otherplace.op-models.com\/es\/wp-json\/wp\/v2\/product\/3131\/revisions"}],"predecessor-version":[{"id":10899,"href":"https:\/\/otherplace.op-models.com\/es\/wp-json\/wp\/v2\/product\/3131\/revisions\/10899"}],"wp:featuredmedia":[{"embeddable":true,"href":"https:\/\/otherplace.op-models.com\/es\/wp-json\/wp\/v2\/media\/11214"}],"wp:attachment":[{"href":"https:\/\/otherplace.op-models.com\/es\/wp-json\/wp\/v2\/media?parent=3131"}],"wp:term":[{"taxonomy":"product_cat","embeddable":true,"href":"https:\/\/otherplace.op-models.com\/es\/wp-json\/wp\/v2\/product_cat?post=3131"},{"taxonomy":"product_tag","embeddable":true,"href":"https:\/\/otherplace.op-models.com\/es\/wp-json\/wp\/v2\/product_tag?post=3131"}],"curies":[{"name":"wp","href":"https:\/\/api.w.org\/{rel}","templated":true}]}}