{"id":3133,"date":"2022-09-08T16:48:12","date_gmt":"2022-09-08T16:48:12","guid":{"rendered":"https:\/\/otherplace.op-models.com\/?post_type=product&#038;p=3133"},"modified":"2025-08-25T11:39:20","modified_gmt":"2025-08-25T11:39:20","slug":"legion-thresher","status":"publish","type":"product","link":"https:\/\/otherplace.op-models.com\/es\/producto\/legion-thresher\/","title":{"rendered":"Trillador de la Legi\u00f3n"},"content":{"rendered":"<p><em>Las m\u00e1quinas trilladoras m\u00e1s poderosas del otro mundo son las trilladoras de la Legi\u00f3n. Su enorme tama\u00f1o parece incompatible con la velocidad y agilidad con la que puede cargar contra sus aturdidos enemigos.<\/em><\/p>","protected":false},"excerpt":{"rendered":"<p>Legion Thresher(1 Multipart model)<\/p>","protected":false},"featured_media":3467,"template":"","meta":[],"product_cat":[29],"product_tag":[145,116,109,141,147,128,134,146,136,135],"_links":{"self":[{"href":"https:\/\/otherplace.op-models.com\/es\/wp-json\/wp\/v2\/product\/3133"}],"collection":[{"href":"https:\/\/otherplace.op-models.com\/es\/wp-json\/wp\/v2\/product"}],"about":[{"href":"https:\/\/otherplace.op-models.com\/es\/wp-json\/wp\/v2\/types\/product"}],"version-history":[{"count":2,"href":"https:\/\/otherplace.op-models.com\/es\/wp-json\/wp\/v2\/product\/3133\/revisions"}],"predecessor-version":[{"id":10898,"href":"https:\/\/otherplace.op-models.com\/es\/wp-json\/wp\/v2\/product\/3133\/revisions\/10898"}],"wp:featuredmedia":[{"embeddable":true,"href":"https:\/\/otherplace.op-models.com\/es\/wp-json\/wp\/v2\/media\/3467"}],"wp:attachment":[{"href":"https:\/\/otherplace.op-models.com\/es\/wp-json\/wp\/v2\/media?parent=3133"}],"wp:term":[{"taxonomy":"product_cat","embeddable":true,"href":"https:\/\/otherplace.op-models.com\/es\/wp-json\/wp\/v2\/product_cat?post=3133"},{"taxonomy":"product_tag","embeddable":true,"href":"https:\/\/otherplace.op-models.com\/es\/wp-json\/wp\/v2\/product_tag?post=3133"}],"curies":[{"name":"wp","href":"https:\/\/api.w.org\/{rel}","templated":true}]}}