{"id":3135,"date":"2022-09-08T16:50:13","date_gmt":"2022-09-08T16:50:13","guid":{"rendered":"https:\/\/otherplace.op-models.com\/?post_type=product&#038;p=3135"},"modified":"2025-08-25T11:38:59","modified_gmt":"2025-08-25T11:38:59","slug":"flying-threshing-engine","status":"publish","type":"product","link":"https:\/\/otherplace.op-models.com\/es\/producto\/flying-threshing-engine\/","title":{"rendered":"M\u00e1quina Trilladora Voladora"},"content":{"rendered":"<p>Cuando el Padre Caos est\u00e1 de especialmente buen humor, a veces decide regalar el vuelo a uno de sus s\u00fabditos m\u00e1s afortunados. As\u00ed surgen creaciones como las M\u00e1quinas Trilladoras Voladoras: majestuosas y bell\u00edsimas, pero igualmente letales.<\/p>","protected":false},"excerpt":{"rendered":"<p>M\u00e1quina Trilladora Voladora (1 Modelo Multicomponente)<\/p>","protected":false},"featured_media":11173,"template":"","meta":[],"product_cat":[29,171],"product_tag":[145,116,109,129,141,128,134,146,136,135,144],"_links":{"self":[{"href":"https:\/\/otherplace.op-models.com\/es\/wp-json\/wp\/v2\/product\/3135"}],"collection":[{"href":"https:\/\/otherplace.op-models.com\/es\/wp-json\/wp\/v2\/product"}],"about":[{"href":"https:\/\/otherplace.op-models.com\/es\/wp-json\/wp\/v2\/types\/product"}],"version-history":[{"count":2,"href":"https:\/\/otherplace.op-models.com\/es\/wp-json\/wp\/v2\/product\/3135\/revisions"}],"predecessor-version":[{"id":10897,"href":"https:\/\/otherplace.op-models.com\/es\/wp-json\/wp\/v2\/product\/3135\/revisions\/10897"}],"wp:featuredmedia":[{"embeddable":true,"href":"https:\/\/otherplace.op-models.com\/es\/wp-json\/wp\/v2\/media\/11173"}],"wp:attachment":[{"href":"https:\/\/otherplace.op-models.com\/es\/wp-json\/wp\/v2\/media?parent=3135"}],"wp:term":[{"taxonomy":"product_cat","embeddable":true,"href":"https:\/\/otherplace.op-models.com\/es\/wp-json\/wp\/v2\/product_cat?post=3135"},{"taxonomy":"product_tag","embeddable":true,"href":"https:\/\/otherplace.op-models.com\/es\/wp-json\/wp\/v2\/product_tag?post=3135"}],"curies":[{"name":"wp","href":"https:\/\/api.w.org\/{rel}","templated":true}]}}