{"id":3136,"date":"2022-09-08T16:51:50","date_gmt":"2022-09-08T16:51:50","guid":{"rendered":"https:\/\/otherplace.op-models.com\/?post_type=product&#038;p=3136"},"modified":"2025-08-25T11:38:30","modified_gmt":"2025-08-25T11:38:30","slug":"omen-of-savar","status":"publish","type":"product","link":"https:\/\/otherplace.op-models.com\/es\/producto\/omen-of-savar\/","title":{"rendered":"Presagio de Savar"},"content":{"rendered":"<p><em>Savar, Se\u00f1or del Orgullo, s\u00f3lo acepta criar a los demonios m\u00e1s h\u00e1biles y poderosos en las artes del combate y la magia. Sus lugartenientes son los Presagios, puras manifestaciones de orgullo, cuyos desaf\u00edos los mortales no pueden rechazar.<\/em><\/p>","protected":false},"excerpt":{"rendered":"<p>Presagio de Savar(1 Modelo)<\/p>","protected":false},"featured_media":10627,"template":"","meta":[],"product_cat":[30],"product_tag":[121,139,122,141,142,138,113,128],"_links":{"self":[{"href":"https:\/\/otherplace.op-models.com\/es\/wp-json\/wp\/v2\/product\/3136"}],"collection":[{"href":"https:\/\/otherplace.op-models.com\/es\/wp-json\/wp\/v2\/product"}],"about":[{"href":"https:\/\/otherplace.op-models.com\/es\/wp-json\/wp\/v2\/types\/product"}],"version-history":[{"count":2,"href":"https:\/\/otherplace.op-models.com\/es\/wp-json\/wp\/v2\/product\/3136\/revisions"}],"predecessor-version":[{"id":10896,"href":"https:\/\/otherplace.op-models.com\/es\/wp-json\/wp\/v2\/product\/3136\/revisions\/10896"}],"wp:featuredmedia":[{"embeddable":true,"href":"https:\/\/otherplace.op-models.com\/es\/wp-json\/wp\/v2\/media\/10627"}],"wp:attachment":[{"href":"https:\/\/otherplace.op-models.com\/es\/wp-json\/wp\/v2\/media?parent=3136"}],"wp:term":[{"taxonomy":"product_cat","embeddable":true,"href":"https:\/\/otherplace.op-models.com\/es\/wp-json\/wp\/v2\/product_cat?post=3136"},{"taxonomy":"product_tag","embeddable":true,"href":"https:\/\/otherplace.op-models.com\/es\/wp-json\/wp\/v2\/product_tag?post=3136"}],"curies":[{"name":"wp","href":"https:\/\/api.w.org\/{rel}","templated":true}]}}