{"id":3137,"date":"2022-09-08T16:57:01","date_gmt":"2022-09-08T16:57:01","guid":{"rendered":"https:\/\/otherplace.op-models.com\/?post_type=product&#038;p=3137"},"modified":"2025-08-25T11:38:05","modified_gmt":"2025-08-25T11:38:05","slug":"throne-of-overwhelming-splendour","status":"publish","type":"product","link":"https:\/\/otherplace.op-models.com\/es\/producto\/throne-of-overwhelming-splendour\/","title":{"rendered":"Trono del Esplendor Supremo"},"content":{"rendered":"<p><em>Aquellos Omen que derrotan a m\u00e1s de mil h\u00e9roes mortales en combate singular reciben el mayor regalo de su Se\u00f1or Savar: el Trono del Esplendor Supremo, una enorme estructura voladora, soportada por las almas torturadas de aquellos a los que Omen humill\u00f3. Desde su trono, adornado con las espadas de sus oponentes derrotados, el Omen mira a trav\u00e9s del campo de batalla, buscando un nuevo oponente digno de ser desafiado.<\/em><\/p>","protected":false},"excerpt":{"rendered":"<p>Trono del Esplendor Supremo (1 Modelo Multicomponente)<\/p>","protected":false},"featured_media":10640,"template":"","meta":[],"product_cat":[30],"product_tag":[145,121,116,129,139,122,141,143,125,142,138,113,128,144],"_links":{"self":[{"href":"https:\/\/otherplace.op-models.com\/es\/wp-json\/wp\/v2\/product\/3137"}],"collection":[{"href":"https:\/\/otherplace.op-models.com\/es\/wp-json\/wp\/v2\/product"}],"about":[{"href":"https:\/\/otherplace.op-models.com\/es\/wp-json\/wp\/v2\/types\/product"}],"version-history":[{"count":1,"href":"https:\/\/otherplace.op-models.com\/es\/wp-json\/wp\/v2\/product\/3137\/revisions"}],"predecessor-version":[{"id":10895,"href":"https:\/\/otherplace.op-models.com\/es\/wp-json\/wp\/v2\/product\/3137\/revisions\/10895"}],"wp:featuredmedia":[{"embeddable":true,"href":"https:\/\/otherplace.op-models.com\/es\/wp-json\/wp\/v2\/media\/10640"}],"wp:attachment":[{"href":"https:\/\/otherplace.op-models.com\/es\/wp-json\/wp\/v2\/media?parent=3137"}],"wp:term":[{"taxonomy":"product_cat","embeddable":true,"href":"https:\/\/otherplace.op-models.com\/es\/wp-json\/wp\/v2\/product_cat?post=3137"},{"taxonomy":"product_tag","embeddable":true,"href":"https:\/\/otherplace.op-models.com\/es\/wp-json\/wp\/v2\/product_tag?post=3137"}],"curies":[{"name":"wp","href":"https:\/\/api.w.org\/{rel}","templated":true}]}}