{"id":3138,"date":"2022-09-08T16:59:27","date_gmt":"2022-09-08T16:59:27","guid":{"rendered":"https:\/\/otherplace.op-models.com\/?post_type=product&#038;p=3138"},"modified":"2025-08-25T11:37:31","modified_gmt":"2025-08-25T11:37:31","slug":"courtesan-of-cibaresh","status":"publish","type":"product","link":"https:\/\/otherplace.op-models.com\/es\/producto\/courtesan-of-cibaresh\/","title":{"rendered":"Cortesana de Cibaresh"},"content":{"rendered":"<p><em>Cibaresh, dama de la Lujuria, s\u00f3lo sue\u00f1a con criaturas sutiles y seductoras, capaces de cautivar a cualquier mortal que tenga la audacia de mirarlas. Incluso los guerreros m\u00e1s curtidos en la batalla caen de rodillas ante la Cortesana de Cibaresh, dej\u00e1ndose desgarrar por sus garras, sin resistencia, s\u00f3lo por la promesa de placer.<\/em><\/p>","protected":false},"excerpt":{"rendered":"<p>Cortesana de Cibaresh(1 Modelo Multicomponente)<\/p>","protected":false},"featured_media":11158,"template":"","meta":[],"product_cat":[30],"product_tag":[121,139,122,137,112,141,123,140,138,128],"_links":{"self":[{"href":"https:\/\/otherplace.op-models.com\/es\/wp-json\/wp\/v2\/product\/3138"}],"collection":[{"href":"https:\/\/otherplace.op-models.com\/es\/wp-json\/wp\/v2\/product"}],"about":[{"href":"https:\/\/otherplace.op-models.com\/es\/wp-json\/wp\/v2\/types\/product"}],"version-history":[{"count":1,"href":"https:\/\/otherplace.op-models.com\/es\/wp-json\/wp\/v2\/product\/3138\/revisions"}],"predecessor-version":[{"id":10875,"href":"https:\/\/otherplace.op-models.com\/es\/wp-json\/wp\/v2\/product\/3138\/revisions\/10875"}],"wp:featuredmedia":[{"embeddable":true,"href":"https:\/\/otherplace.op-models.com\/es\/wp-json\/wp\/v2\/media\/11158"}],"wp:attachment":[{"href":"https:\/\/otherplace.op-models.com\/es\/wp-json\/wp\/v2\/media?parent=3138"}],"wp:term":[{"taxonomy":"product_cat","embeddable":true,"href":"https:\/\/otherplace.op-models.com\/es\/wp-json\/wp\/v2\/product_cat?post=3138"},{"taxonomy":"product_tag","embeddable":true,"href":"https:\/\/otherplace.op-models.com\/es\/wp-json\/wp\/v2\/product_tag?post=3138"}],"curies":[{"name":"wp","href":"https:\/\/api.w.org\/{rel}","templated":true}]}}