{"id":3139,"date":"2022-09-08T17:02:28","date_gmt":"2022-09-08T17:02:28","guid":{"rendered":"https:\/\/otherplace.op-models.com\/?post_type=product&#038;p=3139"},"modified":"2025-08-25T11:37:12","modified_gmt":"2025-08-25T11:37:12","slug":"myrmidon-bust","status":"publish","type":"product","link":"https:\/\/otherplace.op-models.com\/es\/producto\/myrmidon-bust\/","title":{"rendered":"Busto de Mirmid\u00f3n"},"content":{"rendered":"<p>Este espl\u00e9ndido busto es un producto muy detallado, dirigido especialmente a pintores que buscan desaf\u00edos para poner a prueba su habilidad.<\/p>","protected":false},"excerpt":{"rendered":"<p>Myrmidon bust (2 Models).<\/p>","protected":false},"featured_media":2770,"template":"","meta":[],"product_cat":[31],"product_tag":[120,132,117,133],"_links":{"self":[{"href":"https:\/\/otherplace.op-models.com\/es\/wp-json\/wp\/v2\/product\/3139"}],"collection":[{"href":"https:\/\/otherplace.op-models.com\/es\/wp-json\/wp\/v2\/product"}],"about":[{"href":"https:\/\/otherplace.op-models.com\/es\/wp-json\/wp\/v2\/types\/product"}],"version-history":[{"count":2,"href":"https:\/\/otherplace.op-models.com\/es\/wp-json\/wp\/v2\/product\/3139\/revisions"}],"predecessor-version":[{"id":10873,"href":"https:\/\/otherplace.op-models.com\/es\/wp-json\/wp\/v2\/product\/3139\/revisions\/10873"}],"wp:featuredmedia":[{"embeddable":true,"href":"https:\/\/otherplace.op-models.com\/es\/wp-json\/wp\/v2\/media\/2770"}],"wp:attachment":[{"href":"https:\/\/otherplace.op-models.com\/es\/wp-json\/wp\/v2\/media?parent=3139"}],"wp:term":[{"taxonomy":"product_cat","embeddable":true,"href":"https:\/\/otherplace.op-models.com\/es\/wp-json\/wp\/v2\/product_cat?post=3139"},{"taxonomy":"product_tag","embeddable":true,"href":"https:\/\/otherplace.op-models.com\/es\/wp-json\/wp\/v2\/product_tag?post=3139"}],"curies":[{"name":"wp","href":"https:\/\/api.w.org\/{rel}","templated":true}]}}