{"id":3140,"date":"2022-09-08T17:07:02","date_gmt":"2022-09-08T17:07:02","guid":{"rendered":"https:\/\/otherplace.op-models.com\/?post_type=product&#038;p=3140"},"modified":"2025-08-25T11:36:50","modified_gmt":"2025-08-25T11:36:50","slug":"succubous-bust","status":"publish","type":"product","link":"https:\/\/otherplace.op-models.com\/es\/producto\/succubous-bust\/","title":{"rendered":"Busto de S\u00facubo"},"content":{"rendered":"<p>Este espl\u00e9ndido busto es un producto muy detallado, dirigido especialmente a pintores que buscan desaf\u00edos para poner a prueba su habilidad.<\/p>","protected":false},"excerpt":{"rendered":"<p>Busto de S\u00facubo (2 modelos)<\/p>","protected":false},"featured_media":2778,"template":"","meta":[],"product_cat":[31],"product_tag":[120,137,112,134,118,136,135],"_links":{"self":[{"href":"https:\/\/otherplace.op-models.com\/es\/wp-json\/wp\/v2\/product\/3140"}],"collection":[{"href":"https:\/\/otherplace.op-models.com\/es\/wp-json\/wp\/v2\/product"}],"about":[{"href":"https:\/\/otherplace.op-models.com\/es\/wp-json\/wp\/v2\/types\/product"}],"version-history":[{"count":3,"href":"https:\/\/otherplace.op-models.com\/es\/wp-json\/wp\/v2\/product\/3140\/revisions"}],"predecessor-version":[{"id":10894,"href":"https:\/\/otherplace.op-models.com\/es\/wp-json\/wp\/v2\/product\/3140\/revisions\/10894"}],"wp:featuredmedia":[{"embeddable":true,"href":"https:\/\/otherplace.op-models.com\/es\/wp-json\/wp\/v2\/media\/2778"}],"wp:attachment":[{"href":"https:\/\/otherplace.op-models.com\/es\/wp-json\/wp\/v2\/media?parent=3140"}],"wp:term":[{"taxonomy":"product_cat","embeddable":true,"href":"https:\/\/otherplace.op-models.com\/es\/wp-json\/wp\/v2\/product_cat?post=3140"},{"taxonomy":"product_tag","embeddable":true,"href":"https:\/\/otherplace.op-models.com\/es\/wp-json\/wp\/v2\/product_tag?post=3140"}],"curies":[{"name":"wp","href":"https:\/\/api.w.org\/{rel}","templated":true}]}}