{"id":3141,"date":"2022-09-08T17:09:51","date_gmt":"2022-09-08T17:09:51","guid":{"rendered":"https:\/\/otherplace.op-models.com\/?post_type=product&#038;p=3141"},"modified":"2025-08-25T11:33:28","modified_gmt":"2025-08-25T11:33:28","slug":"art-book","status":"publish","type":"product","link":"https:\/\/otherplace.op-models.com\/es\/producto\/art-book\/","title":{"rendered":"Libro de arte"},"content":{"rendered":"<p><em>Presentamos con orgullo el libro de arte de las campa\u00f1as Daemonic Awakening y Daemonic Paths, cuyos resultados son algunos de  los productos que puedes comprar en la tienda de esta web. En este libro encontrar\u00e1s los conceptos iniciales, bocetos, etc, que te sumergir\u00e1n en el proceso creativo que dio lugar a estos modelos demon\u00edacos de OP Models.<\/em><\/p>","protected":false},"excerpt":{"rendered":"<p>Art book (1 pdf book)<\/p>","protected":false},"featured_media":3056,"template":"","meta":[],"product_cat":[31],"product_tag":[126,131],"_links":{"self":[{"href":"https:\/\/otherplace.op-models.com\/es\/wp-json\/wp\/v2\/product\/3141"}],"collection":[{"href":"https:\/\/otherplace.op-models.com\/es\/wp-json\/wp\/v2\/product"}],"about":[{"href":"https:\/\/otherplace.op-models.com\/es\/wp-json\/wp\/v2\/types\/product"}],"version-history":[{"count":2,"href":"https:\/\/otherplace.op-models.com\/es\/wp-json\/wp\/v2\/product\/3141\/revisions"}],"predecessor-version":[{"id":10872,"href":"https:\/\/otherplace.op-models.com\/es\/wp-json\/wp\/v2\/product\/3141\/revisions\/10872"}],"wp:featuredmedia":[{"embeddable":true,"href":"https:\/\/otherplace.op-models.com\/es\/wp-json\/wp\/v2\/media\/3056"}],"wp:attachment":[{"href":"https:\/\/otherplace.op-models.com\/es\/wp-json\/wp\/v2\/media?parent=3141"}],"wp:term":[{"taxonomy":"product_cat","embeddable":true,"href":"https:\/\/otherplace.op-models.com\/es\/wp-json\/wp\/v2\/product_cat?post=3141"},{"taxonomy":"product_tag","embeddable":true,"href":"https:\/\/otherplace.op-models.com\/es\/wp-json\/wp\/v2\/product_tag?post=3141"}],"curies":[{"name":"wp","href":"https:\/\/api.w.org\/{rel}","templated":true}]}}