{"id":540,"date":"2021-09-14T16:50:05","date_gmt":"2021-09-14T16:50:05","guid":{"rendered":"http:\/\/otherplace.op-models.com\/?post_type=product&#038;p=540"},"modified":"2025-08-25T11:47:03","modified_gmt":"2025-08-25T11:47:03","slug":"lemures","status":"publish","type":"product","link":"https:\/\/otherplace.op-models.com\/es\/producto\/lemures\/","title":{"rendered":"L\u00e9mures"},"content":{"rendered":"<p><i>Los Lemures son la tropa de resistencia perfecta: no conocen el miedo, nunca abandonan su posici\u00f3n y poseen un f\u00edsico capaz de soportar castigos m\u00e1s all\u00e1 de lo que cualquier mortal podr\u00eda soportar. Esclavizados y sometidos por sus amos demon\u00edacos, han sido despojados de cualquier capacidad para resistirse a cumplir su misi\u00f3n.<\/i><\/p>\n<p>&nbsp;<\/p>\n<p>&nbsp;<\/p>","protected":false},"excerpt":{"rendered":"<p>Lemures (12 Models).<\/p>","protected":false},"featured_media":1328,"template":"..\/public\/views\/revslider-page-template.php","meta":[],"product_cat":[28],"product_tag":[109,159,119,158,147,149,127],"_links":{"self":[{"href":"https:\/\/otherplace.op-models.com\/es\/wp-json\/wp\/v2\/product\/540"}],"collection":[{"href":"https:\/\/otherplace.op-models.com\/es\/wp-json\/wp\/v2\/product"}],"about":[{"href":"https:\/\/otherplace.op-models.com\/es\/wp-json\/wp\/v2\/types\/product"}],"version-history":[{"count":2,"href":"https:\/\/otherplace.op-models.com\/es\/wp-json\/wp\/v2\/product\/540\/revisions"}],"predecessor-version":[{"id":10913,"href":"https:\/\/otherplace.op-models.com\/es\/wp-json\/wp\/v2\/product\/540\/revisions\/10913"}],"wp:featuredmedia":[{"embeddable":true,"href":"https:\/\/otherplace.op-models.com\/es\/wp-json\/wp\/v2\/media\/1328"}],"wp:attachment":[{"href":"https:\/\/otherplace.op-models.com\/es\/wp-json\/wp\/v2\/media?parent=540"}],"wp:term":[{"taxonomy":"product_cat","embeddable":true,"href":"https:\/\/otherplace.op-models.com\/es\/wp-json\/wp\/v2\/product_cat?post=540"},{"taxonomy":"product_tag","embeddable":true,"href":"https:\/\/otherplace.op-models.com\/es\/wp-json\/wp\/v2\/product_tag?post=540"}],"curies":[{"name":"wp","href":"https:\/\/api.w.org\/{rel}","templated":true}]}}