{"id":619,"date":"2021-09-16T07:45:58","date_gmt":"2021-09-16T07:45:58","guid":{"rendered":"http:\/\/otherplace.op-models.com\/?post_type=product&#038;p=619"},"modified":"2025-08-25T11:46:24","modified_gmt":"2025-08-25T11:46:24","slug":"titanslayer","status":"publish","type":"product","link":"https:\/\/otherplace.op-models.com\/es\/producto\/titanslayer\/","title":{"rendered":"Carro Matatitanes"},"content":{"rendered":"<p><i>Los mirmidones m\u00e1s fuertes y h\u00e1biles reciben el honor de comandar un poderoso carro mata titanes. Tirado por una poderosa bestia, siempre est\u00e1n buscando a los rivales m\u00e1s poderosos a quienes derrotar: enormes monstruos caer\u00e1n derrotados, destruidos por el incre\u00edble poder destructivo de este artefacto demon\u00edaco.<\/i><\/p>","protected":false},"excerpt":{"rendered":"<p>Titanslayer Chariot (1 model with optional head and myrmidons).<\/p>\n<p>&nbsp;<\/p>","protected":false},"featured_media":620,"template":"","meta":[],"product_cat":[29],"product_tag":[145,116,109,141,160,161,117,133,147,128],"_links":{"self":[{"href":"https:\/\/otherplace.op-models.com\/es\/wp-json\/wp\/v2\/product\/619"}],"collection":[{"href":"https:\/\/otherplace.op-models.com\/es\/wp-json\/wp\/v2\/product"}],"about":[{"href":"https:\/\/otherplace.op-models.com\/es\/wp-json\/wp\/v2\/types\/product"}],"version-history":[{"count":1,"href":"https:\/\/otherplace.op-models.com\/es\/wp-json\/wp\/v2\/product\/619\/revisions"}],"predecessor-version":[{"id":10912,"href":"https:\/\/otherplace.op-models.com\/es\/wp-json\/wp\/v2\/product\/619\/revisions\/10912"}],"wp:featuredmedia":[{"embeddable":true,"href":"https:\/\/otherplace.op-models.com\/es\/wp-json\/wp\/v2\/media\/620"}],"wp:attachment":[{"href":"https:\/\/otherplace.op-models.com\/es\/wp-json\/wp\/v2\/media?parent=619"}],"wp:term":[{"taxonomy":"product_cat","embeddable":true,"href":"https:\/\/otherplace.op-models.com\/es\/wp-json\/wp\/v2\/product_cat?post=619"},{"taxonomy":"product_tag","embeddable":true,"href":"https:\/\/otherplace.op-models.com\/es\/wp-json\/wp\/v2\/product_tag?post=619"}],"curies":[{"name":"wp","href":"https:\/\/api.w.org\/{rel}","templated":true}]}}