{"id":716,"date":"2021-09-16T08:39:49","date_gmt":"2021-09-16T08:39:49","guid":{"rendered":"http:\/\/otherplace.op-models.com\/?post_type=product&#038;p=716"},"modified":"2025-08-25T11:45:44","modified_gmt":"2025-08-25T11:45:44","slug":"hope","status":"publish","type":"product","link":"https:\/\/otherplace.op-models.com\/es\/producto\/hope\/","title":{"rendered":"Cosechador de Esperanza"},"content":{"rendered":"<p><i>Esta grotesca criatura es la creaci\u00f3n m\u00e1s oscura de Nukuja, Diosa de la Pereza. Este demonio le arrebatar\u00e1 la esencia del alma y la esperanza a los incautos que se atrevan a interponerse en su camino, aliment\u00e1ndose de ellos para arrojar oscuros rayos de gran poder destructivo.<\/i><\/p>","protected":false},"excerpt":{"rendered":"<p>Cosechador de Esperanza (2 Modelos)<\/p>\n<p>&nbsp;<\/p>","protected":false},"featured_media":11080,"template":"","meta":[],"product_cat":[29],"product_tag":[141,123,140,156,128,114],"_links":{"self":[{"href":"https:\/\/otherplace.op-models.com\/es\/wp-json\/wp\/v2\/product\/716"}],"collection":[{"href":"https:\/\/otherplace.op-models.com\/es\/wp-json\/wp\/v2\/product"}],"about":[{"href":"https:\/\/otherplace.op-models.com\/es\/wp-json\/wp\/v2\/types\/product"}],"version-history":[{"count":2,"href":"https:\/\/otherplace.op-models.com\/es\/wp-json\/wp\/v2\/product\/716\/revisions"}],"predecessor-version":[{"id":10910,"href":"https:\/\/otherplace.op-models.com\/es\/wp-json\/wp\/v2\/product\/716\/revisions\/10910"}],"wp:featuredmedia":[{"embeddable":true,"href":"https:\/\/otherplace.op-models.com\/es\/wp-json\/wp\/v2\/media\/11080"}],"wp:attachment":[{"href":"https:\/\/otherplace.op-models.com\/es\/wp-json\/wp\/v2\/media?parent=716"}],"wp:term":[{"taxonomy":"product_cat","embeddable":true,"href":"https:\/\/otherplace.op-models.com\/es\/wp-json\/wp\/v2\/product_cat?post=716"},{"taxonomy":"product_tag","embeddable":true,"href":"https:\/\/otherplace.op-models.com\/es\/wp-json\/wp\/v2\/product_tag?post=716"}],"curies":[{"name":"wp","href":"https:\/\/api.w.org\/{rel}","templated":true}]}}