{"id":717,"date":"2021-09-16T08:42:57","date_gmt":"2021-09-16T08:42:57","guid":{"rendered":"http:\/\/otherplace.op-models.com\/?post_type=product&#038;p=717"},"modified":"2025-08-25T11:45:12","modified_gmt":"2025-08-25T11:45:12","slug":"engine","status":"publish","type":"product","link":"https:\/\/otherplace.op-models.com\/es\/producto\/engine\/","title":{"rendered":"Maquina de Condenaci\u00f3n"},"content":{"rendered":"<p><i>Los Cosechadores de Esperanza crecen a medida que devoran m\u00e1s almas mortales, algunos alcanzando dimensiones absolutamente gigantescas. Los m\u00e1s poderosos son entrenados y blindados por los maestros demon\u00edacos, dando lugar a uno de los enemigos m\u00e1s formidables que se pueden ver en un campo de batalla: la aterradora Maquina de Condenaci\u00f3n.<\/i><\/p>","protected":false},"excerpt":{"rendered":"<p>Maquina de Condenaci\u00f3n (2 Modelos Multicomponente)<\/p>\n<p>&nbsp;<\/p>","protected":false},"featured_media":699,"template":"","meta":[],"product_cat":[29],"product_tag":[141,123,140,156,128,114],"_links":{"self":[{"href":"https:\/\/otherplace.op-models.com\/es\/wp-json\/wp\/v2\/product\/717"}],"collection":[{"href":"https:\/\/otherplace.op-models.com\/es\/wp-json\/wp\/v2\/product"}],"about":[{"href":"https:\/\/otherplace.op-models.com\/es\/wp-json\/wp\/v2\/types\/product"}],"version-history":[{"count":2,"href":"https:\/\/otherplace.op-models.com\/es\/wp-json\/wp\/v2\/product\/717\/revisions"}],"predecessor-version":[{"id":10911,"href":"https:\/\/otherplace.op-models.com\/es\/wp-json\/wp\/v2\/product\/717\/revisions\/10911"}],"wp:featuredmedia":[{"embeddable":true,"href":"https:\/\/otherplace.op-models.com\/es\/wp-json\/wp\/v2\/media\/699"}],"wp:attachment":[{"href":"https:\/\/otherplace.op-models.com\/es\/wp-json\/wp\/v2\/media?parent=717"}],"wp:term":[{"taxonomy":"product_cat","embeddable":true,"href":"https:\/\/otherplace.op-models.com\/es\/wp-json\/wp\/v2\/product_cat?post=717"},{"taxonomy":"product_tag","embeddable":true,"href":"https:\/\/otherplace.op-models.com\/es\/wp-json\/wp\/v2\/product_tag?post=717"}],"curies":[{"name":"wp","href":"https:\/\/api.w.org\/{rel}","templated":true}]}}