{"id":735,"date":"2021-09-16T09:10:11","date_gmt":"2021-09-16T09:10:11","guid":{"rendered":"http:\/\/otherplace.op-models.com\/?post_type=product&#038;p=735"},"modified":"2025-08-25T11:44:55","modified_gmt":"2025-08-25T11:44:55","slug":"hoarders","status":"publish","type":"product","link":"https:\/\/otherplace.op-models.com\/es\/producto\/hoarders\/","title":{"rendered":"Acaparadores"},"content":{"rendered":"<p><i>Como hijos de Sugulag, dios de la codicia, los Acaparadores existen s\u00f3lo para tomar posesi\u00f3n de tantos objetos valiosos como sea posible: artefactos m\u00e1gicos, joyas, armas legendarias y, especialmente, cualquier cosa que el alma humana anhele. Ning\u00fan enemigo es capaz de interponerse entre una unidad de acaparadores y el objeto de su imparable codicia.<\/i><\/p>","protected":false},"excerpt":{"rendered":"<p>Hoarders unit (6 Models).<\/p>\n<p>&nbsp;<\/p>","protected":false},"featured_media":2830,"template":"","meta":[],"product_cat":[29],"product_tag":[155,111,149,127],"_links":{"self":[{"href":"https:\/\/otherplace.op-models.com\/es\/wp-json\/wp\/v2\/product\/735"}],"collection":[{"href":"https:\/\/otherplace.op-models.com\/es\/wp-json\/wp\/v2\/product"}],"about":[{"href":"https:\/\/otherplace.op-models.com\/es\/wp-json\/wp\/v2\/types\/product"}],"version-history":[{"count":2,"href":"https:\/\/otherplace.op-models.com\/es\/wp-json\/wp\/v2\/product\/735\/revisions"}],"predecessor-version":[{"id":10906,"href":"https:\/\/otherplace.op-models.com\/es\/wp-json\/wp\/v2\/product\/735\/revisions\/10906"}],"wp:featuredmedia":[{"embeddable":true,"href":"https:\/\/otherplace.op-models.com\/es\/wp-json\/wp\/v2\/media\/2830"}],"wp:attachment":[{"href":"https:\/\/otherplace.op-models.com\/es\/wp-json\/wp\/v2\/media?parent=735"}],"wp:term":[{"taxonomy":"product_cat","embeddable":true,"href":"https:\/\/otherplace.op-models.com\/es\/wp-json\/wp\/v2\/product_cat?post=735"},{"taxonomy":"product_tag","embeddable":true,"href":"https:\/\/otherplace.op-models.com\/es\/wp-json\/wp\/v2\/product_tag?post=735"}],"curies":[{"name":"wp","href":"https:\/\/api.w.org\/{rel}","templated":true}]}}