{"id":768,"date":"2021-09-16T09:20:38","date_gmt":"2021-09-16T09:20:38","guid":{"rendered":"http:\/\/otherplace.op-models.com\/?post_type=product&#038;p=768"},"modified":"2025-08-25T11:44:20","modified_gmt":"2025-08-25T11:44:20","slug":"sentinel","status":"publish","type":"product","link":"https:\/\/otherplace.op-models.com\/es\/producto\/sentinel\/","title":{"rendered":"Centinela de Nujuka"},"content":{"rendered":"<p><i>No te dejes enga\u00f1ar por su apariencia perezosa: estamos ante uno de los demonios m\u00e1s poderosos del otro mundo. Muy pocos se han enfrentado al abrumador poder m\u00e1gico del Centinela y han sobrevivido. Encaramado en su p\u00falpito oscuro, domina el campo de batalla con su magia destructiva,, con el m\u00ednimo esfuerzo, y tiene mucho tiempo para cuidar de su mascota demon\u00edaca, con cuidado paternal.<\/i><\/p>\n<div id=\"malwarebytes-root\"><\/div>","protected":false},"excerpt":{"rendered":"<p><span style=\"color: #333300;\">Centinela de Nujuka-Diosa de la Pereza. (1 modelo de multicomponente)<\/span><\/p>\n<p>&nbsp;<\/p>\n<div id=\"malwarebytes-root\"><\/div>","protected":false},"featured_media":10606,"template":"","meta":[],"product_cat":[30],"product_tag":[121,141,123,140,156,138,128,114],"_links":{"self":[{"href":"https:\/\/otherplace.op-models.com\/es\/wp-json\/wp\/v2\/product\/768"}],"collection":[{"href":"https:\/\/otherplace.op-models.com\/es\/wp-json\/wp\/v2\/product"}],"about":[{"href":"https:\/\/otherplace.op-models.com\/es\/wp-json\/wp\/v2\/types\/product"}],"version-history":[{"count":5,"href":"https:\/\/otherplace.op-models.com\/es\/wp-json\/wp\/v2\/product\/768\/revisions"}],"predecessor-version":[{"id":893,"href":"https:\/\/otherplace.op-models.com\/es\/wp-json\/wp\/v2\/product\/768\/revisions\/893"}],"wp:featuredmedia":[{"embeddable":true,"href":"https:\/\/otherplace.op-models.com\/es\/wp-json\/wp\/v2\/media\/10606"}],"wp:attachment":[{"href":"https:\/\/otherplace.op-models.com\/es\/wp-json\/wp\/v2\/media?parent=768"}],"wp:term":[{"taxonomy":"product_cat","embeddable":true,"href":"https:\/\/otherplace.op-models.com\/es\/wp-json\/wp\/v2\/product_cat?post=768"},{"taxonomy":"product_tag","embeddable":true,"href":"https:\/\/otherplace.op-models.com\/es\/wp-json\/wp\/v2\/product_tag?post=768"}],"curies":[{"name":"wp","href":"https:\/\/api.w.org\/{rel}","templated":true}]}}