{"id":812,"date":"2021-09-16T09:40:16","date_gmt":"2021-09-16T09:40:16","guid":{"rendered":"http:\/\/otherplace.op-models.com\/?post_type=product&#038;p=812"},"modified":"2025-08-25T11:43:38","modified_gmt":"2025-08-25T11:43:38","slug":"miser","status":"publish","type":"product","link":"https:\/\/otherplace.op-models.com\/es\/producto\/miser\/","title":{"rendered":"Avaro de Sugulag"},"content":{"rendered":"<p><i>El Gran Demonio de la Avaricia es una de las criaturas m\u00e1s aterradoras del otro mundo. Un enorme monstruo, pr\u00e1cticamente indestructible, que ha sido creado como avatar de Sugulag, con el \u00fanico objetivo de poseer todos los objetos valiosos de los seres mortales.<\/i><\/p>\n<div id=\"malwarebytes-root\"><\/div>\n<div id=\"malwarebytes-root\"><\/div>","protected":false},"excerpt":{"rendered":"<p>Avaro de Sugulag-Dios de la Avaricia<\/p>\n<p>&nbsp;<\/p>","protected":false},"featured_media":10599,"template":"","meta":[],"product_cat":[30],"product_tag":[121,155,139,122,111,141,123,140,138,128],"_links":{"self":[{"href":"https:\/\/otherplace.op-models.com\/es\/wp-json\/wp\/v2\/product\/812"}],"collection":[{"href":"https:\/\/otherplace.op-models.com\/es\/wp-json\/wp\/v2\/product"}],"about":[{"href":"https:\/\/otherplace.op-models.com\/es\/wp-json\/wp\/v2\/types\/product"}],"version-history":[{"count":2,"href":"https:\/\/otherplace.op-models.com\/es\/wp-json\/wp\/v2\/product\/812\/revisions"}],"predecessor-version":[{"id":10905,"href":"https:\/\/otherplace.op-models.com\/es\/wp-json\/wp\/v2\/product\/812\/revisions\/10905"}],"wp:featuredmedia":[{"embeddable":true,"href":"https:\/\/otherplace.op-models.com\/es\/wp-json\/wp\/v2\/media\/10599"}],"wp:attachment":[{"href":"https:\/\/otherplace.op-models.com\/es\/wp-json\/wp\/v2\/media?parent=812"}],"wp:term":[{"taxonomy":"product_cat","embeddable":true,"href":"https:\/\/otherplace.op-models.com\/es\/wp-json\/wp\/v2\/product_cat?post=812"},{"taxonomy":"product_tag","embeddable":true,"href":"https:\/\/otherplace.op-models.com\/es\/wp-json\/wp\/v2\/product_tag?post=812"}],"curies":[{"name":"wp","href":"https:\/\/api.w.org\/{rel}","templated":true}]}}