{"id":931,"date":"2022-01-30T18:34:44","date_gmt":"2022-01-30T18:34:44","guid":{"rendered":"https:\/\/otherplace.op-models.com\/?post_type=product&#038;p=931"},"modified":"2025-08-25T11:43:19","modified_gmt":"2025-08-25T11:43:19","slug":"myrmidons-units-filler","status":"publish","type":"product","link":"https:\/\/otherplace.op-models.com\/es\/producto\/myrmidons-units-filler\/","title":{"rendered":"Rellenador Mirmidones"},"content":{"rendered":"<p>Si vas a organizar una unidad de mirmidones particularmente grande, quiz\u00e1s quieras sustituir algunos por este magn\u00edfico modelo. El Myrmidon Filler te permitir\u00e1 agregar el equivalente a 6 miniaturas de tropas de una sola vez, y tambi\u00e9n es una adici\u00f3n est\u00e9tica que le dar\u00e1 a tu ej\u00e9rcito un toque extra de personalidad.<\/p>","protected":false},"excerpt":{"rendered":"<p>Rellenador de unidad de Mirmidones (2 Modelos)<\/p>","protected":false},"featured_media":936,"template":"","meta":[],"product_cat":[28],"product_tag":[109,124,160,161,117,133,147,157],"_links":{"self":[{"href":"https:\/\/otherplace.op-models.com\/es\/wp-json\/wp\/v2\/product\/931"}],"collection":[{"href":"https:\/\/otherplace.op-models.com\/es\/wp-json\/wp\/v2\/product"}],"about":[{"href":"https:\/\/otherplace.op-models.com\/es\/wp-json\/wp\/v2\/types\/product"}],"version-history":[{"count":2,"href":"https:\/\/otherplace.op-models.com\/es\/wp-json\/wp\/v2\/product\/931\/revisions"}],"predecessor-version":[{"id":10909,"href":"https:\/\/otherplace.op-models.com\/es\/wp-json\/wp\/v2\/product\/931\/revisions\/10909"}],"wp:featuredmedia":[{"embeddable":true,"href":"https:\/\/otherplace.op-models.com\/es\/wp-json\/wp\/v2\/media\/936"}],"wp:attachment":[{"href":"https:\/\/otherplace.op-models.com\/es\/wp-json\/wp\/v2\/media?parent=931"}],"wp:term":[{"taxonomy":"product_cat","embeddable":true,"href":"https:\/\/otherplace.op-models.com\/es\/wp-json\/wp\/v2\/product_cat?post=931"},{"taxonomy":"product_tag","embeddable":true,"href":"https:\/\/otherplace.op-models.com\/es\/wp-json\/wp\/v2\/product_tag?post=931"}],"curies":[{"name":"wp","href":"https:\/\/api.w.org\/{rel}","templated":true}]}}