{"id":939,"date":"2022-01-30T18:35:07","date_gmt":"2022-01-30T18:35:07","guid":{"rendered":"https:\/\/otherplace.op-models.com\/?post_type=product&#038;p=939"},"modified":"2025-08-25T11:43:06","modified_gmt":"2025-08-25T11:43:06","slug":"myrmidons-units-filler-copia","status":"publish","type":"product","link":"https:\/\/otherplace.op-models.com\/es\/producto\/myrmidons-units-filler-copia\/","title":{"rendered":"Rellenador Lemures"},"content":{"rendered":"<p><em>Si vas a organizar una unidad de L\u00e9mures particularmente grande, quiz\u00e1s quieras sustituir algunos por este magn\u00edfico modelo. El Rellenador de Lemures te permitir\u00e1 a\u00f1adir el equivalente a 6 miniaturas de tropas a la vez, y tambi\u00e9n es una adici\u00f3n est\u00e9tica que le dar\u00e1 a tu ej\u00e9rcito un toque extra de personalidad.<\/em><\/p>","protected":false},"excerpt":{"rendered":"<p>Rellenador de Unidad de Lemures (2 Modelos).<\/p>","protected":false},"featured_media":934,"template":"","meta":[],"product_cat":[28],"product_tag":[109,124,159,119,158,147,157],"_links":{"self":[{"href":"https:\/\/otherplace.op-models.com\/es\/wp-json\/wp\/v2\/product\/939"}],"collection":[{"href":"https:\/\/otherplace.op-models.com\/es\/wp-json\/wp\/v2\/product"}],"about":[{"href":"https:\/\/otherplace.op-models.com\/es\/wp-json\/wp\/v2\/types\/product"}],"version-history":[{"count":2,"href":"https:\/\/otherplace.op-models.com\/es\/wp-json\/wp\/v2\/product\/939\/revisions"}],"predecessor-version":[{"id":10908,"href":"https:\/\/otherplace.op-models.com\/es\/wp-json\/wp\/v2\/product\/939\/revisions\/10908"}],"wp:featuredmedia":[{"embeddable":true,"href":"https:\/\/otherplace.op-models.com\/es\/wp-json\/wp\/v2\/media\/934"}],"wp:attachment":[{"href":"https:\/\/otherplace.op-models.com\/es\/wp-json\/wp\/v2\/media?parent=939"}],"wp:term":[{"taxonomy":"product_cat","embeddable":true,"href":"https:\/\/otherplace.op-models.com\/es\/wp-json\/wp\/v2\/product_cat?post=939"},{"taxonomy":"product_tag","embeddable":true,"href":"https:\/\/otherplace.op-models.com\/es\/wp-json\/wp\/v2\/product_tag?post=939"}],"curies":[{"name":"wp","href":"https:\/\/api.w.org\/{rel}","templated":true}]}}